{"id":197651,"date":"2023-05-26T10:49:37","date_gmt":"2023-05-26T08:49:37","guid":{"rendered":"https:\/\/desdropi.com\/elparque\/?post_type=product&#038;p=197651"},"modified":"2024-05-17T13:01:12","modified_gmt":"2024-05-17T11:01:12","slug":"plancha-pelo-philips-bhs375","status":"publish","type":"product","link":"https:\/\/desdropi.com\/elparque\/plancha-pelo-philips-bhs375\/","title":{"rendered":"Plancha Pelo Philips Bhs375\/00 Ceramica"},"content":{"rendered":"<div class=\"descripcion-tab\">\n<h4>PLANCHA PELO PHILIPS BHS375\/00 CERAMICA<\/h4>\n<p>La <strong>plancha de pelo Philips BHS375\/00 Cer\u00e1mica<\/strong> es un producto de alta calidad para el cuidado del cabello. Su caracter\u00edstica m\u00e1s importante es el revestimiento de cer\u00e1mica, que proporciona un deslizamiento suave y uniforme a lo largo del cabello, reduciendo el riesgo de da\u00f1os.<\/p>\n<p>Con esta plancha, podr\u00e1s lograr un cabello liso y brillante en poco tiempo. Adem\u00e1s, cuenta con un tiempo de calentamiento r\u00e1pido y un dise\u00f1o ergon\u00f3mico que la hace f\u00e1cil de usar. La Philips BHS375\/00 Cer\u00e1mica es una opci\u00f3n confiable y efectiva para obtener resultados profesionales en el peinado de tu cabello.<\/p>\n<h4>Peso y dimensiones<\/h4>\n<ul>\n<li>Tama\u00f1o de la placa \u2192 28 x 100<\/li>\n<li>Ancho de placa \u2192 2,8<\/li>\n<li>Profundidad de placa \u2192 10<\/li>\n<\/ul>\n<h4>Control de energ\u00eda<\/h4>\n<ul>\n<li>Voltaje de entrada AC \u2192 110-240<\/li>\n<\/ul>\n<h4>Ergonom\u00eda<\/h4>\n<ul>\n<li>Cable giratorio \u2192 S\u00ed<\/li>\n<li>Pantalla incorporada \u2192 No<\/li>\n<li>Interruptor de encendido\/apagado integrado \u2192 S\u00ed<\/li>\n<li>Apagado autom\u00e1tico \u2192 No<\/li>\n<li>Sin cables \u2192 No<\/li>\n<li>Longitud del cable \u2192 1,8<\/li>\n<li>Indicadores LED \u2192 Interruptor<\/li>\n<li>Bloqueo del teclado \u2192 S\u00ed<\/li>\n<\/ul>\n<h4>Dise\u00f1o<\/h4>\n<ul>\n<li>Color del producto \u2192 Negro, Rosa<\/li>\n<li>Tipo de colgador \u2192 Anilla para colgar<\/li>\n<li>Material de la placa \u2192 Queratina y cer\u00e1mica<\/li>\n<\/ul>\n<h4>Desempe\u00f1o<\/h4>\n<ul>\n<li>Temperatura (m\u00e1x) \u2192 220<\/li>\n<li>Tipo \u2192 Cepillo alisador<\/li>\n<li>Tecnolog\u00eda \u2192 Caliente<\/li>\n<li>Hair curling \u2192 No<\/li>\n<li>Hair straightening \u2192 S\u00ed<\/li>\n<li>Hair texturizing \u2192 No<\/li>\n<li>Hair drying \u2192 No<\/li>\n<li>Funci\u00f3n i\u00f3nica \u2192 No<\/li>\n<li>istema de calefacci\u00f3n de cer\u00e1mica \u2192 S\u00ed<\/li>\n<li>Ajustes de termostato \u2192 No<\/li>\n<li>Ajuste de calefacci\u00f3n \u2192 2<\/li>\n<li>Tiempo de calentamiento \u2192 60<\/li>\n<li>Temperatura (min) \u2192 180<\/li>\n<\/ul>\n<\/div>\n","protected":false},"excerpt":{"rendered":"<p>PLANCHA PELO PHILIPS BHS375\/00 CERAMICA La plancha de pelo Philips BHS375\/00 Cer\u00e1mica es un producto de alta calidad para el<\/p>\n","protected":false},"featured_media":197652,"comment_status":"open","ping_status":"closed","template":"","meta":{"_joinchat":[]},"product_cat":[6512,6510,825,6097],"product_tag":[],"class_list":{"0":"post-197651","1":"product","2":"type-product","3":"status-publish","4":"has-post-thumbnail","6":"product_cat-planchas-de-pelo","7":"product_cat-vello-y-pelo","8":"product_cat-pequeno-electrodomestico","9":"product_cat-cuidado-personal","10":"pa_marca-philips","12":"first","13":"instock","14":"taxable","15":"shipping-taxable","16":"purchasable","17":"product-type-simple"},"_links":{"self":[{"href":"https:\/\/desdropi.com\/elparque\/wp-json\/wp\/v2\/product\/197651"}],"collection":[{"href":"https:\/\/desdropi.com\/elparque\/wp-json\/wp\/v2\/product"}],"about":[{"href":"https:\/\/desdropi.com\/elparque\/wp-json\/wp\/v2\/types\/product"}],"replies":[{"embeddable":true,"href":"https:\/\/desdropi.com\/elparque\/wp-json\/wp\/v2\/comments?post=197651"}],"version-history":[{"count":0,"href":"https:\/\/desdropi.com\/elparque\/wp-json\/wp\/v2\/product\/197651\/revisions"}],"wp:featuredmedia":[{"embeddable":true,"href":"https:\/\/desdropi.com\/elparque\/wp-json\/wp\/v2\/media\/197652"}],"wp:attachment":[{"href":"https:\/\/desdropi.com\/elparque\/wp-json\/wp\/v2\/media?parent=197651"}],"wp:term":[{"taxonomy":"product_cat","embeddable":true,"href":"https:\/\/desdropi.com\/elparque\/wp-json\/wp\/v2\/product_cat?post=197651"},{"taxonomy":"product_tag","embeddable":true,"href":"https:\/\/desdropi.com\/elparque\/wp-json\/wp\/v2\/product_tag?post=197651"}],"curies":[{"name":"wp","href":"https:\/\/api.w.org\/{rel}","templated":true}]}}