{"id":197658,"date":"2023-05-26T20:03:47","date_gmt":"2023-05-26T18:03:47","guid":{"rendered":"https:\/\/desdropi.com\/elparque\/?post_type=product&#038;p=197658"},"modified":"2024-05-17T13:01:13","modified_gmt":"2024-05-17T11:01:13","slug":"rizador-cecotec-bamba-750-04198","status":"publish","type":"product","link":"https:\/\/desdropi.com\/elparque\/rizador-cecotec-bamba-750-04198\/","title":{"rendered":"Rizador Cecotec Bamba 750 04198"},"content":{"rendered":"<div class=\"descripcion-tab\">\n<p><strong>Peso y dimensiones<\/strong><\/p>\n<ul>\n<li>Ancho: 55<\/li>\n<li>Profundidad: 210<\/li>\n<li>Altura: 55<\/li>\n<li>Peso: 294<\/li>\n<\/ul>\n<p><strong>Control de energ\u00eda<\/strong><\/p>\n<ul>\n<li>Fuente de energ\u00eda: Bater\u00eda<\/li>\n<li>Tipo de bater\u00eda: Integrado<\/li>\n<\/ul>\n<p><strong>Ergonom\u00eda<\/strong><\/p>\n<ul>\n<li>Pantalla incorporada: S\u00ed<\/li>\n<li>Tipo de visualizador: LCD<\/li>\n<li>Interruptor de encendido\/apagado integrado: S\u00ed<\/li>\n<li>Sin cables: S\u00ed<\/li>\n<\/ul>\n<p><strong>Dise\u00f1o<\/strong><\/p>\n<ul>\n<li>Color del producto: Gris<\/li>\n<\/ul>\n<p><strong>Desempe\u00f1o<\/strong><\/p>\n<ul>\n<li>Tipo: Rizador de pelo autom\u00e1tico<\/li>\n<li>Tecnolog\u00eda: Caliente<\/li>\n<li>Hair straightening: No<\/li>\n<li>Hair curling: S\u00ed<\/li>\n<li>Hair texturizing: S\u00ed<\/li>\n<li>Hair drying: No<\/li>\n<li>Sistema de calefacci\u00f3n de cer\u00e1mica: S\u00ed<\/li>\n<li>Ajustes de termostato: S\u00ed<\/li>\n<li>Tipo de control: Barra de desplazamiento<\/li>\n<li>Utilizar con: Cabello seco<\/li>\n<li>Temperatura (min): 160<\/li>\n<li>Temperatura (m\u00e1x): 230<\/li>\n<\/ul>\n<\/div>\n","protected":false},"excerpt":{"rendered":"<p>Peso y dimensiones Ancho: 55 Profundidad: 210 Altura: 55 Peso: 294 Control de energ\u00eda Fuente de energ\u00eda: Bater\u00eda Tipo de<\/p>\n","protected":false},"featured_media":197661,"comment_status":"open","ping_status":"closed","template":"","meta":{"_joinchat":[]},"product_cat":[6528,6510,825,6097],"product_tag":[],"class_list":{"0":"post-197658","1":"product","2":"type-product","3":"status-publish","4":"has-post-thumbnail","6":"product_cat-rizadores-y-moldeadores","7":"product_cat-vello-y-pelo","8":"product_cat-pequeno-electrodomestico","9":"product_cat-cuidado-personal","11":"first","12":"instock","13":"taxable","14":"shipping-taxable","15":"purchasable","16":"product-type-simple"},"_links":{"self":[{"href":"https:\/\/desdropi.com\/elparque\/wp-json\/wp\/v2\/product\/197658"}],"collection":[{"href":"https:\/\/desdropi.com\/elparque\/wp-json\/wp\/v2\/product"}],"about":[{"href":"https:\/\/desdropi.com\/elparque\/wp-json\/wp\/v2\/types\/product"}],"replies":[{"embeddable":true,"href":"https:\/\/desdropi.com\/elparque\/wp-json\/wp\/v2\/comments?post=197658"}],"version-history":[{"count":0,"href":"https:\/\/desdropi.com\/elparque\/wp-json\/wp\/v2\/product\/197658\/revisions"}],"wp:featuredmedia":[{"embeddable":true,"href":"https:\/\/desdropi.com\/elparque\/wp-json\/wp\/v2\/media\/197661"}],"wp:attachment":[{"href":"https:\/\/desdropi.com\/elparque\/wp-json\/wp\/v2\/media?parent=197658"}],"wp:term":[{"taxonomy":"product_cat","embeddable":true,"href":"https:\/\/desdropi.com\/elparque\/wp-json\/wp\/v2\/product_cat?post=197658"},{"taxonomy":"product_tag","embeddable":true,"href":"https:\/\/desdropi.com\/elparque\/wp-json\/wp\/v2\/product_tag?post=197658"}],"curies":[{"name":"wp","href":"https:\/\/api.w.org\/{rel}","templated":true}]}}