{"id":197773,"date":"2023-05-29T20:20:25","date_gmt":"2023-05-29T18:20:25","guid":{"rendered":"https:\/\/desdropi.com\/elparque\/?post_type=product&#038;p=197773"},"modified":"2024-05-17T13:01:13","modified_gmt":"2024-05-17T11:01:13","slug":"rizador-bellissima-gt15-200","status":"publish","type":"product","link":"https:\/\/desdropi.com\/elparque\/rizador-bellissima-gt15-200\/","title":{"rendered":"Rizador Bellissima Gt15 200"},"content":{"rendered":"<div class=\"descripcion-tab\">\n<p><strong>Peso y dimensiones<\/strong><\/p>\n<ul>\n<li>Di\u00e1metro m\u00ednimo del rizador de pelo: 1,3<\/li>\n<li>Di\u00e1metro m\u00e1ximo del rizador de pelo: 2,5<\/li>\n<\/ul>\n<p><strong>Ergonom\u00eda<\/strong><\/p>\n<ul>\n<li>Longitud del cable: 1,8<\/li>\n<li>Interruptor de encendido\/apagado integrado: S\u00ed<\/li>\n<\/ul>\n<p><strong>Dise\u00f1o<\/strong><\/p>\n<ul>\n<li>Color del producto: Violeta, Blanco<\/li>\n<\/ul>\n<p><strong>Desempe\u00f1o<\/strong><\/p>\n<ul>\n<li>Temperatura m\u00ednima: 150<\/li>\n<li>Temperatura m\u00e1xima: 210<\/li>\n<li>Sistema de calefacci\u00f3n de cer\u00e1mica: S\u00ed<\/li>\n<li>Funci\u00f3n i\u00f3nica: No<\/li>\n<li>Tecnolog\u00eda: Caliente<\/li>\n<li>Tipo: Rizador de pelo<\/li>\n<li>Hair straightening: No<\/li>\n<li>Hair curling: S\u00ed<\/li>\n<li>Hair texturizing: No<\/li>\n<li>Hair drying: No<\/li>\n<\/ul>\n<p><strong>Peso y dimensiones<\/strong><\/p>\n<ul>\n<li>Di\u00e1metro m\u00ednimo del rizador de pelo: 1,3 cm<\/li>\n<li>Di\u00e1metro m\u00e1ximo del rizador de pelo: 2,5 cm<\/li>\n<\/ul>\n<p><strong>Ergonom\u00eda<\/strong><\/p>\n<ul>\n<li>Longitud del cable: 1,8 metros<\/li>\n<li>Interruptor de encendido\/apagado integrado: S\u00ed<\/li>\n<\/ul>\n<p><strong>Dise\u00f1o<\/strong><\/p>\n<ul>\n<li>Color del producto: Violeta, Blanco<\/li>\n<\/ul>\n<p><strong>Desempe\u00f1o<\/strong><\/p>\n<ul>\n<li>Temperatura m\u00ednima: 150 grados Celsius<\/li>\n<li>Temperatura m\u00e1xima: 210 grados Celsius<\/li>\n<li>Sistema de calefacci\u00f3n de cer\u00e1mica: S\u00ed<\/li>\n<li>Funci\u00f3n i\u00f3nica: No<\/li>\n<li>Tecnolog\u00eda: Caliente<\/li>\n<li>Tipo: Rizador de pelo<\/li>\n<li>Hair straightening: No<\/li>\n<li>Hair curling: S\u00ed<\/li>\n<li>Hair texturizing: No<\/li>\n<li>Hair drying: No<\/li>\n<\/ul>\n<\/div>\n","protected":false},"excerpt":{"rendered":"<p>Peso y dimensiones Di\u00e1metro m\u00ednimo del rizador de pelo: 1,3 Di\u00e1metro m\u00e1ximo del rizador de pelo: 2,5 Ergonom\u00eda Longitud del<\/p>\n","protected":false},"featured_media":197782,"comment_status":"open","ping_status":"closed","template":"","meta":{"_joinchat":[]},"product_cat":[6510,6528,825,6097],"product_tag":[],"class_list":{"0":"post-197773","1":"product","2":"type-product","3":"status-publish","4":"has-post-thumbnail","6":"product_cat-vello-y-pelo","7":"product_cat-rizadores-y-moldeadores","8":"product_cat-pequeno-electrodomestico","9":"product_cat-cuidado-personal","11":"first","12":"instock","13":"taxable","14":"shipping-taxable","15":"purchasable","16":"product-type-simple"},"_links":{"self":[{"href":"https:\/\/desdropi.com\/elparque\/wp-json\/wp\/v2\/product\/197773"}],"collection":[{"href":"https:\/\/desdropi.com\/elparque\/wp-json\/wp\/v2\/product"}],"about":[{"href":"https:\/\/desdropi.com\/elparque\/wp-json\/wp\/v2\/types\/product"}],"replies":[{"embeddable":true,"href":"https:\/\/desdropi.com\/elparque\/wp-json\/wp\/v2\/comments?post=197773"}],"version-history":[{"count":0,"href":"https:\/\/desdropi.com\/elparque\/wp-json\/wp\/v2\/product\/197773\/revisions"}],"wp:featuredmedia":[{"embeddable":true,"href":"https:\/\/desdropi.com\/elparque\/wp-json\/wp\/v2\/media\/197782"}],"wp:attachment":[{"href":"https:\/\/desdropi.com\/elparque\/wp-json\/wp\/v2\/media?parent=197773"}],"wp:term":[{"taxonomy":"product_cat","embeddable":true,"href":"https:\/\/desdropi.com\/elparque\/wp-json\/wp\/v2\/product_cat?post=197773"},{"taxonomy":"product_tag","embeddable":true,"href":"https:\/\/desdropi.com\/elparque\/wp-json\/wp\/v2\/product_tag?post=197773"}],"curies":[{"name":"wp","href":"https:\/\/api.w.org\/{rel}","templated":true}]}}