{"id":197810,"date":"2023-05-30T00:30:03","date_gmt":"2023-05-29T22:30:03","guid":{"rendered":"https:\/\/desdropi.com\/elparque\/fiambrera-electrica-doble-conexion-red-coche-solido-kuken-34317-15l\/"},"modified":"2024-04-08T00:02:46","modified_gmt":"2024-04-07T22:02:46","slug":"fiambrera-electrica-doble-conexion-red-coche-solido-kuken-34317-15l","status":"publish","type":"product","link":"https:\/\/desdropi.com\/elparque\/fiambrera-electrica-doble-conexion-red-coche-solido-kuken-34317-15l\/","title":{"rendered":"Fiambrera Electrica Doble Conexion Red\/Coche Solido Kuken 34317 1,5L"},"content":{"rendered":"<div class=\"descripcion-tab\">\n<ul>\n<li>Fiambrera el\u00e9ctrica de doble conexi\u00f3n.<\/li>\n<li>Capacidad 1,5 litros.<\/li>\n<li>Recipiente extraible de acero inoxidable<\/li>\n<li>Recipente extraible de pl\u00e1stico.<\/li>\n<li>2 Cables de carga: oficina \/ casa (220V) y coche \/ cami\u00f3n (12V \u2013 24V)<\/li>\n<li>Bolsa de transporte.<\/li>\n<li>Incluye cubiertos de acero inoxidable<\/li>\n<li>Sistema de vac\u00edo<\/li>\n<li>Resistente a altas temperaturas.<\/li>\n<li>Tiempo de calentado de 25min. si la temperatura ambiente es de 25\u00baC<\/li>\n<li>Completamente herm\u00e9tica.<\/li>\n<\/ul>\n<\/div>\n","protected":false},"excerpt":{"rendered":"<p>Fiambrera el\u00e9ctrica de doble conexi\u00f3n. Capacidad 1,5 litros. Recipiente extraible de acero inoxidable Recipente extraible de pl\u00e1stico. 2 Cables de<\/p>\n","protected":false},"featured_media":197811,"comment_status":"open","ping_status":"closed","template":"","meta":{"_joinchat":[]},"product_cat":[7052,825,831],"product_tag":[],"class_list":{"0":"post-197810","1":"product","2":"type-product","3":"status-publish","4":"has-post-thumbnail","6":"product_cat-fiambreras","7":"product_cat-pequeno-electrodomestico","8":"product_cat-accesorios-de-cocina","9":"pa_marca-kuken-pae","11":"first","12":"instock","13":"taxable","14":"shipping-taxable","15":"purchasable","16":"product-type-simple"},"_links":{"self":[{"href":"https:\/\/desdropi.com\/elparque\/wp-json\/wp\/v2\/product\/197810"}],"collection":[{"href":"https:\/\/desdropi.com\/elparque\/wp-json\/wp\/v2\/product"}],"about":[{"href":"https:\/\/desdropi.com\/elparque\/wp-json\/wp\/v2\/types\/product"}],"replies":[{"embeddable":true,"href":"https:\/\/desdropi.com\/elparque\/wp-json\/wp\/v2\/comments?post=197810"}],"version-history":[{"count":0,"href":"https:\/\/desdropi.com\/elparque\/wp-json\/wp\/v2\/product\/197810\/revisions"}],"wp:featuredmedia":[{"embeddable":true,"href":"https:\/\/desdropi.com\/elparque\/wp-json\/wp\/v2\/media\/197811"}],"wp:attachment":[{"href":"https:\/\/desdropi.com\/elparque\/wp-json\/wp\/v2\/media?parent=197810"}],"wp:term":[{"taxonomy":"product_cat","embeddable":true,"href":"https:\/\/desdropi.com\/elparque\/wp-json\/wp\/v2\/product_cat?post=197810"},{"taxonomy":"product_tag","embeddable":true,"href":"https:\/\/desdropi.com\/elparque\/wp-json\/wp\/v2\/product_tag?post=197810"}],"curies":[{"name":"wp","href":"https:\/\/api.w.org\/{rel}","templated":true}]}}