{"id":197853,"date":"2023-05-30T10:59:32","date_gmt":"2023-05-30T08:59:32","guid":{"rendered":"https:\/\/desdropi.com\/elparque\/?post_type=product&#038;p=197853"},"modified":"2024-06-05T11:33:55","modified_gmt":"2024-06-05T09:33:55","slug":"aspirador-trineo-cecotec-rock-multicicln-800w-c-b-8590","status":"publish","type":"product","link":"https:\/\/desdropi.com\/elparque\/aspirador-trineo-cecotec-rock-multicicln-800w-c-b-8590\/","title":{"rendered":"Aspirador Trineo Cecotec Rock.Multicicln 800W C\/B 8590"},"content":{"rendered":"<div class=\"descripcion-tab\">\n<h4>ASPIRADOR TRINEO CECOTEC ROCK.MULTICICLN 800W C\/B 8590<\/h4>\n<p>El <strong>aspirador trineo Cecotec Rock.Multicicln 800W C\/B 8590<\/strong> es un potente dispositivo de limpieza dise\u00f1ado para brindar un rendimiento excepcional. Con una potencia de <strong>800W<\/strong>, este aspirador ofrece una succi\u00f3n eficiente que permite eliminar el polvo y la suciedad de manera efectiva.<\/p>\n<p>Una de las caracter\u00edsticas m\u00e1s destacadas del Cecotec Rock.Multicicln es su <strong>sistema de filtrado multicicl\u00f3nico<\/strong>, el cual separa las part\u00edculas de suciedad del aire, evitando obstrucciones y manteniendo un rendimiento \u00f3ptimo durante m\u00e1s tiempo. Esto asegura una limpieza eficaz y evita la p\u00e9rdida de succi\u00f3n.<\/p>\n<p>Con su <strong>capacidad de bolsa de gran tama\u00f1o<\/strong>, este aspirador trineo permite realizar largas sesiones de limpieza sin tener que vaciarlo constantemente. Adem\u00e1s, su <strong>dise\u00f1o compacto y manejable<\/strong> facilita su uso y almacenamiento.<\/p>\n<p>El Cecotec Rock.Multicicln 800W tambi\u00e9n cuenta con <strong>accesorios vers\u00e1tiles<\/strong> que se adaptan a diferentes superficies y necesidades de limpieza, como boquillas y cepillos especiales.<\/p>\n<h4>Control de energ\u00eda<\/h4>\n<ul>\n<li>Potencia m\u00e1x. de entrada \u2192 800<\/li>\n<li>Potencia variable \u2192 S\u00ed<\/li>\n<li>Control de potencia \u2192 Electr\u00f3nico<\/li>\n<li>Fuente de energ\u00eda \u2192 Corriente alterna<\/li>\n<\/ul>\n<h4>Contenido del embalaje<\/h4>\n<ul>\n<li>N\u00famero de cepillos \u2192 3<\/li>\n<\/ul>\n<h4>Ergonom\u00eda<\/h4>\n<ul>\n<li>Indicador de dep\u00f3sito de polvo lleno \u2192 No<\/li>\n<li>Rebobinado autom\u00e1tico del cable \u2192 S\u00ed<\/li>\n<li>Almacenamiento de cable \u2192 S\u00ed<\/li>\n<li>Asa de transporte \u2192 S\u00ed<\/li>\n<li>Cantidad de asas \u2192 1<\/li>\n<li>Longitud del asa \u2192 Asa est\u00e1ndar<\/li>\n<li>Controles en el mango \u2192 S\u00ed<\/li>\n<li>Tipo de control \u2192 palanca<\/li>\n<li>Controles t\u00e1ctiles \u2192 S\u00ed<\/li>\n<\/ul>\n<h4>Dise\u00f1o<\/h4>\n<ul>\n<li>Tipo \u2192 Aspiradora cil\u00edndrica<\/li>\n<li>Tipo de limpiador \u2192 Secar<\/li>\n<li>Tipo de dep\u00f3sito \u2192 Sin bolsa<\/li>\n<li>Capacidad para polvo \u2192 2,5<\/li>\n<li>Color del producto \u2192 Negro<\/li>\n<li>Tipo de tubo \u2192 Telesc\u00f3pico<\/li>\n<li>Piezas de tubo de la cantidad \u2192 2<\/li>\n<li>N\u00famero de ruedas \u2192 3<\/li>\n<li>Number of 360\u00b0 rotating wheels \u2192 1<\/li>\n<li>Sin cables \u2192 S\u00ed<\/li>\n<\/ul>\n<h4>Desempe\u00f1o<\/h4>\n<ul>\n<li>M\u00e9todo de separaci\u00f3n de la suciedad \u2192 Multicicl\u00f3nico<\/li>\n<li>Uso adecuado \u2192 Hogar<\/li>\n<li>Superficies de limpieza \u2192 Suelo duro, Alfombra, Suelo duro, Soft floor, Escalones, Azulejo<\/li>\n<li>Nivel de ruido \u2192 79<\/li>\n<li>Vac\u00edo \u2192 20<\/li>\n<li>Conformidad con el medio (Eco) \u2192 S\u00ed<\/li>\n<\/ul>\n<\/div>\n","protected":false},"excerpt":{"rendered":"<p>ASPIRADOR TRINEO CECOTEC ROCK.MULTICICLN 800W C\/B 8590 El aspirador trineo Cecotec Rock.Multicicln 800W C\/B 8590 es un potente dispositivo de<\/p>\n","protected":false},"featured_media":197862,"comment_status":"open","ping_status":"closed","template":"","meta":{"_joinchat":[]},"product_cat":[6527,6513,825],"product_tag":[],"class_list":{"0":"post-197853","1":"product","2":"type-product","3":"status-publish","4":"has-post-thumbnail","6":"product_cat-aspiradores-de-trineo","7":"product_cat-aspiracion-y-limpieza","8":"product_cat-pequeno-electrodomestico","9":"pa_marca-cecotec","11":"first","12":"instock","13":"taxable","14":"shipping-taxable","15":"purchasable","16":"product-type-simple"},"_links":{"self":[{"href":"https:\/\/desdropi.com\/elparque\/wp-json\/wp\/v2\/product\/197853"}],"collection":[{"href":"https:\/\/desdropi.com\/elparque\/wp-json\/wp\/v2\/product"}],"about":[{"href":"https:\/\/desdropi.com\/elparque\/wp-json\/wp\/v2\/types\/product"}],"replies":[{"embeddable":true,"href":"https:\/\/desdropi.com\/elparque\/wp-json\/wp\/v2\/comments?post=197853"}],"version-history":[{"count":0,"href":"https:\/\/desdropi.com\/elparque\/wp-json\/wp\/v2\/product\/197853\/revisions"}],"wp:featuredmedia":[{"embeddable":true,"href":"https:\/\/desdropi.com\/elparque\/wp-json\/wp\/v2\/media\/197862"}],"wp:attachment":[{"href":"https:\/\/desdropi.com\/elparque\/wp-json\/wp\/v2\/media?parent=197853"}],"wp:term":[{"taxonomy":"product_cat","embeddable":true,"href":"https:\/\/desdropi.com\/elparque\/wp-json\/wp\/v2\/product_cat?post=197853"},{"taxonomy":"product_tag","embeddable":true,"href":"https:\/\/desdropi.com\/elparque\/wp-json\/wp\/v2\/product_tag?post=197853"}],"curies":[{"name":"wp","href":"https:\/\/api.w.org\/{rel}","templated":true}]}}