{"id":198256,"date":"2023-06-06T01:04:03","date_gmt":"2023-06-05T23:04:03","guid":{"rendered":"https:\/\/desdropi.com\/elparque\/microondas-nevir-nvr6224m-s-grill-20-litros-blanco-con-tirador\/"},"modified":"2024-04-08T00:02:29","modified_gmt":"2024-04-07T22:02:29","slug":"microondas-nevir-nvr6224m-s-grill-20-litros-blanco-con-tirador","status":"publish","type":"product","link":"https:\/\/desdropi.com\/elparque\/microondas-nevir-nvr6224m-s-grill-20-litros-blanco-con-tirador\/","title":{"rendered":"Microondas Nevir Nvr6224M S\/Grill 20 Litros Blanco\/Con Tirador"},"content":{"rendered":"<div class=\"descripcion-tab\">\n<h4>MICROONDAS NEVIR NVR6224M S\/GRILL 20 LITROS BLANCO\/CON TIRADOR<\/h4>\n<p>El microondas Nevir NVR6224M es un electrodom\u00e9stico de tama\u00f1o compacto con capacidad de 20 litros. Su dise\u00f1o en color blanco y con tirador lo hace elegante y f\u00e1cil de usar. <strong>La caracter\u00edstica m\u00e1s destacada de este microondas es su funci\u00f3n de grill<\/strong>, que te permite gratinar y dorar tus alimentos para obtener resultados deliciosos.<\/p>\n<p>Adem\u00e1s, cuenta con las funciones b\u00e1sicas de calentamiento y descongelamiento, as\u00ed como con diferentes niveles de potencia para adaptarse a tus necesidades culinarias. Con el microondas Nevir NVR6224M, podr\u00e1s cocinar y calentar tus comidas de manera r\u00e1pida y eficiente.<\/p>\n<\/div>\n","protected":false},"excerpt":{"rendered":"<p>MICROONDAS NEVIR NVR6224M S\/GRILL 20 LITROS BLANCO\/CON TIRADOR El microondas Nevir NVR6224M es un electrodom\u00e9stico de tama\u00f1o compacto con capacidad<\/p>\n","protected":false},"featured_media":198257,"comment_status":"open","ping_status":"closed","template":"","meta":{"_joinchat":[]},"product_cat":[6473,3268,3899],"product_tag":[],"class_list":{"0":"post-198256","1":"product","2":"type-product","3":"status-publish","4":"has-post-thumbnail","6":"product_cat-basicos","7":"product_cat-coccion","8":"product_cat-microondas","9":"pa_marca-nevir","10":"pa_marca-nevir-g-blanca","12":"first","13":"instock","14":"taxable","15":"shipping-taxable","16":"purchasable","17":"product-type-simple"},"_links":{"self":[{"href":"https:\/\/desdropi.com\/elparque\/wp-json\/wp\/v2\/product\/198256"}],"collection":[{"href":"https:\/\/desdropi.com\/elparque\/wp-json\/wp\/v2\/product"}],"about":[{"href":"https:\/\/desdropi.com\/elparque\/wp-json\/wp\/v2\/types\/product"}],"replies":[{"embeddable":true,"href":"https:\/\/desdropi.com\/elparque\/wp-json\/wp\/v2\/comments?post=198256"}],"version-history":[{"count":0,"href":"https:\/\/desdropi.com\/elparque\/wp-json\/wp\/v2\/product\/198256\/revisions"}],"wp:featuredmedia":[{"embeddable":true,"href":"https:\/\/desdropi.com\/elparque\/wp-json\/wp\/v2\/media\/198257"}],"wp:attachment":[{"href":"https:\/\/desdropi.com\/elparque\/wp-json\/wp\/v2\/media?parent=198256"}],"wp:term":[{"taxonomy":"product_cat","embeddable":true,"href":"https:\/\/desdropi.com\/elparque\/wp-json\/wp\/v2\/product_cat?post=198256"},{"taxonomy":"product_tag","embeddable":true,"href":"https:\/\/desdropi.com\/elparque\/wp-json\/wp\/v2\/product_tag?post=198256"}],"curies":[{"name":"wp","href":"https:\/\/api.w.org\/{rel}","templated":true}]}}