{"id":198330,"date":"2023-06-07T09:40:51","date_gmt":"2023-06-07T07:40:51","guid":{"rendered":"https:\/\/desdropi.com\/elparque\/?post_type=product&#038;p=198330"},"modified":"2025-04-14T01:30:53","modified_gmt":"2025-04-13T23:30:53","slug":"aspirador-trineo-ufesa-ac3090","status":"publish","type":"product","link":"https:\/\/desdropi.com\/elparque\/aspirador-trineo-ufesa-ac3090\/","title":{"rendered":"Aspirador Trineo Ufesa Ac3090 Antek C\/B Mascot T\/Ulfx"},"content":{"rendered":"<div class=\"descripcion-tab\">\n<h4>ASPIRADOR TRINEO UFESA AC3090 ANTEK C\/B MASCOT T\/ULFX<\/h4>\n<p>El <strong>aspirador trineo Ufesa AC3090 Antek<\/strong> es una poderosa herramienta de limpieza que te brinda resultados impecables en cada pasada. Dise\u00f1ado para satisfacer las necesidades de los hogares con mascotas, este aspirador es ideal para eliminar eficazmente el pelo y la suciedad m\u00e1s incrustada.<\/p>\n<p>Destaca por su potente motor y su tecnolog\u00eda de filtraci\u00f3n avanzada, que captura y retiene el polvo y los al\u00e9rgenos, brindando un ambiente m\u00e1s saludable. Su <strong>cepillo especial para mascotas<\/strong> permite una limpieza eficiente en todo tipo de superficies, desde suelos duros hasta alfombras y tapizados.<\/p>\n<p>El <strong>aspecto m\u00e1s importante<\/strong> de este aspirador trineo es su versatilidad y facilidad de uso. Con su cable de alimentaci\u00f3n de largo alcance, podr\u00e1s limpiar amplias \u00e1reas sin tener que cambiar constantemente de enchufe. Adem\u00e1s, su dise\u00f1o compacto y ligero facilita el transporte y el almacenamiento.<\/p>\n<p>El aspirador trineo Ufesa AC3090 Antek cuenta con una capacidad generosa de bolsa de polvo, lo que significa que podr\u00e1s limpiar durante m\u00e1s tiempo sin tener que vaciarla con frecuencia. Tambi\u00e9n <strong>incluye accesorios adicionales<\/strong>, como boquillas y cepillos, para adaptarse a diferentes tareas de limpieza<\/p>\n<h4><strong>Control de energ\u00eda<\/strong><\/h4>\n<ul>\n<li>Potencia m\u00e1x. de entrada \u2192 900 W<\/li>\n<\/ul>\n<h4><strong>Contenido del embalaje<\/strong><\/h4>\n<ul>\n<li>Manual de usuario \u2192 S\u00ed<\/li>\n<\/ul>\n<h4><strong>Ergonom\u00eda<\/strong><\/h4>\n<ul>\n<li>Tipo de control \u2192 Botones<\/li>\n<li>Rebobinado autom\u00e1tico del cable \u2192 S\u00ed<\/li>\n<li>Longitud del cable \u2192 6 m<\/li>\n<li>Longitud m\u00e1xima de tubo \u2192 10 m<\/li>\n<li>Almacenamiento de cable \u2192 S\u00ed<\/li>\n<\/ul>\n<h4><strong>Dise\u00f1o<\/strong><\/h4>\n<ul>\n<li>Tipo \u2192 Aspiradora cil\u00edndrica<\/li>\n<li>Tipo de dep\u00f3sito \u2192 Sin bolsa<\/li>\n<li>Capacidad para polvo \u2192 3,5<\/li>\n<li>Color del producto \u2192 Negro, gris<\/li>\n<li>Tipo de tubo \u2192 Telesc\u00f3pico<\/li>\n<li>Manguera flexible \u2192 S\u00ed<\/li>\n<li>Tipo aspirador \u2192 Trineo<\/li>\n<\/ul>\n<h4><strong>Desempe\u00f1o<\/strong><\/h4>\n<ul>\n<li>Superficies de limpieza \u2192 Suelo duro, suelo delicado<\/li>\n<li>Uso adecuado \u2192 Hogar<\/li>\n<\/ul>\n<\/div>\n","protected":false},"excerpt":{"rendered":"<p>ASPIRADOR TRINEO UFESA AC3090 ANTEK C\/B MASCOT T\/ULFX El aspirador trineo Ufesa AC3090 Antek es una poderosa herramienta de limpieza<\/p>\n","protected":false},"featured_media":198333,"comment_status":"open","ping_status":"closed","template":"","meta":{"_joinchat":[]},"product_cat":[6527,6513,825],"product_tag":[],"class_list":{"0":"post-198330","1":"product","2":"type-product","3":"status-publish","4":"has-post-thumbnail","6":"product_cat-aspiradores-de-trineo","7":"product_cat-aspiracion-y-limpieza","8":"product_cat-pequeno-electrodomestico","9":"pa_marca-ufesa","11":"first","12":"instock","13":"taxable","14":"shipping-taxable","15":"purchasable","16":"product-type-simple"},"_links":{"self":[{"href":"https:\/\/desdropi.com\/elparque\/wp-json\/wp\/v2\/product\/198330"}],"collection":[{"href":"https:\/\/desdropi.com\/elparque\/wp-json\/wp\/v2\/product"}],"about":[{"href":"https:\/\/desdropi.com\/elparque\/wp-json\/wp\/v2\/types\/product"}],"replies":[{"embeddable":true,"href":"https:\/\/desdropi.com\/elparque\/wp-json\/wp\/v2\/comments?post=198330"}],"version-history":[{"count":1,"href":"https:\/\/desdropi.com\/elparque\/wp-json\/wp\/v2\/product\/198330\/revisions"}],"predecessor-version":[{"id":224858,"href":"https:\/\/desdropi.com\/elparque\/wp-json\/wp\/v2\/product\/198330\/revisions\/224858"}],"wp:featuredmedia":[{"embeddable":true,"href":"https:\/\/desdropi.com\/elparque\/wp-json\/wp\/v2\/media\/198333"}],"wp:attachment":[{"href":"https:\/\/desdropi.com\/elparque\/wp-json\/wp\/v2\/media?parent=198330"}],"wp:term":[{"taxonomy":"product_cat","embeddable":true,"href":"https:\/\/desdropi.com\/elparque\/wp-json\/wp\/v2\/product_cat?post=198330"},{"taxonomy":"product_tag","embeddable":true,"href":"https:\/\/desdropi.com\/elparque\/wp-json\/wp\/v2\/product_tag?post=198330"}],"curies":[{"name":"wp","href":"https:\/\/api.w.org\/{rel}","templated":true}]}}