{"id":198533,"date":"2023-06-08T09:37:29","date_gmt":"2023-06-08T07:37:29","guid":{"rendered":"https:\/\/desdropi.com\/elparque\/?post_type=product&#038;p=198533"},"modified":"2024-05-17T13:01:15","modified_gmt":"2024-05-17T11:01:15","slug":"aspirador-trineo-rowenta-ro7689-550w-s-b-25l-mascotas","status":"publish","type":"product","link":"https:\/\/desdropi.com\/elparque\/aspirador-trineo-rowenta-ro7689-550w-s-b-25l-mascotas\/","title":{"rendered":"Aspirador Trineo Rowenta Ro7689 550W S\/B 2,5L Mascotas"},"content":{"rendered":"<div class=\"descripcion-tab\">\n<h4>ASPIRADOR TRINEO ROWENTA RO7689 550W S\/B 2,5L MASCOTAS<\/h4>\n<p>El <strong>aspirador trineo Rowenta RO7689<\/strong> es un eficiente y potente dispositivo de limpieza dise\u00f1ado especialmente para hogares con mascotas. Con un motor de <strong>550W<\/strong>, este aspirador ofrece un alto rendimiento en la eliminaci\u00f3n de pelos y residuos de mascotas. Su capacidad de <strong>2,5 litros<\/strong> de almacenamiento proporciona una buena capacidad de recolecci\u00f3n de suciedad, evitando vaciados frecuentes.<\/p>\n<p>Adem\u00e1s, cuenta con un sistema de <strong>filtrado avanzado<\/strong> que captura al\u00e9rgenos y part\u00edculas finas, mejorando la calidad del aire en tu hogar. Gracias a sus <strong>accesorios especializados para mascotas<\/strong>, podr\u00e1s limpiar eficientemente tapicer\u00edas, alfombras y otros rincones dif\u00edciles de alcanzar donde se acumula el pelo de las mascotas. El aspirador trineo Rowenta RO7689 es la soluci\u00f3n ideal para mantener un hogar limpio y libre de pelos de mascotas.<\/p>\n<h4>Peso y dimensiones<\/h4>\n<ul>\n<li>Peso9,32<\/li>\n<li>Profundidad435<\/li>\n<li>Altura333<\/li>\n<li>Ancho300<\/li>\n<li>Altura del paquete358<\/li>\n<li>Ancho del paquete380<\/li>\n<li>Profundidad del paquete570<\/li>\n<li>Peso del paquete10,8<\/li>\n<\/ul>\n<h4>Control de energ\u00eda<\/h4>\n<ul>\n<li>Potencia m\u00e1x. de entrada550<\/li>\n<li>Fuente de energ\u00edaCorriente alterna<\/li>\n<li>Tipo de enchufeTipo C<\/li>\n<\/ul>\n<h4>Detalles t\u00e9cnicos<\/h4>\n<ul>\n<li>Cepillo en 2 pasosS\u00ed<\/li>\n<\/ul>\n<h4>Contenido del embalaje<\/h4>\n<ul>\n<li>Brushes includedCepillo mini turbo, Cepillo para parqu\u00e9<\/li>\n<li>Herramienta multifuncionalS\u00ed<\/li>\n<\/ul>\n<h4>Ergonom\u00eda<\/h4>\n<ul>\n<li>Indicador de dep\u00f3sito de polvo lleno \u2192 S\u00ed<\/li>\n<li>Asa de transporte \u2192 S\u00ed<\/li>\n<li>Cantidad de asas \u2192 1<\/li>\n<li>Interruptor de encendido\/apagado integrado \u2192 S\u00ed<\/li>\n<li>Longitud del cable \u2192 8,4<\/li>\n<li>Almacenamiento de cable \u2192 S\u00ed<\/li>\n<li>Rebobinado autom\u00e1tico del cable \u2192 S\u00ed<\/li>\n<li>N\u00famero de posiciones de aparcamiento\/almacenamiento \u2192 1<\/li>\n<li>Soporte para aparcar\/guardar \u2192 S\u00ed<\/li>\n<li>Banda protectora \u2192 S\u00ed<\/li>\n<\/ul>\n<h4>Dise\u00f1o<\/h4>\n<ul>\n<li>Tipo \u2192 Aspiradora cil\u00edndrica<\/li>\n<li>Tipo de limpiador \u2192 Secar<\/li>\n<li>Tipo de dep\u00f3sito \u2192 Sin bolsa<\/li>\n<li>Capacidad para polvo \u2192 2,5<\/li>\n<li>Color del producto \u2192 Aluminio<\/li>\n<li>N\u00famero de ruedas \u2192 2<\/li>\n<li>Number of 360\u00b0 rotating wheels \u2192 1<\/li>\n<li>Tipo de tubo \u2192 Telesc\u00f3pico<\/li>\n<li>Material del tubo \u2192 Metal<\/li>\n<li>Bolsa \u2192 No<\/li>\n<li>Tipo aspirador \u2192 Trineo<\/li>\n<\/ul>\n<h4>Desempe\u00f1o<\/h4>\n<ul>\n<li>Cantidad de etapas de filtraci\u00f3n de aire \u2192 3<\/li>\n<li>Filtraci\u00f3n de aire en aspiradora \u2192 EPA, Espuma<\/li>\n<li>M\u00e9todo de separaci\u00f3n de la suciedad \u2192 Cicl\u00f3nico<\/li>\n<li>Radio de operaci\u00f3n \u2192 11<\/li>\n<li>Uso adecuado \u2192 Hogar<\/li>\n<li>Superficies de limpieza \u2192 Alfombra, Suelo duro<\/li>\n<li>Nivel de ruido \u2192 65<\/li>\n<li>Pa\u00eds de origen \u2192 Francia<\/li>\n<\/ul>\n<\/div>\n","protected":false},"excerpt":{"rendered":"<p>ASPIRADOR TRINEO ROWENTA RO7689 550W S\/B 2,5L MASCOTAS El aspirador trineo Rowenta RO7689 es un eficiente y potente dispositivo de<\/p>\n","protected":false},"featured_media":198534,"comment_status":"open","ping_status":"closed","template":"","meta":{"_joinchat":[]},"product_cat":[6527,6513,825],"product_tag":[],"class_list":{"0":"post-198533","1":"product","2":"type-product","3":"status-publish","4":"has-post-thumbnail","6":"product_cat-aspiradores-de-trineo","7":"product_cat-aspiracion-y-limpieza","8":"product_cat-pequeno-electrodomestico","9":"pa_marca-rowenta","11":"first","12":"instock","13":"taxable","14":"shipping-taxable","15":"purchasable","16":"product-type-simple"},"_links":{"self":[{"href":"https:\/\/desdropi.com\/elparque\/wp-json\/wp\/v2\/product\/198533"}],"collection":[{"href":"https:\/\/desdropi.com\/elparque\/wp-json\/wp\/v2\/product"}],"about":[{"href":"https:\/\/desdropi.com\/elparque\/wp-json\/wp\/v2\/types\/product"}],"replies":[{"embeddable":true,"href":"https:\/\/desdropi.com\/elparque\/wp-json\/wp\/v2\/comments?post=198533"}],"version-history":[{"count":0,"href":"https:\/\/desdropi.com\/elparque\/wp-json\/wp\/v2\/product\/198533\/revisions"}],"wp:featuredmedia":[{"embeddable":true,"href":"https:\/\/desdropi.com\/elparque\/wp-json\/wp\/v2\/media\/198534"}],"wp:attachment":[{"href":"https:\/\/desdropi.com\/elparque\/wp-json\/wp\/v2\/media?parent=198533"}],"wp:term":[{"taxonomy":"product_cat","embeddable":true,"href":"https:\/\/desdropi.com\/elparque\/wp-json\/wp\/v2\/product_cat?post=198533"},{"taxonomy":"product_tag","embeddable":true,"href":"https:\/\/desdropi.com\/elparque\/wp-json\/wp\/v2\/product_tag?post=198533"}],"curies":[{"name":"wp","href":"https:\/\/api.w.org\/{rel}","templated":true}]}}