{"id":198600,"date":"2023-06-08T17:58:27","date_gmt":"2023-06-08T15:58:27","guid":{"rendered":"https:\/\/desdropi.com\/elparque\/?post_type=product&#038;p=198600"},"modified":"2024-05-17T13:01:15","modified_gmt":"2024-05-17T11:01:15","slug":"aspirador-trineo-rowenta-ro3126-c-b","status":"publish","type":"product","link":"https:\/\/desdropi.com\/elparque\/aspirador-trineo-rowenta-ro3126-c-b\/","title":{"rendered":"Aspirador Trineo Rowenta Ro3126 C\/B"},"content":{"rendered":"<div class=\"descripcion-tab\">\n<h4>ASPIRADOR TRINEO ROWENTA RO3126 C\/B<\/h4>\n<p>El <strong>aspirador trineo Rowenta RO3126<\/strong> es una poderosa herramienta de limpieza con un rendimiento excepcional. Con una potencia de succi\u00f3n de alta eficiencia, este aspirador garantiza una limpieza a fondo en todo tipo de superficies. Su dise\u00f1o compacto y manejable permite un f\u00e1cil desplazamiento y almacenamiento. El <strong>aspirador trineo Rowenta RO3126<\/strong> tambi\u00e9n cuenta con un sistema de filtrado avanzado que retiene eficazmente el polvo y los al\u00e9rgenos, asegurando un ambiente m\u00e1s saludable. Con su rendimiento superior y su facilidad de uso, este aspirador es la elecci\u00f3n perfecta para mantener tu hogar impecable.<\/p>\n<h4>Peso y dimensiones<\/h4>\n<ul>\n<li>Profundidad del paquete \u2192 520<\/li>\n<li>Altura del paquete \u2192 290<\/li>\n<li>Ancho del paquete \u2192 360<\/li>\n<li>Peso del paquete \u2192 7,32<\/li>\n<li>Altura \u2192 260<\/li>\n<li>Profundidad \u2192 478<\/li>\n<li>Ancho \u2192 278<\/li>\n<li>Peso \u2192 5,88<\/li>\n<\/ul>\n<h4>Control de energ\u00eda<\/h4>\n<ul>\n<li>Tipo de enchufe \u2192 Tipo C<\/li>\n<li>Potencia m\u00e1x. de entrada \u2192 900<\/li>\n<li>Potencia variable \u2192 S\u00ed<\/li>\n<li>Control de potencia \u2192 Mec\u00e1nico<\/li>\n<\/ul>\n<h4>Detalles t\u00e9cnicos<\/h4>\n<ul>\n<li>Cepillo en 2 pasos \u2192 S\u00ed<\/li>\n<\/ul>\n<h4>Contenido del embalaje<\/h4>\n<ul>\n<li>Boquilla estrecha \u2192 S\u00ed<\/li>\n<li>N\u00famero de cepillos \u2192 3<\/li>\n<\/ul>\n<h4>Ergonom\u00eda<\/h4>\n<ul>\n<li>Longitud del cable \u2192 6,2<\/li>\n<li>N\u00famero de posiciones de aparcamiento\/almacenamiento \u2192 2<\/li>\n<li>Banda protectora \u2192 S\u00ed<\/li>\n<li>Indicador de dep\u00f3sito de polvo lleno \u2192 S\u00ed<\/li>\n<li>Rebobinado autom\u00e1tico del cable \u2192 S\u00ed<\/li>\n<li>Cantidad de asas \u2192 1<\/li>\n<li>Interruptor de encendido\/apagado integrado \u2192 S\u00ed<\/li>\n<li>Asa de transporte \u2192 S\u00ed<\/li>\n<li>Tipo de control \u2192 Botones, Giratorio<\/li>\n<\/ul>\n<h4>Dise\u00f1o<\/h4>\n<ul>\n<li>Capacidad para polvo \u2192 4,5<\/li>\n<li>Number of 360\u00b0 rotating wheels \u2192 4<\/li>\n<li>Tipo de tubo \u2192 Telesc\u00f3pico<\/li>\n<li>Color del producto \u2192 Azul<\/li>\n<li>Tipo de dep\u00f3sito \u2192 Bolsa para el polvo<\/li>\n<li>Material del tubo \u2192 Metal<\/li>\n<li>Tipo de limpiador \u2192 Secar<\/li>\n<\/ul>\n<h4>Desempe\u00f1o<\/h4>\n<ul>\n<li>Nivel de ruido \u2192 76<\/li>\n<li>Cantidad de etapas de filtraci\u00f3n de aire \u2192 2<\/li>\n<li>Radio de operaci\u00f3n \u2192 8,8<\/li>\n<li>Pa\u00eds de origen \u2192 China<\/li>\n<li>Filtraci\u00f3n de aire en aspiradora \u2192 Filtro higi\u00e9nico<\/li>\n<li>Superficies de limpieza \u2192 Suelo duro, Alfombra, Suelo duro, Escalones, Azulejo, Tapicer\u00eda<\/li>\n<li>Uso adecuado \u2192 Hogar<\/li>\n<li>M\u00e9todo de separaci\u00f3n de la suciedad \u2192 Filtrado<\/li>\n<\/ul>\n<h4>Datos log\u00edsticos<\/h4>\n<ul>\n<li>Cantidad por pal\u00e9 \u2192 32<\/li>\n<li>N\u00famero de capas por pal\u00e9 \u2192 8<\/li>\n<li>Cantidad por capa de palet \u2192 4<\/li>\n<li>Cantidad por contenedor (20ft) \u2192 555<\/li>\n<li>Cantidad por contenedor (40ft) \u2192 1160<\/li>\n<\/ul>\n<\/div>\n","protected":false},"excerpt":{"rendered":"<p>ASPIRADOR TRINEO ROWENTA RO3126 C\/B El aspirador trineo Rowenta RO3126 es una poderosa herramienta de limpieza con un rendimiento excepcional.<\/p>\n","protected":false},"featured_media":198603,"comment_status":"open","ping_status":"closed","template":"","meta":{"_joinchat":[]},"product_cat":[6527,6513,825],"product_tag":[],"class_list":{"0":"post-198600","1":"product","2":"type-product","3":"status-publish","4":"has-post-thumbnail","6":"product_cat-aspiradores-de-trineo","7":"product_cat-aspiracion-y-limpieza","8":"product_cat-pequeno-electrodomestico","10":"first","11":"instock","12":"sale","13":"taxable","14":"shipping-taxable","15":"purchasable","16":"product-type-simple"},"_links":{"self":[{"href":"https:\/\/desdropi.com\/elparque\/wp-json\/wp\/v2\/product\/198600"}],"collection":[{"href":"https:\/\/desdropi.com\/elparque\/wp-json\/wp\/v2\/product"}],"about":[{"href":"https:\/\/desdropi.com\/elparque\/wp-json\/wp\/v2\/types\/product"}],"replies":[{"embeddable":true,"href":"https:\/\/desdropi.com\/elparque\/wp-json\/wp\/v2\/comments?post=198600"}],"version-history":[{"count":0,"href":"https:\/\/desdropi.com\/elparque\/wp-json\/wp\/v2\/product\/198600\/revisions"}],"wp:featuredmedia":[{"embeddable":true,"href":"https:\/\/desdropi.com\/elparque\/wp-json\/wp\/v2\/media\/198603"}],"wp:attachment":[{"href":"https:\/\/desdropi.com\/elparque\/wp-json\/wp\/v2\/media?parent=198600"}],"wp:term":[{"taxonomy":"product_cat","embeddable":true,"href":"https:\/\/desdropi.com\/elparque\/wp-json\/wp\/v2\/product_cat?post=198600"},{"taxonomy":"product_tag","embeddable":true,"href":"https:\/\/desdropi.com\/elparque\/wp-json\/wp\/v2\/product_tag?post=198600"}],"curies":[{"name":"wp","href":"https:\/\/api.w.org\/{rel}","templated":true}]}}