{"id":198697,"date":"2023-06-13T11:52:34","date_gmt":"2023-06-13T09:52:34","guid":{"rendered":"https:\/\/desdropi.com\/elparque\/?post_type=product&#038;p=198697"},"modified":"2023-10-31T21:10:12","modified_gmt":"2023-10-31T20:10:12","slug":"transistor-elco-pd-714-am-fm-blanco","status":"publish","type":"product","link":"https:\/\/desdropi.com\/elparque\/transistor-elco-pd-714-am-fm-blanco\/","title":{"rendered":"Transistor Elco Pd-714 Am\/Fm Blanco"},"content":{"rendered":"<div class=\"description-tab\">\n<h4>TRANSISTOR ELCO PD-714 AM\/FM BLANCO<\/h4>\n<p>El <strong>transistor ELCO PD-714 AM\/FM<\/strong> es un dispositivo compacto y port\u00e1til que te permite sintonizar tus estaciones de radio favoritas. Lo m\u00e1s destacado de este transistor es su capacidad para recibir <strong>se\u00f1ales AM y FM<\/strong>, brind\u00e1ndote una amplia variedad de opciones de escucha.<\/p>\n<p>Con su dise\u00f1o pr\u00e1ctico y liviano, el transistor ELCO PD-714 es f\u00e1cil de transportar y usar en cualquier lugar. Cuenta con un <strong>sintonizador anal\u00f3gico<\/strong> que te permite ajustar con precisi\u00f3n la frecuencia de la estaci\u00f3n deseada.<\/p>\n<p>La antena telesc\u00f3pica incorporada te proporciona una recepci\u00f3n clara y estable de las emisoras de radio, sin interferencias. Adem\u00e1s, el transistor ELCO PD-714 cuenta con un altavoz integrado que ofrece un <strong>sonido n\u00edtido y claro.<\/strong><\/p>\n<p>Este transistor funciona con pilas, lo que lo hace ideal para llevar contigo en tus aventuras al aire libre, viajes o simplemente para tenerlo en casa como una opci\u00f3n port\u00e1til. Es f\u00e1cil de operar, lo que lo convierte en una opci\u00f3n perfecta tanto para los amantes de la radio como para aquellos que buscan una soluci\u00f3n de entretenimiento sencilla.<\/p>\n<ul>\n<li>Radio AM\/FM est\u00e9reo.<\/li>\n<li>Volumen giratorio.<\/li>\n<li>Entrada de auriculares.<\/li>\n<li>Bot\u00f3n de encendido.<\/li>\n<li>Antena telesc\u00f3pica.<\/li>\n<li>Colores: Blanco y negro.<\/li>\n<li>Usa 2 pilas tipo AA (No incluidas).<\/li>\n<li>Unidades por caja: 60 \/ 10.<\/li>\n<li>Dimensiones: 105 x 55 x 15mm.<\/li>\n<\/ul>\n<\/div>\n","protected":false},"excerpt":{"rendered":"<p>TRANSISTOR ELCO PD-714 AM\/FM BLANCO El transistor ELCO PD-714 AM\/FM es un dispositivo compacto y port\u00e1til que te permite sintonizar<\/p>\n","protected":false},"featured_media":198698,"comment_status":"open","ping_status":"closed","template":"","meta":{"_joinchat":[]},"product_cat":[5435,795,1022],"product_tag":[],"class_list":{"0":"post-198697","1":"product","2":"type-product","3":"status-publish","4":"has-post-thumbnail","6":"product_cat-transistores","7":"product_cat-electronica","8":"product_cat-sonido","9":"pa_marca-elco","11":"first","12":"instock","13":"taxable","14":"shipping-taxable","15":"purchasable","16":"product-type-simple"},"_links":{"self":[{"href":"https:\/\/desdropi.com\/elparque\/wp-json\/wp\/v2\/product\/198697"}],"collection":[{"href":"https:\/\/desdropi.com\/elparque\/wp-json\/wp\/v2\/product"}],"about":[{"href":"https:\/\/desdropi.com\/elparque\/wp-json\/wp\/v2\/types\/product"}],"replies":[{"embeddable":true,"href":"https:\/\/desdropi.com\/elparque\/wp-json\/wp\/v2\/comments?post=198697"}],"version-history":[{"count":0,"href":"https:\/\/desdropi.com\/elparque\/wp-json\/wp\/v2\/product\/198697\/revisions"}],"wp:featuredmedia":[{"embeddable":true,"href":"https:\/\/desdropi.com\/elparque\/wp-json\/wp\/v2\/media\/198698"}],"wp:attachment":[{"href":"https:\/\/desdropi.com\/elparque\/wp-json\/wp\/v2\/media?parent=198697"}],"wp:term":[{"taxonomy":"product_cat","embeddable":true,"href":"https:\/\/desdropi.com\/elparque\/wp-json\/wp\/v2\/product_cat?post=198697"},{"taxonomy":"product_tag","embeddable":true,"href":"https:\/\/desdropi.com\/elparque\/wp-json\/wp\/v2\/product_tag?post=198697"}],"curies":[{"name":"wp","href":"https:\/\/api.w.org\/{rel}","templated":true}]}}