{"id":198801,"date":"2023-06-15T12:19:38","date_gmt":"2023-06-15T10:19:38","guid":{"rendered":"https:\/\/desdropi.com\/elparque\/?post_type=product&#038;p=198801"},"modified":"2024-05-17T13:44:11","modified_gmt":"2024-05-17T11:44:11","slug":"aspirador-escoba-shark-iz300eut-252v-2cep-gir-mascot","status":"publish","type":"product","link":"https:\/\/desdropi.com\/elparque\/aspirador-escoba-shark-iz300eut-252v-2cep-gir-mascot\/","title":{"rendered":"Aspirador Escoba Shark Iz300Eut 25,2V 2Cep.Gir. Mascot"},"content":{"rendered":"<div class=\"description-tab\">\n<h4>ASPIRADOR ESCOBA SHARK IZ300EUT 25,2V 2CEP.GIR. MASCOT<\/h4>\n<p>El <strong>ASPIRADOR ESCOBA SHARK IZ300EUT 25,2V 2CEP.GIR. MASCOT<\/strong> es un aspirador de escoba altamente vers\u00e1til y potente, dise\u00f1ado para eliminar eficientemente los pelos y la suciedad de las mascotas.<\/p>\n<p>Lo m\u00e1s importante de este aspirador es su capacidad para adaptarse a diferentes necesidades de limpieza. Equipado con <strong>dos cepillos giratorios<\/strong>, puede recoger eficazmente los pelos y la suciedad en todo tipo de superficies, desde suelos duros hasta alfombras, brindando una limpieza completa en cada rinc\u00f3n de tu hogar.<\/p>\n<p>Con una <strong>potente bater\u00eda de 25,2V<\/strong>, este aspirador ofrece una gran autonom\u00eda para realizar limpiezas extensas sin interrupciones. Adem\u00e1s, su dise\u00f1o de escoba facilita su uso y maniobrabilidad, permiti\u00e9ndote alcanzar \u00e1reas dif\u00edciles de acceder.<\/p>\n<p>El <strong>ASPIRADOR ESCOBA SHARK IZ300EUT<\/strong> tambi\u00e9n cuenta con un <strong>sistema de filtrado eficiente<\/strong> que captura al\u00e9rgenos y part\u00edculas finas, mejorando la calidad del aire en tu hogar. Su dep\u00f3sito de gran capacidad te permite realizar varias sesiones de limpieza sin necesidad de vaciarlo con frecuencia.<\/p>\n<h4>Control de energ\u00eda<\/h4>\n<ul>\n<li>Fuente de energ\u00eda \u2192 Bater\u00eda<\/li>\n<li>Autonom\u00eda (minutos) \u2192 60<\/li>\n<\/ul>\n<h4>Contenido del embalaje<\/h4>\n<ul>\n<li>Minicepillo turbo \u2192 S\u00ed<\/li>\n<li>Cepillo turbo \u2192 S\u00ed<\/li>\n<li>Boquilla estrecha \u2192 S\u00ed<\/li>\n<\/ul>\n<h4>Ergonom\u00eda<\/h4>\n<ul>\n<li>Indicaci\u00f3n de bater\u00eda baja \u2192 S\u00ed<\/li>\n<\/ul>\n<h4>Dise\u00f1o<\/h4>\n<ul>\n<li>Tipo de dep\u00f3sito \u2192 Sin bolsa<\/li>\n<li>Color del producto \u2192 Negro, Borgo\u00f1a<\/li>\n<li>Pantalla incorporada \u2192 S\u00ed<\/li>\n<li>Forma del cepillo \u2192 Rectangular<\/li>\n<\/ul>\n<h4>Desempe\u00f1o<\/h4>\n<ul>\n<li>Tipo de limpiador \u2192 Secar<\/li>\n<li>M\u00e9todo de separaci\u00f3n de la suciedad \u2192 Cicl\u00f3nico<\/li>\n<\/ul>\n<\/div>\n","protected":false},"excerpt":{"rendered":"<p>ASPIRADOR ESCOBA SHARK IZ300EUT 25,2V 2CEP.GIR. MASCOT El ASPIRADOR ESCOBA SHARK IZ300EUT 25,2V 2CEP.GIR. MASCOT es un aspirador de escoba<\/p>\n","protected":false},"featured_media":198805,"comment_status":"open","ping_status":"closed","template":"","meta":{"_joinchat":[]},"product_cat":[6514,6513,825],"product_tag":[],"class_list":{"0":"post-198801","1":"product","2":"type-product","3":"status-publish","4":"has-post-thumbnail","6":"product_cat-aspiradores-de-escoba","7":"product_cat-aspiracion-y-limpieza","8":"product_cat-pequeno-electrodomestico","9":"pa_marca-shark","11":"first","12":"instock","13":"taxable","14":"shipping-taxable","15":"purchasable","16":"product-type-simple"},"_links":{"self":[{"href":"https:\/\/desdropi.com\/elparque\/wp-json\/wp\/v2\/product\/198801"}],"collection":[{"href":"https:\/\/desdropi.com\/elparque\/wp-json\/wp\/v2\/product"}],"about":[{"href":"https:\/\/desdropi.com\/elparque\/wp-json\/wp\/v2\/types\/product"}],"replies":[{"embeddable":true,"href":"https:\/\/desdropi.com\/elparque\/wp-json\/wp\/v2\/comments?post=198801"}],"version-history":[{"count":0,"href":"https:\/\/desdropi.com\/elparque\/wp-json\/wp\/v2\/product\/198801\/revisions"}],"wp:featuredmedia":[{"embeddable":true,"href":"https:\/\/desdropi.com\/elparque\/wp-json\/wp\/v2\/media\/198805"}],"wp:attachment":[{"href":"https:\/\/desdropi.com\/elparque\/wp-json\/wp\/v2\/media?parent=198801"}],"wp:term":[{"taxonomy":"product_cat","embeddable":true,"href":"https:\/\/desdropi.com\/elparque\/wp-json\/wp\/v2\/product_cat?post=198801"},{"taxonomy":"product_tag","embeddable":true,"href":"https:\/\/desdropi.com\/elparque\/wp-json\/wp\/v2\/product_tag?post=198801"}],"curies":[{"name":"wp","href":"https:\/\/api.w.org\/{rel}","templated":true}]}}