{"id":198914,"date":"2023-06-22T17:32:01","date_gmt":"2023-06-22T15:32:01","guid":{"rendered":"https:\/\/desdropi.com\/elparque\/?post_type=product&#038;p=198914"},"modified":"2025-04-14T01:31:11","modified_gmt":"2025-04-13T23:31:11","slug":"youin-bk1002-amsterdam-iii","status":"publish","type":"product","link":"https:\/\/desdropi.com\/elparque\/youin-bk1002-amsterdam-iii\/","title":{"rendered":"BICICLETA ELECTRICA YOUIN BK1002 AMSTERDAM III"},"content":{"rendered":"<div class=\"description-tab\">\n<h4>BICICLETA ELECTRICA YOUIN BK1002 AMSTERDAM III<\/h4>\n<p>La <strong>bicicleta el\u00e9ctrica Youin BK1002 Amsterdam III<\/strong> es un producto de alta calidad y rendimiento. Dise\u00f1ada para brindar comodidad y eficiencia en cada viaje, esta bicicleta destaca por su motor el\u00e9ctrico potente y su bater\u00eda de larga duraci\u00f3n, lo que te permite recorrer largas distancias sin esfuerzo. Su estilo cl\u00e1sico y elegante, inspirado en las bicicletas de \u00c1msterdam, le otorga un aspecto distintivo.<\/p>\n<p>Con caracter\u00edsticas destacadas como frenos de disco, cambios Shimano de alta precisi\u00f3n y una estructura resistente, esta bicicleta el\u00e9ctrica ofrece una experiencia de conducci\u00f3n segura y placentera. Adem\u00e1s, cuenta con una amplia gama de funciones inteligentes, como luces LED integradas, pantalla digital y conectividad Bluetooth, que hacen que cada paseo sea a\u00fan m\u00e1s conveniente y emocionante.<\/p>\n<p><strong>La bicicleta el\u00e9ctrica Youin BK1002 Amsterdam III es la elecci\u00f3n perfecta para aquellos que buscan una combinaci\u00f3n de estilo, rendimiento y funcionalidad en sus desplazamientos diarios<\/strong>.<\/p>\n<ul>\n<li>Potencia \u2192\u00a0 250W<\/li>\n<li>Autonom\u00eda \u2192 hasta 35 km<\/li>\n<li>Bater\u00eda extraible de 7,8Ah\/36V<\/li>\n<li>Carga completa \u2192 4-6h<\/li>\n<li>Rueda \u2192 20 pulgadas<\/li>\n<li>Cambio Shimano de 7 velocidades<\/li>\n<li>Frenos de disco<\/li>\n<li>5 modos de asistencia al pedaleo<\/li>\n<li>Velocidad m\u00e1xima \u2192 25 km\/h<\/li>\n<li>Luz frontal y trasera<\/li>\n<li>F\u00e1cilmente plegable<\/li>\n<li>Pantalla LCD<\/li>\n<li>Peso \u2192 24 Kg<\/li>\n<li>Carga m\u00e1xima \u2192 124 Kg<\/li>\n<\/ul>\n<\/div>\n","protected":false},"excerpt":{"rendered":"<p>BICICLETA ELECTRICA YOUIN BK1002 AMSTERDAM III La bicicleta el\u00e9ctrica Youin BK1002 Amsterdam III es un producto de alta calidad y<\/p>\n","protected":false},"featured_media":198918,"comment_status":"open","ping_status":"closed","template":"","meta":{"_joinchat":[]},"product_cat":[6903,3359],"product_tag":[],"class_list":{"0":"post-198914","1":"product","2":"type-product","3":"status-publish","4":"has-post-thumbnail","6":"product_cat-bicicletas-electricas-movilidad","7":"product_cat-deporte-y-movilidad","8":"pa_marca-youin","10":"first","11":"instock","12":"taxable","13":"shipping-taxable","14":"purchasable","15":"product-type-simple"},"_links":{"self":[{"href":"https:\/\/desdropi.com\/elparque\/wp-json\/wp\/v2\/product\/198914"}],"collection":[{"href":"https:\/\/desdropi.com\/elparque\/wp-json\/wp\/v2\/product"}],"about":[{"href":"https:\/\/desdropi.com\/elparque\/wp-json\/wp\/v2\/types\/product"}],"replies":[{"embeddable":true,"href":"https:\/\/desdropi.com\/elparque\/wp-json\/wp\/v2\/comments?post=198914"}],"version-history":[{"count":1,"href":"https:\/\/desdropi.com\/elparque\/wp-json\/wp\/v2\/product\/198914\/revisions"}],"predecessor-version":[{"id":224859,"href":"https:\/\/desdropi.com\/elparque\/wp-json\/wp\/v2\/product\/198914\/revisions\/224859"}],"wp:featuredmedia":[{"embeddable":true,"href":"https:\/\/desdropi.com\/elparque\/wp-json\/wp\/v2\/media\/198918"}],"wp:attachment":[{"href":"https:\/\/desdropi.com\/elparque\/wp-json\/wp\/v2\/media?parent=198914"}],"wp:term":[{"taxonomy":"product_cat","embeddable":true,"href":"https:\/\/desdropi.com\/elparque\/wp-json\/wp\/v2\/product_cat?post=198914"},{"taxonomy":"product_tag","embeddable":true,"href":"https:\/\/desdropi.com\/elparque\/wp-json\/wp\/v2\/product_tag?post=198914"}],"curies":[{"name":"wp","href":"https:\/\/api.w.org\/{rel}","templated":true}]}}