{"id":198952,"date":"2023-06-23T00:38:03","date_gmt":"2023-06-22T22:38:03","guid":{"rendered":"https:\/\/desdropi.com\/elparque\/ventilador-techo-cecotec-08236-aero-5400-aqua-3-aspas-132-m-d-conectividad-movil\/"},"modified":"2025-04-14T09:31:03","modified_gmt":"2025-04-14T07:31:03","slug":"ventilador-techo-cecotec-08236-aero-5400-aqua-3-aspas-132-m-d-conectividad-movil","status":"publish","type":"product","link":"https:\/\/desdropi.com\/elparque\/ventilador-techo-cecotec-08236-aero-5400-aqua-3-aspas-132-m-d-conectividad-movil\/","title":{"rendered":"Ventilador Techo Cecotec 08236 Aero 5400 Aqua 3 Aspas 132 M\/D Conectividad Movil"},"content":{"rendered":"<div class=\"descripcion-tab\">\n<strong><span class=\"e1pizqy31 css-hga4sk\">Descripci\u00f3n<\/span><\/strong><\/p>\n<div class=\"css-k1moeq e1pizqy32\">\n<ul>\n<li>Gran potencia de 40 W, con motor DC de alto rendimiento que aumenta el caudal de aire y la sensaci\u00f3n de frescor, con la m\u00e1xima fiabilidad y durabilidad.<\/li>\n<li>Su motor DC de corriente directa mejora el funcionamiento del ventilador por lo que aumenta su eficiencia y genera un menor consumo el\u00e9ctrico. Adem\u00e1s, trabaja de manera silenciosa.<\/li>\n<li>Amplio di\u00e1metro de 52 pulgadas (132 cm) que aumenta la cobertura de aire fresco en la estancia.<\/li>\n<li>Sistema formado por 3 aspas totalmente innovadoras y aerodin\u00e1micas, dise\u00f1adas para maximizar el flujo de aire y garantizar un caudal constante de aire fresco.<\/li>\n<li>Su control por Wi-Fi mediante un Smartphone permite seleccionar las distintas configuraciones de funcionamiento del ventilador y controlarlo de manera remota.<\/li>\n<li>Adem\u00e1s, incluye un mando a distancia el cual hace a\u00fan m\u00e1s c\u00f3modo y sencillo el control del ventilador.<\/li>\n<li>Perfecto para su uso en exteriores, el ventilador posee una certificaci\u00f3n IP44 que muestra su gran protecci\u00f3n por lo que se puede hacer uso del ventilador tanto en el interior como en el exterior.<\/li>\n<li>Su temporizador permite seleccionar 1, 2, 4 u 8 horas de funcionamiento, tras el cual el ventilador se apagar\u00e1.<\/li>\n<li>Podr\u00e1s elegir entre 6 velocidades de funcionamiento, adecuando la intensidad del caudal de aire a tus necesidades.<\/li>\n<li>El ventilador dispone de un sistema de inversi\u00f3n de giro del motor para realizar la funci\u00f3n verano\/invierno.<\/li>\n<li>Mediante un conmutador se selecciona el sentido de rotaci\u00f3n de las aspas, en un sentido en verano para generar una agradable brisa y en sentido contrario en invierno para impulsar el aire caliente.<\/li>\n<li>Es concentrado en el techo hacia el suelo, perfecto para complementar tu sistema de calefacci\u00f3n.<\/li>\n<\/ul>\n<div id=\"technical-details\" class=\"css-0 egxb0x40\">\n<div class=\"css-1vrowg6\">\n<div id=\"composition\" class=\"e1hv9n5v2 css-ldw7pi\">\n<p><strong><span class=\"e1hv9n5v0 css-hga4sk\">Composici\u00f3n<\/span><\/strong><\/p>\n<div class=\"css-1azcdyx e1hv9n5v1\">\n<ul>\n<li>Ventilador de techo<\/li>\n<li>Kit de montaje<\/li>\n<li>Mando a distancia<\/li>\n<li>Manual de instrucciones<\/li>\n<\/ul>\n<\/div>\n<\/div>\n<\/div>\n<\/div>\n<\/div>\n<\/div>\n","protected":false},"excerpt":{"rendered":"<p>Descripci\u00f3n Gran potencia de 40 W, con motor DC de alto rendimiento que aumenta el caudal de aire y la<\/p>\n","protected":false},"featured_media":198953,"comment_status":"open","ping_status":"closed","template":"","meta":{"_joinchat":[]},"product_cat":[6575,3301,5440],"product_tag":[],"class_list":{"0":"post-198952","1":"product","2":"type-product","3":"status-publish","4":"has-post-thumbnail","6":"product_cat-de-techo","7":"product_cat-climatizacion-y-calefaccion","8":"product_cat-ventiladores","9":"pa_marca-cecotec-clima","11":"first","12":"instock","13":"taxable","14":"shipping-taxable","15":"purchasable","16":"product-type-simple"},"_links":{"self":[{"href":"https:\/\/desdropi.com\/elparque\/wp-json\/wp\/v2\/product\/198952"}],"collection":[{"href":"https:\/\/desdropi.com\/elparque\/wp-json\/wp\/v2\/product"}],"about":[{"href":"https:\/\/desdropi.com\/elparque\/wp-json\/wp\/v2\/types\/product"}],"replies":[{"embeddable":true,"href":"https:\/\/desdropi.com\/elparque\/wp-json\/wp\/v2\/comments?post=198952"}],"version-history":[{"count":1,"href":"https:\/\/desdropi.com\/elparque\/wp-json\/wp\/v2\/product\/198952\/revisions"}],"predecessor-version":[{"id":224871,"href":"https:\/\/desdropi.com\/elparque\/wp-json\/wp\/v2\/product\/198952\/revisions\/224871"}],"wp:featuredmedia":[{"embeddable":true,"href":"https:\/\/desdropi.com\/elparque\/wp-json\/wp\/v2\/media\/198953"}],"wp:attachment":[{"href":"https:\/\/desdropi.com\/elparque\/wp-json\/wp\/v2\/media?parent=198952"}],"wp:term":[{"taxonomy":"product_cat","embeddable":true,"href":"https:\/\/desdropi.com\/elparque\/wp-json\/wp\/v2\/product_cat?post=198952"},{"taxonomy":"product_tag","embeddable":true,"href":"https:\/\/desdropi.com\/elparque\/wp-json\/wp\/v2\/product_tag?post=198952"}],"curies":[{"name":"wp","href":"https:\/\/api.w.org\/{rel}","templated":true}]}}