{"id":199214,"date":"2023-06-29T13:38:13","date_gmt":"2023-06-29T11:38:13","guid":{"rendered":"https:\/\/desdropi.com\/elparque\/?post_type=product&#038;p=199214"},"modified":"2024-05-17T13:01:18","modified_gmt":"2024-05-17T11:01:18","slug":"aspirador-escoba-taurus-ultimate-digital-fuzzy-252v","status":"publish","type":"product","link":"https:\/\/desdropi.com\/elparque\/aspirador-escoba-taurus-ultimate-digital-fuzzy-252v\/","title":{"rendered":"Aspirador Escoba Taurus Ultimate Digital Fuzzy 25,9V"},"content":{"rendered":"<div class=\"descripcion-tab\">\n<h4>ASPIRADOR ESCOBA TAURUS ULTIMATE DIGITAL FUZZY 25,2V<\/h4>\n<p>El <strong>aspirador escoba Taurus Ultimate Digital Fuzzy<\/strong> es un dispositivo potente y vers\u00e1til que simplificar\u00e1 tus tareas de limpieza. Con una potencia de <strong>25,2V<\/strong>, este aspirador ofrece un rendimiento excepcional en la eliminaci\u00f3n de suciedad y polvo de diferentes superficies.<\/p>\n<p><strong>Destaca por su tecnolog\u00eda &#8220;Digital Fuzzy&#8221;<\/strong>, que optimiza la succi\u00f3n para adaptarse autom\u00e1ticamente a cada tipo de suelo y brindar resultados de limpieza impecables. Su dise\u00f1o ergon\u00f3mico y ligero permite una f\u00e1cil maniobrabilidad, facilitando la limpieza en \u00e1reas de dif\u00edcil acceso. Adem\u00e1s, cuenta con una bater\u00eda de larga duraci\u00f3n que te brinda hasta <strong>45 minutos de autonom\u00eda.<\/strong><\/p>\n<p>El aspirador escoba Taurus Ultimate Digital Fuzzy es la elecci\u00f3n ideal para mantener tu hogar impecable, ahorrando tiempo y esfuerzo en tus labores de limpieza diaria.<\/p>\n<h4>Control de energ\u00eda<\/h4>\n<ul>\n<li>Potencia de succi\u00f3n \u2192 20000<\/li>\n<li>Potencia variable \u2192 S\u00ed<\/li>\n<li>Fuente de energ\u00eda \u2192 Bater\u00eda<\/li>\n<li>Tecnolog\u00eda de bater\u00eda \u2192 Litio<\/li>\n<li>Voltaje de la pila \u2192 25,9<\/li>\n<li>Tiempo de funcionamiento \u2192 35<\/li>\n<\/ul>\n<h4>Ergonom\u00eda<\/h4>\n<ul>\n<li>Asa de transporte \u2192 S\u00ed<\/li>\n<li>Cantidad de asas \u2192 1<\/li>\n<li>Interruptor de encendido\/apagado integrado \u2192 S\u00ed<\/li>\n<\/ul>\n<h4>Dise\u00f1o<\/h4>\n<ul>\n<li>Tipo \u2192 Aspiradora cil\u00edndrica<\/li>\n<li>Tipo de limpiador \u2192 Secar<\/li>\n<li>Capacidad para polvo \u2192 0,5<\/li>\n<li>Color del producto \u2192 Negro, Acero inoxidable<\/li>\n<li>Material del recipiente \u2192 Pl\u00e1stico<\/li>\n<li>Tipo de tubo \u2192 Fijo<\/li>\n<li>Material del tubo \u2192 Aluminio<\/li>\n<li>Longitud del tubo \u2192 70<\/li>\n<\/ul>\n<h4>Desempe\u00f1o<\/h4>\n<ul>\n<li>M\u00e9todo de separaci\u00f3n de la suciedad \u2192 Cicl\u00f3nico<\/li>\n<li>Cantidad de etapas de filtraci\u00f3n de aire \u2192 3<\/li>\n<li>Eficiencia \u2192 99<\/li>\n<li>Filtro extra\u00edble \u2192 S\u00ed<\/li>\n<li>Filtro lavable \u2192 S\u00ed<\/li>\n<li>Uso adecuado \u2192 Hogar<\/li>\n<li>Superficies de limpieza \u2192 Suelo duro, Alfombra<\/li>\n<li>Nivel de ruido \u2192 77<\/li>\n<\/ul>\n<\/div>\n","protected":false},"excerpt":{"rendered":"<p>ASPIRADOR ESCOBA TAURUS ULTIMATE DIGITAL FUZZY 25,2V El aspirador escoba Taurus Ultimate Digital Fuzzy es un dispositivo potente y vers\u00e1til<\/p>\n","protected":false},"featured_media":199215,"comment_status":"open","ping_status":"closed","template":"","meta":{"_joinchat":[]},"product_cat":[6514,6513,825],"product_tag":[],"class_list":{"0":"post-199214","1":"product","2":"type-product","3":"status-publish","4":"has-post-thumbnail","6":"product_cat-aspiradores-de-escoba","7":"product_cat-aspiracion-y-limpieza","8":"product_cat-pequeno-electrodomestico","9":"pa_marca-taurus","11":"first","12":"instock","13":"sale","14":"taxable","15":"shipping-taxable","16":"purchasable","17":"product-type-simple"},"_links":{"self":[{"href":"https:\/\/desdropi.com\/elparque\/wp-json\/wp\/v2\/product\/199214"}],"collection":[{"href":"https:\/\/desdropi.com\/elparque\/wp-json\/wp\/v2\/product"}],"about":[{"href":"https:\/\/desdropi.com\/elparque\/wp-json\/wp\/v2\/types\/product"}],"replies":[{"embeddable":true,"href":"https:\/\/desdropi.com\/elparque\/wp-json\/wp\/v2\/comments?post=199214"}],"version-history":[{"count":0,"href":"https:\/\/desdropi.com\/elparque\/wp-json\/wp\/v2\/product\/199214\/revisions"}],"wp:featuredmedia":[{"embeddable":true,"href":"https:\/\/desdropi.com\/elparque\/wp-json\/wp\/v2\/media\/199215"}],"wp:attachment":[{"href":"https:\/\/desdropi.com\/elparque\/wp-json\/wp\/v2\/media?parent=199214"}],"wp:term":[{"taxonomy":"product_cat","embeddable":true,"href":"https:\/\/desdropi.com\/elparque\/wp-json\/wp\/v2\/product_cat?post=199214"},{"taxonomy":"product_tag","embeddable":true,"href":"https:\/\/desdropi.com\/elparque\/wp-json\/wp\/v2\/product_tag?post=199214"}],"curies":[{"name":"wp","href":"https:\/\/api.w.org\/{rel}","templated":true}]}}