{"id":199229,"date":"2023-06-29T17:25:48","date_gmt":"2023-06-29T15:25:48","guid":{"rendered":"https:\/\/desdropi.com\/elparque\/?post_type=product&#038;p=199229"},"modified":"2024-05-17T13:01:19","modified_gmt":"2024-05-17T11:01:19","slug":"aspirador-trineo-rowenta-ro6189-c-b-400w-64db-mascotas","status":"publish","type":"product","link":"https:\/\/desdropi.com\/elparque\/aspirador-trineo-rowenta-ro6189-c-b-400w-64db-mascotas\/","title":{"rendered":"Aspirador Trineo Rowenta Ro6189 C\/B 400W 64Db Mascotas"},"content":{"rendered":"<div class=\"descripcion-tab\">\n<h4>ASPIRADOR TRINEO ROWENTA RO6189 C\/B 400W 64dB MASCOTAS<\/h4>\n<p>El <strong>aspirador trineo Rowenta RO6189<\/strong> es un poderoso electrodom\u00e9stico dise\u00f1ado espec\u00edficamente para hogares con mascotas. Con <strong>400W<\/strong> de potencia, es capaz de eliminar eficazmente el pelo de mascotas y otras part\u00edculas de suciedad de diferentes superficies. Adem\u00e1s, su nivel de ruido de <strong>64dB<\/strong> garantiza un funcionamiento silencioso, lo que es especialmente importante para no perturbar a las mascotas sensibles.<\/p>\n<p>Con su dise\u00f1o en forma de trineo, es f\u00e1cil de maniobrar y desplazar por toda la casa. Este aspirador ofrece una soluci\u00f3n confiable y eficiente para mantener un hogar limpio y libre de pelos de mascotas.<\/p>\n<h4>Peso y dimensiones<\/h4>\n<ul>\n<li>Profundidad del paquete \u2192 570<\/li>\n<li>Altura del paquete \u2192 295<\/li>\n<li>Ancho del paquete \u2192 380<\/li>\n<li>Peso del paquete \u2192 8,72<\/li>\n<li>Altura \u2192 255,3<\/li>\n<li>Profundidad \u2192 443,6<\/li>\n<li>Ancho \u2192 285<\/li>\n<li>Peso \u2192 7,14<\/li>\n<\/ul>\n<h4>Control de energ\u00eda<\/h4>\n<ul>\n<li>Potencia m\u00e1x. de entrada \u2192 400<\/li>\n<li>Control de potencia \u2192 Mec\u00e1nico<\/li>\n<li>Potencia variable \u2192 S\u00ed<\/li>\n<\/ul>\n<h4>Contenido del embalaje<\/h4>\n<ul>\n<li>N\u00famero de cepillos \u2192 5<\/li>\n<li>N\u00famero de bolsas de polvo \u2192 1<\/li>\n<li>Brushes included \u2192 Cepillo mini turbo<\/li>\n<\/ul>\n<h4>Ergonom\u00eda<\/h4>\n<ul>\n<li>Longitud del cable \u2192 8,4<\/li>\n<li>N\u00famero de posiciones de aparcamiento\/almacenamiento \u2192 2<\/li>\n<li>Banda protectora \u2192 S\u00ed<\/li>\n<li>Indicador de dep\u00f3sito de polvo lleno \u2192 S\u00ed<\/li>\n<li>Interruptor de encendido\/apagado integrado \u2192 S\u00ed<\/li>\n<li>Tipo de control \u2192 Botones, Giratorio<\/li>\n<li>Asa de transporte \u2192 S\u00ed<\/li>\n<li>Cantidad de asas \u2192 1<\/li>\n<li>Rebobinado autom\u00e1tico del cable \u2192 S\u00ed<\/li>\n<\/ul>\n<h4>Dise\u00f1o<\/h4>\n<ul>\n<li>Capacidad para polvo \u2192 4,5<\/li>\n<li>Number of 360\u00b0 rotating wheels \u2192 4<\/li>\n<li>Tipo de tubo \u2192 Telesc\u00f3pico<\/li>\n<li>Color del producto \u2192 Negro<\/li>\n<li>Manguera flexible \u2192 S\u00ed<\/li>\n<li>Tipo de dep\u00f3sito \u2192 Bolsa para el polvo<\/li>\n<li>Material del tubo \u2192 Metal<\/li>\n<li>Tipo de limpiador \u2192 Secar<\/li>\n<\/ul>\n<h4>Desempe\u00f1o<\/h4>\n<ul>\n<li>Nivel de ruido \u2192 69<\/li>\n<li>Cantidad de etapas de filtraci\u00f3n de aire \u2192 3<\/li>\n<li>Radio de operaci\u00f3n \u2192 12<\/li>\n<li>Pa\u00eds de origen \u2192 Francia<\/li>\n<li>Eficiencia \u2192 99,98<\/li>\n<li>Filtraci\u00f3n de aire en aspiradora \u2192 HEPA<\/li>\n<li>Uso adecuado \u2192 Hogar<\/li>\n<li>M\u00e9todo de separaci\u00f3n de la suciedad \u2192 Filtrado<\/li>\n<\/ul>\n<h4>Datos log\u00edsticos<\/h4>\n<ul>\n<li>Cantidad por pal\u00e9 \u2192 32<\/li>\n<li>Cantidad por contenedor (20ft) \u2192 420<\/li>\n<li>Cantidad por contenedor (40ft) \u2192 1008<\/li>\n<li>N\u00famero de capas por pal\u00e9 \u2192 8<\/li>\n<\/ul>\n<\/div>\n","protected":false},"excerpt":{"rendered":"<p>ASPIRADOR TRINEO ROWENTA RO6189 C\/B 400W 64dB MASCOTAS El aspirador trineo Rowenta RO6189 es un poderoso electrodom\u00e9stico dise\u00f1ado espec\u00edficamente para<\/p>\n","protected":false},"featured_media":199230,"comment_status":"open","ping_status":"closed","template":"","meta":{"_joinchat":[]},"product_cat":[6527,6513,825],"product_tag":[],"class_list":{"0":"post-199229","1":"product","2":"type-product","3":"status-publish","4":"has-post-thumbnail","6":"product_cat-aspiradores-de-trineo","7":"product_cat-aspiracion-y-limpieza","8":"product_cat-pequeno-electrodomestico","9":"pa_marca-rowenta","11":"first","12":"instock","13":"sale","14":"taxable","15":"shipping-taxable","16":"purchasable","17":"product-type-simple"},"_links":{"self":[{"href":"https:\/\/desdropi.com\/elparque\/wp-json\/wp\/v2\/product\/199229"}],"collection":[{"href":"https:\/\/desdropi.com\/elparque\/wp-json\/wp\/v2\/product"}],"about":[{"href":"https:\/\/desdropi.com\/elparque\/wp-json\/wp\/v2\/types\/product"}],"replies":[{"embeddable":true,"href":"https:\/\/desdropi.com\/elparque\/wp-json\/wp\/v2\/comments?post=199229"}],"version-history":[{"count":0,"href":"https:\/\/desdropi.com\/elparque\/wp-json\/wp\/v2\/product\/199229\/revisions"}],"wp:featuredmedia":[{"embeddable":true,"href":"https:\/\/desdropi.com\/elparque\/wp-json\/wp\/v2\/media\/199230"}],"wp:attachment":[{"href":"https:\/\/desdropi.com\/elparque\/wp-json\/wp\/v2\/media?parent=199229"}],"wp:term":[{"taxonomy":"product_cat","embeddable":true,"href":"https:\/\/desdropi.com\/elparque\/wp-json\/wp\/v2\/product_cat?post=199229"},{"taxonomy":"product_tag","embeddable":true,"href":"https:\/\/desdropi.com\/elparque\/wp-json\/wp\/v2\/product_tag?post=199229"}],"curies":[{"name":"wp","href":"https:\/\/api.w.org\/{rel}","templated":true}]}}