{"id":199244,"date":"2023-06-29T18:16:58","date_gmt":"2023-06-29T16:16:58","guid":{"rendered":"https:\/\/desdropi.com\/elparque\/?post_type=product&#038;p=199244"},"modified":"2024-05-17T13:01:19","modified_gmt":"2024-05-17T11:01:19","slug":"aspirador-escoba-hoover-hf110h011-216v-parking-30min","status":"publish","type":"product","link":"https:\/\/desdropi.com\/elparque\/aspirador-escoba-hoover-hf110h011-216v-parking-30min\/","title":{"rendered":"Aspirador Escoba Hoover Hf110H011 21,6V Parking 30Min"},"content":{"rendered":"<div class=\"descripcion-tab\">\n<h4>ASPIRADOR ESCOBA HOOVER HF110H011 21,6V PARKIng 30MIN<\/h4>\n<p>El <strong>aspirador escoba Hoover HF110H011<\/strong> es un dispositivo port\u00e1til y pr\u00e1ctico que te brinda la libertad de movimiento durante la limpieza. Con su dise\u00f1o de escoba, este aspirador es ligero y f\u00e1cil de manejar, lo que te permite llegar a lugares de dif\u00edcil acceso.<\/p>\n<p>Lo m\u00e1s destacado de este aspirador es su <strong>potente bater\u00eda de 21,6V<\/strong>, que proporciona hasta <strong>30 minutos<\/strong> de autonom\u00eda, permiti\u00e9ndote limpiar sin interrupciones. Esta capacidad de funcionamiento prolongado te permite abordar m\u00faltiples tareas de limpieza sin preocuparte por la duraci\u00f3n de la bater\u00eda.<\/p>\n<p>Adem\u00e1s, el aspirador escoba Hoover HF110H011 cuenta con una funci\u00f3n de <strong>estacionamiento<\/strong>, lo que significa que puedes dejarlo en posici\u00f3n vertical sin necesidad de apoyarlo en una pared o superficie. Esto facilita su almacenamiento y evita que ocupe mucho espacio en tu hogar.<\/p>\n<p>Con su potencia de succi\u00f3n eficiente, este aspirador es capaz de recoger f\u00e1cilmente el polvo, los pelos y otras part\u00edculas de suciedad de diferentes superficies, dejando tus suelos y alfombras limpios y libres de residuos.<\/p>\n<h4>Peso y dimensiones<\/h4>\n<ul>\n<li>Peso \u2192 2,4<\/li>\n<li>Ancho \u2192 260<\/li>\n<li>Profundidad \u2192 234<\/li>\n<li>Altura \u2192 1120<\/li>\n<li>Peso (sin accesorios) \u2192 2,4<\/li>\n<\/ul>\n<h4>Control de energ\u00eda<\/h4>\n<ul>\n<li>Fuente de energ\u00eda \u2192 Bater\u00eda<\/li>\n<li>Potencia m\u00e1x. de entrada \u2192 170<\/li>\n<li>Potencia del motor \u2192 170<\/li>\n<li>Voltaje de la pila \u2192 22<\/li>\n<li>Potencia de succi\u00f3n \u2192 25<\/li>\n<li>Tiempo de carga \u2192 12<\/li>\n<li>Tiempo de funcionamiento \u2192 30<\/li>\n<li>Tecnolog\u00eda de bater\u00eda \u2192 I\u00f3n de litio<\/li>\n<li>bater\u00eda extra\u00edble \u2192 S\u00ed<\/li>\n<li>Indicador de carga \u2192 S\u00ed<\/li>\n<\/ul>\n<h4>Empaquetado<\/h4>\n<ul>\n<li>Ancho del paquete \u2192 300<\/li>\n<li>Profundidad del paquete \u2192 178<\/li>\n<li>Altura del paquete \u2192 590<\/li>\n<li>Peso del paquete \u2192 4<\/li>\n<\/ul>\n<h4>Contenido del embalaje<\/h4>\n<ul>\n<li>Floor nozzle included \u2192 S\u00ed<\/li>\n<li>Boquilla estrecha \u2192 S\u00ed<\/li>\n<li>N\u00famero de bater\u00edas incluidas \u2192 1<\/li>\n<li>Cepillo motorizado \u2192 S\u00ed<\/li>\n<li>Boquilla para tapices incluida \u2192 No<\/li>\n<li>Brocha de empolvar \u2192 S\u00ed<\/li>\n<\/ul>\n<h4>Ergonom\u00eda<\/h4>\n<ul>\n<li>Filtro extra\u00edble \u2192 S\u00ed<\/li>\n<li>Parking position \u2192 S\u00ed<\/li>\n<li>Interruptor de encendido\/apagado integrado \u2192 S\u00ed<\/li>\n<li>Potencia variable \u2192 No<\/li>\n<li>Indicador de dep\u00f3sito de polvo lleno \u2192 No<\/li>\n<li>Indicadores LED \u2192 Estado<\/li>\n<li>Dep\u00f3sito f\u00e1cil de vaciar \u2192 S\u00ed<\/li>\n<li>Sistema de f\u00e1cil manejo \u2192 No<\/li>\n<\/ul>\n<h4>Bater\u00eda<\/h4>\n<ul>\n<li>Indicador de nivel de bater\u00eda \u2192 S\u00ed<\/li>\n<\/ul>\n<h4>Dise\u00f1o<\/h4>\n<ul>\n<li>Tipo de dep\u00f3sito \u2192 Sin bolsa<\/li>\n<li>Color del producto \u2192 Plata, Rojo<\/li>\n<li>Capacidad para polvo \u2192 0,9<\/li>\n<li>Aspirador de mano desmontable \u2192 S\u00ed<\/li>\n<li>Montaje de pared \u2192 S\u00ed<\/li>\n<li>Tubo de extensi\u00f3n \u2192 No<\/li>\n<\/ul>\n<h4>Desempe\u00f1o<\/h4>\n<ul>\n<li>Tipo de limpiador \u2192 Secar<\/li>\n<li>M\u00e9todo de separaci\u00f3n de la suciedad \u2192 Cicl\u00f3nico<\/li>\n<li>Id\u00f3neo para todo tipo de superficies \u2192 S\u00ed<\/li>\n<li>Filtraci\u00f3n de aire en aspiradora \u2192 Tela<\/li>\n<li>Turbo \u2192 S\u00ed<\/li>\n<li>N\u00famero de velocidades \u2192 1<\/li>\n<li>Iluminaci\u00f3n LED Incorporada \u2192 S\u00ed<\/li>\n<li>N\u00famero de niveles de potencia \u2192 1<\/li>\n<\/ul>\n<h4>Caracter\u00edsticas<\/h4>\n<ul>\n<li>Material de las ruedas \u2192 Caucho<\/li>\n<li>Cuidado de alergias \u2192 No<\/li>\n<\/ul>\n<\/div>\n","protected":false},"excerpt":{"rendered":"<p>ASPIRADOR ESCOBA HOOVER HF110H011 21,6V PARKIng 30MIN El aspirador escoba Hoover HF110H011 es un dispositivo port\u00e1til y pr\u00e1ctico que te<\/p>\n","protected":false},"featured_media":199248,"comment_status":"open","ping_status":"closed","template":"","meta":{"_joinchat":[]},"product_cat":[6514,6513,825],"product_tag":[],"class_list":{"0":"post-199244","1":"product","2":"type-product","3":"status-publish","4":"has-post-thumbnail","6":"product_cat-aspiradores-de-escoba","7":"product_cat-aspiracion-y-limpieza","8":"product_cat-pequeno-electrodomestico","9":"pa_marca-hoover","11":"first","12":"instock","13":"sale","14":"taxable","15":"shipping-taxable","16":"purchasable","17":"product-type-simple"},"_links":{"self":[{"href":"https:\/\/desdropi.com\/elparque\/wp-json\/wp\/v2\/product\/199244"}],"collection":[{"href":"https:\/\/desdropi.com\/elparque\/wp-json\/wp\/v2\/product"}],"about":[{"href":"https:\/\/desdropi.com\/elparque\/wp-json\/wp\/v2\/types\/product"}],"replies":[{"embeddable":true,"href":"https:\/\/desdropi.com\/elparque\/wp-json\/wp\/v2\/comments?post=199244"}],"version-history":[{"count":0,"href":"https:\/\/desdropi.com\/elparque\/wp-json\/wp\/v2\/product\/199244\/revisions"}],"wp:featuredmedia":[{"embeddable":true,"href":"https:\/\/desdropi.com\/elparque\/wp-json\/wp\/v2\/media\/199248"}],"wp:attachment":[{"href":"https:\/\/desdropi.com\/elparque\/wp-json\/wp\/v2\/media?parent=199244"}],"wp:term":[{"taxonomy":"product_cat","embeddable":true,"href":"https:\/\/desdropi.com\/elparque\/wp-json\/wp\/v2\/product_cat?post=199244"},{"taxonomy":"product_tag","embeddable":true,"href":"https:\/\/desdropi.com\/elparque\/wp-json\/wp\/v2\/product_tag?post=199244"}],"curies":[{"name":"wp","href":"https:\/\/api.w.org\/{rel}","templated":true}]}}