{"id":199257,"date":"2023-06-29T18:35:22","date_gmt":"2023-06-29T16:35:22","guid":{"rendered":"https:\/\/desdropi.com\/elparque\/?post_type=product&#038;p=199257"},"modified":"2024-05-17T13:01:19","modified_gmt":"2024-05-17T11:01:19","slug":"aspirador-robot-aeg-ar61ud1ug-mapea-c-voz-giroscopio","status":"publish","type":"product","link":"https:\/\/desdropi.com\/elparque\/aspirador-robot-aeg-ar61ud1ug-mapea-c-voz-giroscopio\/","title":{"rendered":"Aspirador Robot Aeg Ar61Ud1Ug Mapea C\/Voz Giroscopio"},"content":{"rendered":"<div class=\"descripcion-tab\">\n<h4>ASPIRADOR ROBOT AEG AR61UD1UG MAPEA C\/VOZ GIROSCOPIO<\/h4>\n<p>El <strong>aspirador robot AEG AR61UD1UG<\/strong> es un dispositivo inteligente que simplifica la tarea de limpieza en tu hogar. Con su capacidad de <strong>mapeo<\/strong>, el robot puede crear un mapa detallado de tus espacios para una limpieza eficiente y sistem\u00e1tica. Esto garantiza que ninguna \u00e1rea quede sin limpiar y optimiza el rendimiento del aspirador.<\/p>\n<p>Lo m\u00e1s destacado de este aspirador robot es su capacidad de <strong>control por voz<\/strong>, lo que te brinda la comodidad de operarlo con simples comandos de voz. Puedes utilizar asistentes de voz como Alexa o Google Assistant para iniciar, detener o programar la limpieza, sin necesidad de interactuar directamente con el robot.<\/p>\n<p>Gracias a su <strong>giroscopio<\/strong>, el aspirador robot AEG AR61UD1UG puede navegar y maniobrar de manera precisa y eficiente, evitando obst\u00e1culos y adapt\u00e1ndose a diferentes tipos de superficies.<\/p>\n<p>Con su sistema de aspiraci\u00f3n potente, el robot recoge eficazmente el polvo, los pelos y la suciedad de tus suelos, dej\u00e1ndolos limpios y libres de part\u00edculas no deseadas.<\/p>\n<h4>Peso y dimensiones<\/h4>\n<ul>\n<li>Altura \u2192 78<\/li>\n<li>Ancho \u2192 350<\/li>\n<li>Profundidad \u2192 350<\/li>\n<li>Peso \u2192 4,64<\/li>\n<\/ul>\n<h4>Control de energ\u00eda<\/h4>\n<ul>\n<li>Tecnolog\u00eda de bater\u00eda \u2192 I\u00f3n de litio<\/li>\n<li>Voltaje de la pila \u2192 14,4<\/li>\n<li>Frecuencia de entrada AC \u2192 50<\/li>\n<li>Autonom\u00eda (minutos) \u2192 120<\/li>\n<\/ul>\n<h4>Dise\u00f1o<\/h4>\n<ul>\n<li>Color del producto \u2192 Gris<\/li>\n<li>Forma \u2192 Alrededor<\/li>\n<li>Tipo aspirador \u2192 Robot<\/li>\n<\/ul>\n<h4>Desempe\u00f1o<\/h4>\n<ul>\n<li>Nivel de ruido \u2192 72<\/li>\n<li>F\u00e1cil de limpiar \u2192 S\u00ed<\/li>\n<li>N\u00famero de cepillos \u2192 3<\/li>\n<\/ul>\n<\/div>\n","protected":false},"excerpt":{"rendered":"<p>ASPIRADOR ROBOT AEG AR61UD1UG MAPEA C\/VOZ GIROSCOPIO El aspirador robot AEG AR61UD1UG es un dispositivo inteligente que simplifica la tarea<\/p>\n","protected":false},"featured_media":199260,"comment_status":"open","ping_status":"closed","template":"","meta":{"_joinchat":[]},"product_cat":[6515,6513,825],"product_tag":[],"class_list":{"0":"post-199257","1":"product","2":"type-product","3":"status-publish","4":"has-post-thumbnail","6":"product_cat-robots-aspiradores","7":"product_cat-aspiracion-y-limpieza","8":"product_cat-pequeno-electrodomestico","9":"pa_marca-aeg","11":"first","12":"instock","13":"sale","14":"taxable","15":"shipping-taxable","16":"purchasable","17":"product-type-simple"},"_links":{"self":[{"href":"https:\/\/desdropi.com\/elparque\/wp-json\/wp\/v2\/product\/199257"}],"collection":[{"href":"https:\/\/desdropi.com\/elparque\/wp-json\/wp\/v2\/product"}],"about":[{"href":"https:\/\/desdropi.com\/elparque\/wp-json\/wp\/v2\/types\/product"}],"replies":[{"embeddable":true,"href":"https:\/\/desdropi.com\/elparque\/wp-json\/wp\/v2\/comments?post=199257"}],"version-history":[{"count":0,"href":"https:\/\/desdropi.com\/elparque\/wp-json\/wp\/v2\/product\/199257\/revisions"}],"wp:featuredmedia":[{"embeddable":true,"href":"https:\/\/desdropi.com\/elparque\/wp-json\/wp\/v2\/media\/199260"}],"wp:attachment":[{"href":"https:\/\/desdropi.com\/elparque\/wp-json\/wp\/v2\/media?parent=199257"}],"wp:term":[{"taxonomy":"product_cat","embeddable":true,"href":"https:\/\/desdropi.com\/elparque\/wp-json\/wp\/v2\/product_cat?post=199257"},{"taxonomy":"product_tag","embeddable":true,"href":"https:\/\/desdropi.com\/elparque\/wp-json\/wp\/v2\/product_tag?post=199257"}],"curies":[{"name":"wp","href":"https:\/\/api.w.org\/{rel}","templated":true}]}}