{"id":199429,"date":"2023-07-10T19:17:52","date_gmt":"2023-07-10T17:17:52","guid":{"rendered":"https:\/\/desdropi.com\/elparque\/?post_type=product&#038;p=199429"},"modified":"2024-05-17T13:01:20","modified_gmt":"2024-05-17T11:01:20","slug":"secador-rowenta-cv6930-ac-2200-w-difuso","status":"publish","type":"product","link":"https:\/\/desdropi.com\/elparque\/secador-rowenta-cv6930-ac-2200-w-difuso\/","title":{"rendered":"Secador Rowenta Cv6930 Ac 2200 W Difuso"},"content":{"rendered":"<div class=\"descripcion-tab\">\n<h4>SECADOR ROWENTA CV6930 AC 2200 W DIFUSO<\/h4>\n<p>El <strong>secador Rowenta CV6930 AC 2200W Difuso<\/strong> es un potente secador de pelo dise\u00f1ado para ofrecer un secado eficiente y vers\u00e1til. Con una potencia de 2200W y un motor de corriente alterna (AC), este secador proporciona un flujo de aire potente y constante para un secado r\u00e1pido.<\/p>\n<p>Destaca su boquilla difusora, que dispersa el aire de manera suave y uniforme para crear rizos definidos y ondas naturales. Esta caracter\u00edstica es ideal para aquellos con cabello rizado o que desean agregar volumen y textura a su peinado.<\/p>\n<p>El Rowenta CV6930 tambi\u00e9n cuenta con varias velocidades y temperaturas ajustables, lo que permite adaptar el secado a las necesidades individuales del cabello. Adem\u00e1s, incluye una funci\u00f3n de aire fr\u00edo para fijar el peinado y aumentar su durabilidad.<\/p>\n<p>Este secador est\u00e1 dise\u00f1ado ergon\u00f3micamente, con un mango c\u00f3modo y un peso equilibrado que facilita su uso durante per\u00edodos prolongados sin causar fatiga en la mano.<\/p>\n<h4>Peso y dimensiones<\/h4>\n<ul>\n<li>Peso \u2192 1,1<\/li>\n<\/ul>\n<h4>Control de energ\u00eda<\/h4>\n<ul>\n<li>Potencia \u2192 2200<\/li>\n<\/ul>\n<h4>Empaquetado<\/h4>\n<ul>\n<li>Cantidad por paquete \u2192 1<\/li>\n<\/ul>\n<h4>Contenido del embalaje<\/h4>\n<ul>\n<li>Boquilla concentradora \u2192 S\u00ed<\/li>\n<li>Difusor de la boquilla \u2192 S\u00ed<\/li>\n<li>Altura de la boquilla estrecha \u2192 9<\/li>\n<\/ul>\n<h4>Dise\u00f1o<\/h4>\n<ul>\n<li>Rejilla extra\u00edble \u2192 S\u00ed<\/li>\n<li>Color del producto \u2192 Negro<\/li>\n<li>Dise\u00f1ado para viaje \u2192 S\u00ed<\/li>\n<li>Para colgar \u2192 S\u00ed<\/li>\n<li>Tipo de colgador \u2192 Con agujero en la empu\u00f1adura para colgar<\/li>\n<li>Longitud del cable \u2192 1,8<\/li>\n<li>Tipo de control \u2192 Botones<\/li>\n<\/ul>\n<h4>Desempe\u00f1o<\/h4>\n<ul>\n<li>Funci\u00f3n de disparo fr\u00edo \u2192 S\u00ed<\/li>\n<li>Funci\u00f3n i\u00f3nica \u2192 No<\/li>\n<li>N\u00famero de velocidades \u2192 2<\/li>\n<li>Ajuste de calefacci\u00f3n \u2192 2<\/li>\n<li>Tipo de Motor \u2192 Corriente alterna<\/li>\n<\/ul>\n<\/div>\n","protected":false},"excerpt":{"rendered":"<p>SECADOR ROWENTA CV6930 AC 2200 W DIFUSO El secador Rowenta CV6930 AC 2200W Difuso es un potente secador de pelo<\/p>\n","protected":false},"featured_media":199432,"comment_status":"open","ping_status":"closed","template":"","meta":{"_joinchat":[]},"product_cat":[6511,6510,825,6097],"product_tag":[],"class_list":{"0":"post-199429","1":"product","2":"type-product","3":"status-publish","4":"has-post-thumbnail","6":"product_cat-secadores-de-pelo","7":"product_cat-vello-y-pelo","8":"product_cat-pequeno-electrodomestico","9":"product_cat-cuidado-personal","10":"pa_marca-rowenta","12":"first","13":"instock","14":"taxable","15":"shipping-taxable","16":"purchasable","17":"product-type-simple"},"_links":{"self":[{"href":"https:\/\/desdropi.com\/elparque\/wp-json\/wp\/v2\/product\/199429"}],"collection":[{"href":"https:\/\/desdropi.com\/elparque\/wp-json\/wp\/v2\/product"}],"about":[{"href":"https:\/\/desdropi.com\/elparque\/wp-json\/wp\/v2\/types\/product"}],"replies":[{"embeddable":true,"href":"https:\/\/desdropi.com\/elparque\/wp-json\/wp\/v2\/comments?post=199429"}],"version-history":[{"count":0,"href":"https:\/\/desdropi.com\/elparque\/wp-json\/wp\/v2\/product\/199429\/revisions"}],"wp:featuredmedia":[{"embeddable":true,"href":"https:\/\/desdropi.com\/elparque\/wp-json\/wp\/v2\/media\/199432"}],"wp:attachment":[{"href":"https:\/\/desdropi.com\/elparque\/wp-json\/wp\/v2\/media?parent=199429"}],"wp:term":[{"taxonomy":"product_cat","embeddable":true,"href":"https:\/\/desdropi.com\/elparque\/wp-json\/wp\/v2\/product_cat?post=199429"},{"taxonomy":"product_tag","embeddable":true,"href":"https:\/\/desdropi.com\/elparque\/wp-json\/wp\/v2\/product_tag?post=199429"}],"curies":[{"name":"wp","href":"https:\/\/api.w.org\/{rel}","templated":true}]}}