{"id":199453,"date":"2023-07-10T20:26:38","date_gmt":"2023-07-10T18:26:38","guid":{"rendered":"https:\/\/desdropi.com\/elparque\/?post_type=product&#038;p=199453"},"modified":"2024-05-17T13:01:20","modified_gmt":"2024-05-17T11:01:20","slug":"secador-rowenta-cv887l-k-lagerfeld-ac-2200w-kerati","status":"publish","type":"product","link":"https:\/\/desdropi.com\/elparque\/secador-rowenta-cv887l-k-lagerfeld-ac-2200w-kerati\/","title":{"rendered":"Secador Rowenta Cv887L K.Lagerfeld Ac 2200W Kerati"},"content":{"rendered":"<div class=\"descripcion-tab\">\n<h4>SECADOR ROWENTA CV887L K.LAGERFELD AC 2200W KERATI<\/h4>\n<p>El <strong>secador Rowenta CV887L K.Lagerfeld AC 2200W Kerati<\/strong> es un secador de pelo de alto rendimiento que combina potencia y cuidado del cabello. Con una potencia de 2200W y un motor de corriente alterna (AC), proporciona un flujo de aire potente y constante para un secado r\u00e1pido.<\/p>\n<p>Destaca por su tecnolog\u00eda <strong>Kerati<\/strong>, que utiliza aceite de arg\u00e1n y queratina para nutrir y proteger el cabello durante el secado. Estos ingredientes ayudan a mantener la salud y la suavidad del cabello, reduciendo los da\u00f1os causados por el calor y evitando el encrespamiento.<\/p>\n<p>El Rowenta CV887L tambi\u00e9n ofrece m\u00faltiples configuraciones de velocidad y temperatura, permitiendo adaptar el secado a las necesidades individuales del cabello. Adem\u00e1s, cuenta con una boquilla concentradora para un secado m\u00e1s preciso y un acabado suave.<\/p>\n<p>Este secador est\u00e1 dise\u00f1ado ergon\u00f3micamente, con un mango c\u00f3modo y un peso equilibrado que facilita su uso durante per\u00edodos prolongados sin causar fatiga en la mano.<\/p>\n<h4>Peso y dimensiones<\/h4>\n<ul>\n<li>Altura298<\/li>\n<li>Profundidad182<\/li>\n<li>Ancho92,5<\/li>\n<li>Peso840<\/li>\n<\/ul>\n<h4>Control de energ\u00eda<\/h4>\n<ul>\n<li>Potencia \u2192 2200<\/li>\n<li>Voltaje de entrada AC \u2192 220 &#8211; 240<\/li>\n<\/ul>\n<h4>Empaquetado<\/h4>\n<ul>\n<li>Profundidad del paquete \u2192 300<\/li>\n<li>Altura del paquete \u2192 233<\/li>\n<li>Ancho del paquete \u2192 106<\/li>\n<li>Peso del paquete \u2192 1,26<\/li>\n<li>Cantidad por paquete \u2192 1<\/li>\n<\/ul>\n<h4>Contenido del embalaje<\/h4>\n<ul>\n<li>Tipo de difusor \u2192 Difusor de copa<\/li>\n<li>Boquilla concentradora \u2192 S\u00ed<\/li>\n<li>Altura de la boquilla estrecha \u2192 6<\/li>\n<\/ul>\n<h4>Dise\u00f1o<\/h4>\n<ul>\n<li>Pa\u00eds de origen \u2192 China<\/li>\n<li>Color del producto \u2192 Negro<\/li>\n<li>Dise\u00f1ado para viaje \u2192 No<\/li>\n<li>Para colgar \u2192 S\u00ed<\/li>\n<li>Tipo de colgador \u2192 Con agujero en la empu\u00f1adura para colgar<\/li>\n<li>Tipo de control \u2192 Botones<\/li>\n<\/ul>\n<h4>Desempe\u00f1o<\/h4>\n<ul>\n<li>N\u00famero de ajustes de temperatura \u2192 3<\/li>\n<li>N\u00famero de velocidades \u2192 2<\/li>\n<li>Tipo de Motor \u2192 Corriente alterna<\/li>\n<li>Funci\u00f3n de disparo fr\u00edo \u2192 S\u00ed<\/li>\n<li>Funci\u00f3n i\u00f3nica \u2192 S\u00ed<\/li>\n<li>Ajuste de calefacci\u00f3n \u2192 3<\/li>\n<li>Temperatura ajustable \u2192 S\u00ed<\/li>\n<\/ul>\n<h4>Datos log\u00edsticos<\/h4>\n<ul>\n<li>Cantidad por contenedor (20ft) \u2192 3090<\/li>\n<li>Cantidad por contenedor (40ft) \u2192 6600<\/li>\n<li>N\u00famero de capas por pal\u00e9 \u2192 4<\/li>\n<li>Cantidad por capa de palet \u2192 18<\/li>\n<li>Cantidad por pal\u00e9 \u2192 72<\/li>\n<\/ul>\n<\/div>\n","protected":false},"excerpt":{"rendered":"<p>SECADOR ROWENTA CV887L K.LAGERFELD AC 2200W KERATI El secador Rowenta CV887L K.Lagerfeld AC 2200W Kerati es un secador de pelo<\/p>\n","protected":false},"featured_media":199456,"comment_status":"open","ping_status":"closed","template":"","meta":{"_joinchat":[]},"product_cat":[6511,6510,825,6097],"product_tag":[],"class_list":{"0":"post-199453","1":"product","2":"type-product","3":"status-publish","4":"has-post-thumbnail","6":"product_cat-secadores-de-pelo","7":"product_cat-vello-y-pelo","8":"product_cat-pequeno-electrodomestico","9":"product_cat-cuidado-personal","10":"pa_marca-rowenta","12":"first","13":"instock","14":"taxable","15":"shipping-taxable","16":"purchasable","17":"product-type-simple"},"_links":{"self":[{"href":"https:\/\/desdropi.com\/elparque\/wp-json\/wp\/v2\/product\/199453"}],"collection":[{"href":"https:\/\/desdropi.com\/elparque\/wp-json\/wp\/v2\/product"}],"about":[{"href":"https:\/\/desdropi.com\/elparque\/wp-json\/wp\/v2\/types\/product"}],"replies":[{"embeddable":true,"href":"https:\/\/desdropi.com\/elparque\/wp-json\/wp\/v2\/comments?post=199453"}],"version-history":[{"count":0,"href":"https:\/\/desdropi.com\/elparque\/wp-json\/wp\/v2\/product\/199453\/revisions"}],"wp:featuredmedia":[{"embeddable":true,"href":"https:\/\/desdropi.com\/elparque\/wp-json\/wp\/v2\/media\/199456"}],"wp:attachment":[{"href":"https:\/\/desdropi.com\/elparque\/wp-json\/wp\/v2\/media?parent=199453"}],"wp:term":[{"taxonomy":"product_cat","embeddable":true,"href":"https:\/\/desdropi.com\/elparque\/wp-json\/wp\/v2\/product_cat?post=199453"},{"taxonomy":"product_tag","embeddable":true,"href":"https:\/\/desdropi.com\/elparque\/wp-json\/wp\/v2\/product_tag?post=199453"}],"curies":[{"name":"wp","href":"https:\/\/api.w.org\/{rel}","templated":true}]}}