{"id":199525,"date":"2023-07-11T11:25:20","date_gmt":"2023-07-11T09:25:20","guid":{"rendered":"https:\/\/desdropi.com\/elparque\/?post_type=product&#038;p=199525"},"modified":"2024-05-17T13:01:21","modified_gmt":"2024-05-17T11:01:21","slug":"secador-cecotec-ioncare-5300maxi-04203-2200w-ac-ag","status":"publish","type":"product","link":"https:\/\/desdropi.com\/elparque\/secador-cecotec-ioncare-5300maxi-04203-2200w-ac-ag\/","title":{"rendered":"Secador Cecotec Ioncare 5300Maxi 04203 2200W Ac Ag"},"content":{"rendered":"<div class=\"descripcion-tab\">\n<h4>SECADOR CECOTEC IONCARE 5300MAXI 04203 2200W AC AG<\/h4>\n<p>El <strong>secador Cecotec IonCare 5300Maxi 04203<\/strong> es un secador de pelo potente con una potencia de <strong>2200W<\/strong>. Su caracter\u00edstica m\u00e1s destacada es su tecnolog\u00eda <strong>AC<\/strong>, que proporciona un flujo de aire constante y duradero. Adem\u00e1s, cuenta con funci\u00f3n <strong>ionizadora<\/strong>, que reduce el frizz y deja el cabello m\u00e1s suave y brillante. Con un dise\u00f1o ergon\u00f3mico y elegante en color plata, este secador es c\u00f3modo de usar y tiene un aspecto moderno.<\/p>\n<p>El secador Cecotec IonCare 5300Maxi 04203 es ideal para obtener resultados profesionales y cuidar tu cabello de manera efectiva.<\/p>\n<h4>Control de energ\u00eda<\/h4>\n<ul>\n<li>Potencia \u2192 2200<\/li>\n<li>Voltaje de entrada AC \u2192 220 &#8211; 240<\/li>\n<li>Frecuencia de entrada AC \u2192 50\/60<\/li>\n<\/ul>\n<h4>Empaquetado<\/h4>\n<ul>\n<li>Tipo de embalaje \u2192 Caja<\/li>\n<\/ul>\n<h4>Contenido del embalaje<\/h4>\n<ul>\n<li>Boquilla concentradora \u2192 S\u00ed<\/li>\n<li>Difusor de la boquilla \u2192 No<\/li>\n<\/ul>\n<h4>Dise\u00f1o<\/h4>\n<ul>\n<li>Para colgar \u2192 S\u00ed<\/li>\n<li>Tipo de colgador \u2192 Anilla para colgar<\/li>\n<\/ul>\n<h4>Desempe\u00f1o<\/h4>\n<ul>\n<li>Funci\u00f3n de disparo fr\u00edo \u2192 S\u00ed<\/li>\n<li>Funci\u00f3n i\u00f3nica \u2192 S\u00ed<\/li>\n<li>N\u00famero de velocidades \u2192 2<\/li>\n<li>Ajuste de calefacci\u00f3n \u2192 3<\/li>\n<\/ul>\n<\/div>\n","protected":false},"excerpt":{"rendered":"<p>SECADOR CECOTEC IONCARE 5300MAXI 04203 2200W AC AG El secador Cecotec IonCare 5300Maxi 04203 es un secador de pelo potente<\/p>\n","protected":false},"featured_media":199528,"comment_status":"open","ping_status":"closed","template":"","meta":{"_joinchat":[]},"product_cat":[6511,6510,825,6097],"product_tag":[],"class_list":{"0":"post-199525","1":"product","2":"type-product","3":"status-publish","4":"has-post-thumbnail","6":"product_cat-secadores-de-pelo","7":"product_cat-vello-y-pelo","8":"product_cat-pequeno-electrodomestico","9":"product_cat-cuidado-personal","10":"pa_marca-cecotec","12":"first","13":"instock","14":"taxable","15":"shipping-taxable","16":"purchasable","17":"product-type-simple"},"_links":{"self":[{"href":"https:\/\/desdropi.com\/elparque\/wp-json\/wp\/v2\/product\/199525"}],"collection":[{"href":"https:\/\/desdropi.com\/elparque\/wp-json\/wp\/v2\/product"}],"about":[{"href":"https:\/\/desdropi.com\/elparque\/wp-json\/wp\/v2\/types\/product"}],"replies":[{"embeddable":true,"href":"https:\/\/desdropi.com\/elparque\/wp-json\/wp\/v2\/comments?post=199525"}],"version-history":[{"count":0,"href":"https:\/\/desdropi.com\/elparque\/wp-json\/wp\/v2\/product\/199525\/revisions"}],"wp:featuredmedia":[{"embeddable":true,"href":"https:\/\/desdropi.com\/elparque\/wp-json\/wp\/v2\/media\/199528"}],"wp:attachment":[{"href":"https:\/\/desdropi.com\/elparque\/wp-json\/wp\/v2\/media?parent=199525"}],"wp:term":[{"taxonomy":"product_cat","embeddable":true,"href":"https:\/\/desdropi.com\/elparque\/wp-json\/wp\/v2\/product_cat?post=199525"},{"taxonomy":"product_tag","embeddable":true,"href":"https:\/\/desdropi.com\/elparque\/wp-json\/wp\/v2\/product_tag?post=199525"}],"curies":[{"name":"wp","href":"https:\/\/api.w.org\/{rel}","templated":true}]}}