{"id":199530,"date":"2023-07-11T11:49:53","date_gmt":"2023-07-11T09:49:53","guid":{"rendered":"https:\/\/desdropi.com\/elparque\/?post_type=product&#038;p=199530"},"modified":"2024-05-17T13:01:22","modified_gmt":"2024-05-17T11:01:22","slug":"secador-bellissima-p5-3800-ceramico-ion-2300w","status":"publish","type":"product","link":"https:\/\/desdropi.com\/elparque\/secador-bellissima-p5-3800-ceramico-ion-2300w\/","title":{"rendered":"Secador Bellissima P5 3800 Cer\u00e1mico Ion 2300W"},"content":{"rendered":"<div class=\"descripcion-tab\">\n<h4>SECADOR BELLISSIMA P5 3800 CER\u00c1MICO ION 2300W<\/h4>\n<p>El <strong>secador Bellissima P5 3800<\/strong> es un secador de pelo potente con una potencia de <strong>2300W<\/strong>. Su caracter\u00edstica m\u00e1s destacada es su tecnolog\u00eda <strong>cer\u00e1mica y i\u00f3nica<\/strong>, que ayuda a proteger el cabello del calor y reduce el frizz para obtener un resultado suave y brillante. Con diferentes ajustes de temperatura y velocidad, puedes personalizar tu experiencia de secado. Adem\u00e1s, su dise\u00f1o ergon\u00f3mico y ligero proporciona comodidad durante su uso.<\/p>\n<p>El secador Bellissima P5 3800 es una excelente opci\u00f3n para obtener un secado r\u00e1pido y un cabello radiante.<\/p>\n<h4>Control de energ\u00eda<\/h4>\n<ul>\n<li>Potencia \u2192 2300<\/li>\n<li>Voltaje de entrada AC \u2192 220-240<\/li>\n<li>Frecuencia de entrada AC \u2192 50 &#8211; 60<\/li>\n<\/ul>\n<h4>Contenido del embalaje<\/h4>\n<ul>\n<li>Difusor de la boquilla \u2192 S\u00ed<\/li>\n<li>Boquilla concentradora \u2192 S\u00ed<\/li>\n<li>N\u00famero de cepillos \u2192 3<\/li>\n<\/ul>\n<h4>Dise\u00f1o<\/h4>\n<ul>\n<li>Certificaci\u00f3n \u2192 CE<\/li>\n<li>Para colgar \u2192 S\u00ed<\/li>\n<li>Tipo de colgador \u2192 Con agujero en la empu\u00f1adura para colgar<\/li>\n<li>Color del producto \u2192 Negro, Oro rosa<\/li>\n<li>Filtro extra\u00edble \u2192 S\u00ed<\/li>\n<li>Longitud del cable \u2192 3<\/li>\n<li>Dise\u00f1ado para viaje \u2192 No<\/li>\n<li>Pa\u00eds de origen \u2192 Italia<\/li>\n<\/ul>\n<h4>Desempe\u00f1o<\/h4>\n<ul>\n<li>Funci\u00f3n de disparo fr\u00edo \u2192 S\u00ed<\/li>\n<li>Funci\u00f3n i\u00f3nica \u2192 S\u00ed<\/li>\n<li>N\u00famero de velocidades \u2192 2<\/li>\n<li>Ajuste de calefacci\u00f3n \u2192 3<\/li>\n<li>Sistema de calefacci\u00f3n de cer\u00e1mica \u2192 S\u00ed<\/li>\n<li>Tipo de Motor \u2192 Corriente alterna<\/li>\n<li>Filtrado \u2192 S\u00ed<\/li>\n<\/ul>\n<\/div>\n","protected":false},"excerpt":{"rendered":"<p>SECADOR BELLISSIMA P5 3800 CER\u00c1MICO ION 2300W El secador Bellissima P5 3800 es un secador de pelo potente con una<\/p>\n","protected":false},"featured_media":199534,"comment_status":"open","ping_status":"closed","template":"","meta":{"_joinchat":[]},"product_cat":[6511,6510,825,6097],"product_tag":[],"class_list":{"0":"post-199530","1":"product","2":"type-product","3":"status-publish","4":"has-post-thumbnail","6":"product_cat-secadores-de-pelo","7":"product_cat-vello-y-pelo","8":"product_cat-pequeno-electrodomestico","9":"product_cat-cuidado-personal","10":"pa_marca-bellisima","12":"first","13":"instock","14":"taxable","15":"shipping-taxable","16":"purchasable","17":"product-type-simple"},"_links":{"self":[{"href":"https:\/\/desdropi.com\/elparque\/wp-json\/wp\/v2\/product\/199530"}],"collection":[{"href":"https:\/\/desdropi.com\/elparque\/wp-json\/wp\/v2\/product"}],"about":[{"href":"https:\/\/desdropi.com\/elparque\/wp-json\/wp\/v2\/types\/product"}],"replies":[{"embeddable":true,"href":"https:\/\/desdropi.com\/elparque\/wp-json\/wp\/v2\/comments?post=199530"}],"version-history":[{"count":0,"href":"https:\/\/desdropi.com\/elparque\/wp-json\/wp\/v2\/product\/199530\/revisions"}],"wp:featuredmedia":[{"embeddable":true,"href":"https:\/\/desdropi.com\/elparque\/wp-json\/wp\/v2\/media\/199534"}],"wp:attachment":[{"href":"https:\/\/desdropi.com\/elparque\/wp-json\/wp\/v2\/media?parent=199530"}],"wp:term":[{"taxonomy":"product_cat","embeddable":true,"href":"https:\/\/desdropi.com\/elparque\/wp-json\/wp\/v2\/product_cat?post=199530"},{"taxonomy":"product_tag","embeddable":true,"href":"https:\/\/desdropi.com\/elparque\/wp-json\/wp\/v2\/product_tag?post=199530"}],"curies":[{"name":"wp","href":"https:\/\/api.w.org\/{rel}","templated":true}]}}