{"id":199541,"date":"2023-07-11T12:12:01","date_gmt":"2023-07-11T10:12:01","guid":{"rendered":"https:\/\/desdropi.com\/elparque\/?post_type=product&#038;p=199541"},"modified":"2024-05-17T13:01:22","modified_gmt":"2024-05-17T11:01:22","slug":"secador-braun-brhd180e-1800w-viaje-blanco","status":"publish","type":"product","link":"https:\/\/desdropi.com\/elparque\/secador-braun-brhd180e-1800w-viaje-blanco\/","title":{"rendered":"Secador Braun Brhd180E 1800W Viaje Blanco"},"content":{"rendered":"<div class=\"descripcion-tab\">\n<h4>SECADOR BRAUN BRHD180E 1800W VIAJE BLANCO<\/h4>\n<p>El <strong>secador Braun BRHD180E<\/strong> es un secador de pelo dise\u00f1ado especialmente para viajes con una potencia de <strong>1800W<\/strong>. Su caracter\u00edstica m\u00e1s destacada es su tama\u00f1o compacto y port\u00e1til, perfecto para llevarlo contigo a cualquier lugar. A pesar de su tama\u00f1o reducido, este secador ofrece un rendimiento eficiente y potente. El secador Braun BRHD180E es una excelente opci\u00f3n para aquellos que buscan un secador de viaje confiable y funcional en color blanco.<\/p>\n<h4>Control de energ\u00eda<\/h4>\n<ul>\n<li>Potencia \u2192 1800<\/li>\n<\/ul>\n<h4>Empaquetado<\/h4>\n<ul>\n<li>Cantidad por paquete \u2192 1<\/li>\n<li>Tipo de embalaje \u2192 Caja<\/li>\n<\/ul>\n<h4>Contenido del embalaje<\/h4>\n<ul>\n<li>Boquilla concentradora \u2192 S\u00ed<\/li>\n<li>Manual de usuario \u2192 S\u00ed<\/li>\n<\/ul>\n<h4>Dise\u00f1o<\/h4>\n<ul>\n<li>Color del producto \u2192 Blanco<\/li>\n<li>Coloraci\u00f3n de superficie \u2192 Monocromo<\/li>\n<li>Para colgar \u2192 S\u00ed<\/li>\n<li>Tipo de colgador \u2192 Con agujero en la empu\u00f1adura para colgar<\/li>\n<li>Tipo de control \u2192 Botones, Control deslizante<\/li>\n<li>Rejilla extra\u00edble \u2192 S\u00ed<\/li>\n<\/ul>\n<h4>Desempe\u00f1o<\/h4>\n<ul>\n<li>Funci\u00f3n de disparo fr\u00edo \u2192 S\u00ed<\/li>\n<li>Funci\u00f3n i\u00f3nica\u2192\u00a0 No<\/li>\n<li>N\u00famero de velocidades \u2192 2<\/li>\n<li>Temperatura ajustable \u2192 S\u00ed<\/li>\n<li>N\u00famero de ajustes de temperatura \u2192 2<\/li>\n<li>Dos ajustes de calor \u2192 S\u00ed<\/li>\n<\/ul>\n<\/div>\n","protected":false},"excerpt":{"rendered":"<p>SECADOR BRAUN BRHD180E 1800W VIAJE BLANCO El secador Braun BRHD180E es un secador de pelo dise\u00f1ado especialmente para viajes con<\/p>\n","protected":false},"featured_media":199547,"comment_status":"open","ping_status":"closed","template":"","meta":{"_joinchat":[]},"product_cat":[6511,6510,825,6097],"product_tag":[],"class_list":{"0":"post-199541","1":"product","2":"type-product","3":"status-publish","4":"has-post-thumbnail","6":"product_cat-secadores-de-pelo","7":"product_cat-vello-y-pelo","8":"product_cat-pequeno-electrodomestico","9":"product_cat-cuidado-personal","10":"pa_marca-braun","12":"first","13":"instock","14":"taxable","15":"shipping-taxable","16":"purchasable","17":"product-type-simple"},"_links":{"self":[{"href":"https:\/\/desdropi.com\/elparque\/wp-json\/wp\/v2\/product\/199541"}],"collection":[{"href":"https:\/\/desdropi.com\/elparque\/wp-json\/wp\/v2\/product"}],"about":[{"href":"https:\/\/desdropi.com\/elparque\/wp-json\/wp\/v2\/types\/product"}],"replies":[{"embeddable":true,"href":"https:\/\/desdropi.com\/elparque\/wp-json\/wp\/v2\/comments?post=199541"}],"version-history":[{"count":0,"href":"https:\/\/desdropi.com\/elparque\/wp-json\/wp\/v2\/product\/199541\/revisions"}],"wp:featuredmedia":[{"embeddable":true,"href":"https:\/\/desdropi.com\/elparque\/wp-json\/wp\/v2\/media\/199547"}],"wp:attachment":[{"href":"https:\/\/desdropi.com\/elparque\/wp-json\/wp\/v2\/media?parent=199541"}],"wp:term":[{"taxonomy":"product_cat","embeddable":true,"href":"https:\/\/desdropi.com\/elparque\/wp-json\/wp\/v2\/product_cat?post=199541"},{"taxonomy":"product_tag","embeddable":true,"href":"https:\/\/desdropi.com\/elparque\/wp-json\/wp\/v2\/product_tag?post=199541"}],"curies":[{"name":"wp","href":"https:\/\/api.w.org\/{rel}","templated":true}]}}