{"id":199549,"date":"2023-07-11T12:23:37","date_gmt":"2023-07-11T10:23:37","guid":{"rendered":"https:\/\/desdropi.com\/elparque\/?post_type=product&#038;p=199549"},"modified":"2024-05-17T13:01:22","modified_gmt":"2024-05-17T11:01:22","slug":"secador-tristar-hd2450-2200w-negro","status":"publish","type":"product","link":"https:\/\/desdropi.com\/elparque\/secador-tristar-hd2450-2200w-negro\/","title":{"rendered":"Secador Tristar Hd2450 2200W Negro"},"content":{"rendered":"<div class=\"descripcion-tab\">\n<h4>SECADOR TRISTAR HD2450 2200W NEGRO<\/h4>\n<p>El <strong>secador Tristar HD2450<\/strong> es un secador de pelo potente con una potencia de <strong>2200W<\/strong>. Su caracter\u00edstica m\u00e1s destacada es su dise\u00f1o elegante en color <strong>negro<\/strong>, que le otorga un aspecto moderno y sofisticado. Con diferentes ajustes de temperatura y velocidad, puedes adaptar el secado a tus necesidades.<\/p>\n<p>El secador Tristar HD2450 es una excelente opci\u00f3n para obtener resultados profesionales y mantener tu cabello luciendo impecable.<\/p>\n<h4>Control de energ\u00eda<\/h4>\n<ul>\n<li>Voltaje de entrada AC \u2192 240 V<\/li>\n<li>Potencia \u2192 2200<\/li>\n<\/ul>\n<h4>Contenido del embalaje<\/h4>\n<ul>\n<li>Boquilla concentradora \u2192 S\u00ed<\/li>\n<li>Difusor de la boquilla \u2192 S\u00ed<\/li>\n<\/ul>\n<h4>Dise\u00f1o<\/h4>\n<ul>\n<li>Longitud del cable \u2192 1,8 m<\/li>\n<\/ul>\n<h4>Desempe\u00f1o<\/h4>\n<ul>\n<li>Funci\u00f3n i\u00f3nica \u2192 S\u00ed<\/li>\n<\/ul>\n<h4>Caracter\u00edsticas<\/h4>\n<ul>\n<li>Funci\u00f3n de disparo fr\u00edo \u2192 S\u00ed<\/li>\n<li>Funci\u00f3n i\u00f3nica \u2192 S\u00ed<\/li>\n<li>Color del producto \u2192 Negro<\/li>\n<li>N\u00famero de velocidades \u2192 2<\/li>\n<li>Ajuste de calefacci\u00f3n \u2192 3<\/li>\n<li>Protecci\u00f3n contra sobrecalentamiento \u2192 S\u00ed<\/li>\n<li>Mango plegable \u2192 No<\/li>\n<li>Material de la carcasa \u2192 Caucho<\/li>\n<li>Tipo de colgador \u2192 Con agujero en la empu\u00f1adura para colgar<\/li>\n<li>Para colgar \u2192 S\u00ed<\/li>\n<\/ul>\n<\/div>\n","protected":false},"excerpt":{"rendered":"<p>SECADOR TRISTAR HD2450 2200W NEGRO El secador Tristar HD2450 es un secador de pelo potente con una potencia de 2200W.<\/p>\n","protected":false},"featured_media":199553,"comment_status":"open","ping_status":"closed","template":"","meta":{"_joinchat":[]},"product_cat":[6511,6510,825,6097],"product_tag":[],"class_list":{"0":"post-199549","1":"product","2":"type-product","3":"status-publish","4":"has-post-thumbnail","6":"product_cat-secadores-de-pelo","7":"product_cat-vello-y-pelo","8":"product_cat-pequeno-electrodomestico","9":"product_cat-cuidado-personal","10":"pa_marca-tristar","12":"first","13":"instock","14":"taxable","15":"shipping-taxable","16":"purchasable","17":"product-type-simple"},"_links":{"self":[{"href":"https:\/\/desdropi.com\/elparque\/wp-json\/wp\/v2\/product\/199549"}],"collection":[{"href":"https:\/\/desdropi.com\/elparque\/wp-json\/wp\/v2\/product"}],"about":[{"href":"https:\/\/desdropi.com\/elparque\/wp-json\/wp\/v2\/types\/product"}],"replies":[{"embeddable":true,"href":"https:\/\/desdropi.com\/elparque\/wp-json\/wp\/v2\/comments?post=199549"}],"version-history":[{"count":0,"href":"https:\/\/desdropi.com\/elparque\/wp-json\/wp\/v2\/product\/199549\/revisions"}],"wp:featuredmedia":[{"embeddable":true,"href":"https:\/\/desdropi.com\/elparque\/wp-json\/wp\/v2\/media\/199553"}],"wp:attachment":[{"href":"https:\/\/desdropi.com\/elparque\/wp-json\/wp\/v2\/media?parent=199549"}],"wp:term":[{"taxonomy":"product_cat","embeddable":true,"href":"https:\/\/desdropi.com\/elparque\/wp-json\/wp\/v2\/product_cat?post=199549"},{"taxonomy":"product_tag","embeddable":true,"href":"https:\/\/desdropi.com\/elparque\/wp-json\/wp\/v2\/product_tag?post=199549"}],"curies":[{"name":"wp","href":"https:\/\/api.w.org\/{rel}","templated":true}]}}