{"id":199555,"date":"2023-07-11T12:36:36","date_gmt":"2023-07-11T10:36:36","guid":{"rendered":"https:\/\/desdropi.com\/elparque\/?post_type=product&#038;p=199555"},"modified":"2024-05-17T13:01:22","modified_gmt":"2024-05-17T11:01:22","slug":"secador-babyliss-d572de-2200w-ac-ionico","status":"publish","type":"product","link":"https:\/\/desdropi.com\/elparque\/secador-babyliss-d572de-2200w-ac-ionico\/","title":{"rendered":"Secador Babyliss D572De 2200W Ac Ionico"},"content":{"rendered":"<div class=\"descripcion-tab\">\n<h4>SECADOR BABYLISS D572DE 2200W AC IONICO<\/h4>\n<p>El <strong>secador BaByliss D572DE<\/strong> es un potente secador de pelo con una potencia de <strong>2200W<\/strong>. Su caracter\u00edstica m\u00e1s destacada es su tecnolog\u00eda <strong>AC i\u00f3nica<\/strong>, que proporciona un flujo de aire constante y reduce el frizz del cabello. Con diferentes ajustes de temperatura y velocidad, puedes adaptar el secado a tus necesidades. El secador BaByliss D572DE es una opci\u00f3n ideal para obtener resultados profesionales, manteniendo tu cabello suave y brillante.<\/p>\n<h4>Control de energ\u00eda<\/h4>\n<ul>\n<li>Potencia \u2192 2200<\/li>\n<\/ul>\n<h4>Empaquetado<\/h4>\n<ul>\n<li>Cantidad por paquete \u2192 1<\/li>\n<\/ul>\n<h4>Contenido del embalaje<\/h4>\n<ul>\n<li>Difusor de la boquilla \u2192 S\u00ed<\/li>\n<li>Boquilla concentradora \u2192 S\u00ed<\/li>\n<\/ul>\n<h4>Dise\u00f1o<\/h4>\n<ul>\n<li>Longitud del cable \u2192 1,95<\/li>\n<li>Color del producto \u2192 Negro<\/li>\n<li>Coloraci\u00f3n de superficie \u2192 Mon\u00f3tono<\/li>\n<li>Para colgar \u2192 S\u00ed<\/li>\n<li>Tipo de colgador \u2192 Con agujero en la empu\u00f1adura para colgar<\/li>\n<\/ul>\n<h4>Desempe\u00f1o<\/h4>\n<ul>\n<li>Funci\u00f3n i\u00f3nica \u2192 S\u00ed<\/li>\n<li>N\u00famero de velocidades \u2192 2<\/li>\n<li>Ajuste de calefacci\u00f3n \u2192 3<\/li>\n<li>Sistema de calefacci\u00f3n de cer\u00e1mica \u2192 S\u00ed<\/li>\n<\/ul>\n<\/div>\n","protected":false},"excerpt":{"rendered":"<p>SECADOR BABYLISS D572DE 2200W AC IONICO El secador BaByliss D572DE es un potente secador de pelo con una potencia de<\/p>\n","protected":false},"featured_media":199558,"comment_status":"open","ping_status":"closed","template":"","meta":{"_joinchat":[]},"product_cat":[6511,6510,825,6097],"product_tag":[],"class_list":{"0":"post-199555","1":"product","2":"type-product","3":"status-publish","4":"has-post-thumbnail","6":"product_cat-secadores-de-pelo","7":"product_cat-vello-y-pelo","8":"product_cat-pequeno-electrodomestico","9":"product_cat-cuidado-personal","10":"pa_marca-babyliss","12":"first","13":"instock","14":"taxable","15":"shipping-taxable","16":"purchasable","17":"product-type-simple"},"_links":{"self":[{"href":"https:\/\/desdropi.com\/elparque\/wp-json\/wp\/v2\/product\/199555"}],"collection":[{"href":"https:\/\/desdropi.com\/elparque\/wp-json\/wp\/v2\/product"}],"about":[{"href":"https:\/\/desdropi.com\/elparque\/wp-json\/wp\/v2\/types\/product"}],"replies":[{"embeddable":true,"href":"https:\/\/desdropi.com\/elparque\/wp-json\/wp\/v2\/comments?post=199555"}],"version-history":[{"count":0,"href":"https:\/\/desdropi.com\/elparque\/wp-json\/wp\/v2\/product\/199555\/revisions"}],"wp:featuredmedia":[{"embeddable":true,"href":"https:\/\/desdropi.com\/elparque\/wp-json\/wp\/v2\/media\/199558"}],"wp:attachment":[{"href":"https:\/\/desdropi.com\/elparque\/wp-json\/wp\/v2\/media?parent=199555"}],"wp:term":[{"taxonomy":"product_cat","embeddable":true,"href":"https:\/\/desdropi.com\/elparque\/wp-json\/wp\/v2\/product_cat?post=199555"},{"taxonomy":"product_tag","embeddable":true,"href":"https:\/\/desdropi.com\/elparque\/wp-json\/wp\/v2\/product_tag?post=199555"}],"curies":[{"name":"wp","href":"https:\/\/api.w.org\/{rel}","templated":true}]}}