{"id":199560,"date":"2023-07-11T13:20:03","date_gmt":"2023-07-11T11:20:03","guid":{"rendered":"https:\/\/desdropi.com\/elparque\/?post_type=product&#038;p=199560"},"modified":"2024-05-17T13:01:23","modified_gmt":"2024-05-17T11:01:23","slug":"secador-solac-sp7152-2400w-ae-ion-difusor","status":"publish","type":"product","link":"https:\/\/desdropi.com\/elparque\/secador-solac-sp7152-2400w-ae-ion-difusor\/","title":{"rendered":"Secador Solac Sp7152 2400W Ae Ion Difusor"},"content":{"rendered":"<div class=\"descripcion-tab\">\n<h4>SECADOR SOLAC SP7152 2400W AE ION DIFUSOR<\/h4>\n<p>El <strong>secador Solac SP7152 2400W AE Ion Difusor<\/strong> es un potente secador de pelo que combina una alta potencia de 2400W con la tecnolog\u00eda de iones para lograr un secado r\u00e1pido y eficiente. Este secador cuenta con un difusor, que es ideal para crear volumen y definici\u00f3n en el cabello rizado o con ondas. Adem\u00e1s, su funci\u00f3n de ionizaci\u00f3n ayuda a reducir el encrespamiento y aporta brillo al cabello.<\/p>\n<p>Con varias velocidades y temperaturas ajustables, el secador Solac SP7152 permite personalizar el proceso de secado seg\u00fan las necesidades individuales. Su dise\u00f1o ergon\u00f3mico y ligero garantiza un manejo c\u00f3modo y su cable de alimentaci\u00f3n largo proporciona mayor libertad de movimiento<\/p>\n<h4>Control de energ\u00eda<\/h4>\n<ul>\n<li>Potencia \u2192 2400 W<\/li>\n<\/ul>\n<h4>Detalles t\u00e9cnicos<\/h4>\n<ul>\n<li>Funci\u00f3n de disparo fr\u00edo \u2192 S\u00ed<\/li>\n<li>Funci\u00f3n i\u00f3nica \u2192 S\u00ed<\/li>\n<li>Color del producto \u2192 Negro<\/li>\n<li>N\u00famero de velocidades \u2192 2<\/li>\n<li>Ajuste de calefacci\u00f3n \u2192 3<\/li>\n<li>Filtrado \u2192 S\u00ed<\/li>\n<li>Material de la carcasa \u2192 De pl\u00e1stico<\/li>\n<li>Mango plegable \u2192 No<\/li>\n<li>Anillo de suspensi\u00f3n \u2192 S\u00ed<\/li>\n<li>Tipo de Motor \u2192 AC<\/li>\n<\/ul>\n<h4>Contenido del embalaje<\/h4>\n<ul>\n<li>Boquilla concentradora \u2192 S\u00ed<\/li>\n<li>Difusor de la boquilla \u2192 S\u00ed<\/li>\n<\/ul>\n<h4>Desempe\u00f1o<\/h4>\n<ul>\n<li>Funci\u00f3n i\u00f3nica \u2192 S\u00ed<\/li>\n<\/ul>\n<h4>Caracter\u00edsticas<\/h4>\n<ul>\n<li>Para colgar \u2192 S\u00ed<\/li>\n<li>Tipo de colgador \u2192 Hanging ring<\/li>\n<\/ul>\n<\/div>\n","protected":false},"excerpt":{"rendered":"<p>SECADOR SOLAC SP7152 2400W AE ION DIFUSOR El secador Solac SP7152 2400W AE Ion Difusor es un potente secador de<\/p>\n","protected":false},"featured_media":199562,"comment_status":"open","ping_status":"closed","template":"","meta":{"_joinchat":[]},"product_cat":[6511,6510,825,6097],"product_tag":[],"class_list":{"0":"post-199560","1":"product","2":"type-product","3":"status-publish","4":"has-post-thumbnail","6":"product_cat-secadores-de-pelo","7":"product_cat-vello-y-pelo","8":"product_cat-pequeno-electrodomestico","9":"product_cat-cuidado-personal","10":"pa_marca-solac","12":"first","13":"instock","14":"taxable","15":"shipping-taxable","16":"purchasable","17":"product-type-simple"},"_links":{"self":[{"href":"https:\/\/desdropi.com\/elparque\/wp-json\/wp\/v2\/product\/199560"}],"collection":[{"href":"https:\/\/desdropi.com\/elparque\/wp-json\/wp\/v2\/product"}],"about":[{"href":"https:\/\/desdropi.com\/elparque\/wp-json\/wp\/v2\/types\/product"}],"replies":[{"embeddable":true,"href":"https:\/\/desdropi.com\/elparque\/wp-json\/wp\/v2\/comments?post=199560"}],"version-history":[{"count":0,"href":"https:\/\/desdropi.com\/elparque\/wp-json\/wp\/v2\/product\/199560\/revisions"}],"wp:featuredmedia":[{"embeddable":true,"href":"https:\/\/desdropi.com\/elparque\/wp-json\/wp\/v2\/media\/199562"}],"wp:attachment":[{"href":"https:\/\/desdropi.com\/elparque\/wp-json\/wp\/v2\/media?parent=199560"}],"wp:term":[{"taxonomy":"product_cat","embeddable":true,"href":"https:\/\/desdropi.com\/elparque\/wp-json\/wp\/v2\/product_cat?post=199560"},{"taxonomy":"product_tag","embeddable":true,"href":"https:\/\/desdropi.com\/elparque\/wp-json\/wp\/v2\/product_tag?post=199560"}],"curies":[{"name":"wp","href":"https:\/\/api.w.org\/{rel}","templated":true}]}}