{"id":199565,"date":"2023-07-11T13:44:15","date_gmt":"2023-07-11T11:44:15","guid":{"rendered":"https:\/\/desdropi.com\/elparque\/?post_type=product&#038;p=199565"},"modified":"2024-05-17T13:01:24","modified_gmt":"2024-05-17T11:01:24","slug":"secador-blackdecker-bxhda2400e-2400w-ac-ionic","status":"publish","type":"product","link":"https:\/\/desdropi.com\/elparque\/secador-blackdecker-bxhda2400e-2400w-ac-ionic\/","title":{"rendered":"Secador Black&#038;Decker Bxhda2400E 2400W Ac Ionic"},"content":{"rendered":"<div class=\"descripcion-tab\">\n<h4>SECADOR BLACK&amp;DECKER BXHDA2400E 2400W AC IONIC<\/h4>\n<p>El <strong>secador Black&amp;Decker BXHDA2400E 2400W AC Ionic<\/strong> es una potente herramienta de cuidado del cabello que ofrece un secado r\u00e1pido y eficiente. Con una potencia de 2400W, este secador proporciona un flujo de aire potente para acelerar el proceso de secado. Su tecnolog\u00eda i\u00f3nica ayuda a reducir el encrespamiento y aporta brillo al cabello, dej\u00e1ndolo suave y manejable. Este secador cuenta con diferentes ajustes de velocidad y temperatura, permiti\u00e9ndote personalizar el secado de acuerdo a tus necesidades y preferencias. Adem\u00e1s, su dise\u00f1o ergon\u00f3mico y ligero facilita su manejo y su cable de alimentaci\u00f3n largo brinda mayor libertad de movimiento.<\/p>\n<h4>Control de energ\u00eda<\/h4>\n<ul>\n<li>Potencia \u2192 2400<\/li>\n<\/ul>\n<h4>Empaquetado<\/h4>\n<ul>\n<li>Cantidad por paquete \u2192 1<\/li>\n<li>Tipo de embalaje \u2192 Caja<\/li>\n<\/ul>\n<h4>Contenido del embalaje<\/h4>\n<ul>\n<li>Boquilla concentradora \u2192 S\u00ed<\/li>\n<li>Difusor de la boquilla \u2192 S\u00ed<\/li>\n<li>Manual de usuario \u2192 S\u00ed<\/li>\n<\/ul>\n<h4>Dise\u00f1o<\/h4>\n<ul>\n<li>Color del producto \u2192 Negro, plata<\/li>\n<li>Para colgar \u2192 S\u00ed<\/li>\n<li>Tipo de colgador \u2192 Con agujero en la empu\u00f1adura para colgar<\/li>\n<li>Mango plegable \u2192 No<\/li>\n<li>Pantalla incorporada \u2192 No<\/li>\n<li>Tipo de control \u2192 Control deslizante<\/li>\n<\/ul>\n<h4>Desempe\u00f1o<\/h4>\n<ul>\n<li>Funci\u00f3n de disparo fr\u00edo \u2192 S\u00ed<\/li>\n<li>Funci\u00f3n i\u00f3nica \u2192 S\u00ed<\/li>\n<li>Ajuste de calefacci\u00f3n \u2192 3<\/li>\n<li>N\u00famero de velocidades \u2192 2<\/li>\n<\/ul>\n<\/div>\n","protected":false},"excerpt":{"rendered":"<p>SECADOR BLACK&amp;DECKER BXHDA2400E 2400W AC IONIC El secador Black&amp;Decker BXHDA2400E 2400W AC Ionic es una potente herramienta de cuidado del<\/p>\n","protected":false},"featured_media":199567,"comment_status":"open","ping_status":"closed","template":"","meta":{"_joinchat":[]},"product_cat":[6511,6510,825,6097],"product_tag":[],"class_list":{"0":"post-199565","1":"product","2":"type-product","3":"status-publish","4":"has-post-thumbnail","6":"product_cat-secadores-de-pelo","7":"product_cat-vello-y-pelo","8":"product_cat-pequeno-electrodomestico","9":"product_cat-cuidado-personal","11":"first","12":"instock","13":"taxable","14":"shipping-taxable","15":"purchasable","16":"product-type-simple"},"_links":{"self":[{"href":"https:\/\/desdropi.com\/elparque\/wp-json\/wp\/v2\/product\/199565"}],"collection":[{"href":"https:\/\/desdropi.com\/elparque\/wp-json\/wp\/v2\/product"}],"about":[{"href":"https:\/\/desdropi.com\/elparque\/wp-json\/wp\/v2\/types\/product"}],"replies":[{"embeddable":true,"href":"https:\/\/desdropi.com\/elparque\/wp-json\/wp\/v2\/comments?post=199565"}],"version-history":[{"count":0,"href":"https:\/\/desdropi.com\/elparque\/wp-json\/wp\/v2\/product\/199565\/revisions"}],"wp:featuredmedia":[{"embeddable":true,"href":"https:\/\/desdropi.com\/elparque\/wp-json\/wp\/v2\/media\/199567"}],"wp:attachment":[{"href":"https:\/\/desdropi.com\/elparque\/wp-json\/wp\/v2\/media?parent=199565"}],"wp:term":[{"taxonomy":"product_cat","embeddable":true,"href":"https:\/\/desdropi.com\/elparque\/wp-json\/wp\/v2\/product_cat?post=199565"},{"taxonomy":"product_tag","embeddable":true,"href":"https:\/\/desdropi.com\/elparque\/wp-json\/wp\/v2\/product_tag?post=199565"}],"curies":[{"name":"wp","href":"https:\/\/api.w.org\/{rel}","templated":true}]}}