{"id":199589,"date":"2023-07-12T09:19:12","date_gmt":"2023-07-12T07:19:12","guid":{"rendered":"https:\/\/desdropi.com\/elparque\/?post_type=product&#038;p=199589"},"modified":"2024-05-17T13:01:25","modified_gmt":"2024-05-17T11:01:25","slug":"secador-babyliss-5337pre-2200w-rosa-blush","status":"publish","type":"product","link":"https:\/\/desdropi.com\/elparque\/secador-babyliss-5337pre-2200w-rosa-blush\/","title":{"rendered":"Secador Babyliss 5337Pre 2200W Rosa Blush"},"content":{"rendered":"<div class=\"descripcion-tab\">\n<h4>SECADOR BABYLISS 5337PRE 2200W ROSA BLUSH<\/h4>\n<p>El <strong>secador BaByliss 5337PRE<\/strong> es un potente secador de 2200W en un elegante color rosa blush. Dise\u00f1ado especialmente para el cuidado del cabello, este secador cuenta con caracter\u00edsticas destacadas que lo convierten en una opci\u00f3n ideal. Su motor de alta potencia ofrece un secado r\u00e1pido y eficiente, mientras que las m\u00faltiples velocidades y temperaturas ajustables permiten adaptarse a diferentes tipos de cabello.<\/p>\n<p>Una de las caracter\u00edsticas m\u00e1s importantes del secador BaByliss 5337PRE es su tecnolog\u00eda i\u00f3nica, que ayuda a reducir el encrespamiento y proporciona un cabello suave y brillante. Esta tecnolog\u00eda tambi\u00e9n ayuda a mantener la humedad natural del cabello, evitando el da\u00f1o causado por el calor.<\/p>\n<p>Adem\u00e1s, el secador incluye una boquilla concentradora que permite dirigir el flujo de aire de manera precisa para obtener resultados de peinado profesionales. Tambi\u00e9n cuenta con un bot\u00f3n de aire fr\u00edo que fija el peinado y proporciona un acabado duradero.<\/p>\n<p>El secador BaByliss 5337PRE es ligero y f\u00e1cil de manejar, lo que lo hace c\u00f3modo de usar durante largos periodos de tiempo. Su dise\u00f1o rosa blush agrega un toque de estilo y elegancia a tu rutina de cuidado del cabello.<\/p>\n<h4>Peso y dimensiones<\/h4>\n<ul>\n<li>Peso \u2192 438<\/li>\n<\/ul>\n<h4>Control de energ\u00eda<\/h4>\n<ul>\n<li>Potencia \u2192 2200<\/li>\n<\/ul>\n<h4>Empaquetado<\/h4>\n<ul>\n<li>Tipo de embalaje \u2192 Caja<\/li>\n<\/ul>\n<h4>Contenido del embalaje<\/h4>\n<ul>\n<li>Boquilla concentradora \u2192 S\u00ed<\/li>\n<li>Anchura de la boquilla estrecha \u2192 8<\/li>\n<li>Altura de la boquilla estrecha \u2192 8<\/li>\n<li>Difusor de la boquilla \u2192 No<\/li>\n<\/ul>\n<h4>Dise\u00f1o<\/h4>\n<ul>\n<li>Color del producto \u2192 Negro, Rosa<\/li>\n<li>Filtro extra\u00edble \u2192 S\u00ed<\/li>\n<li>Longitud del cable \u2192 2,2<\/li>\n<li>Cable giratorio \u2192 S\u00ed<\/li>\n<li>Coloraci\u00f3n de superficie \u2192 Mon\u00f3tono<\/li>\n<li>Tipo de colgador \u2192 Con agujero en la empu\u00f1adura para colgar<\/li>\n<\/ul>\n<h4>Desempe\u00f1o<\/h4>\n<ul>\n<li>Funci\u00f3n i\u00f3nica \u2192 S\u00ed<\/li>\n<li>Tipo de Motor \u2192 CC<\/li>\n<li>Velocidad del aire \u2192 25<\/li>\n<li>Ajuste de calefacci\u00f3n \u2192 3<\/li>\n<li>N\u00famero de velocidades \u2192 2<\/li>\n<li>Funci\u00f3n de disparo fr\u00edo \u2192 No<\/li>\n<li>Sistema de calefacci\u00f3n de cer\u00e1mica \u2192 S\u00ed<\/li>\n<li>flujo de aire \u2192 90<\/li>\n<\/ul>\n<\/div>\n","protected":false},"excerpt":{"rendered":"<p>SECADOR BABYLISS 5337PRE 2200W ROSA BLUSH El secador BaByliss 5337PRE es un potente secador de 2200W en un elegante color<\/p>\n","protected":false},"featured_media":199590,"comment_status":"open","ping_status":"closed","template":"","meta":{"_joinchat":[]},"product_cat":[6511,6510,825,6097],"product_tag":[],"class_list":{"0":"post-199589","1":"product","2":"type-product","3":"status-publish","4":"has-post-thumbnail","6":"product_cat-secadores-de-pelo","7":"product_cat-vello-y-pelo","8":"product_cat-pequeno-electrodomestico","9":"product_cat-cuidado-personal","10":"pa_marca-babyliss","12":"first","13":"instock","14":"taxable","15":"shipping-taxable","16":"purchasable","17":"product-type-simple"},"_links":{"self":[{"href":"https:\/\/desdropi.com\/elparque\/wp-json\/wp\/v2\/product\/199589"}],"collection":[{"href":"https:\/\/desdropi.com\/elparque\/wp-json\/wp\/v2\/product"}],"about":[{"href":"https:\/\/desdropi.com\/elparque\/wp-json\/wp\/v2\/types\/product"}],"replies":[{"embeddable":true,"href":"https:\/\/desdropi.com\/elparque\/wp-json\/wp\/v2\/comments?post=199589"}],"version-history":[{"count":0,"href":"https:\/\/desdropi.com\/elparque\/wp-json\/wp\/v2\/product\/199589\/revisions"}],"wp:featuredmedia":[{"embeddable":true,"href":"https:\/\/desdropi.com\/elparque\/wp-json\/wp\/v2\/media\/199590"}],"wp:attachment":[{"href":"https:\/\/desdropi.com\/elparque\/wp-json\/wp\/v2\/media?parent=199589"}],"wp:term":[{"taxonomy":"product_cat","embeddable":true,"href":"https:\/\/desdropi.com\/elparque\/wp-json\/wp\/v2\/product_cat?post=199589"},{"taxonomy":"product_tag","embeddable":true,"href":"https:\/\/desdropi.com\/elparque\/wp-json\/wp\/v2\/product_tag?post=199589"}],"curies":[{"name":"wp","href":"https:\/\/api.w.org\/{rel}","templated":true}]}}