{"id":199627,"date":"2023-07-12T10:32:03","date_gmt":"2023-07-12T08:32:03","guid":{"rendered":"https:\/\/desdropi.com\/elparque\/frigo-combi-nevir-nvr-5602ctnfd-188x60-display-blanco\/"},"modified":"2024-05-18T23:52:09","modified_gmt":"2024-05-18T21:52:09","slug":"frigo-combi-nevir-nvr-5602ctnfd-188x60-display-blanco","status":"publish","type":"product","link":"https:\/\/desdropi.com\/elparque\/frigo-combi-nevir-nvr-5602ctnfd-188x60-display-blanco\/","title":{"rendered":"Frigo Combi Nevir Nvr-5602Ctnfd 188X60 Display Blanco"},"content":{"rendered":"<div class=\"descripcion-tab\"><strong>Caracter\u00edsticas Principales<\/strong><\/p>\n<ul>\n<li>Frigor\u00edfico Tipo Combi<\/li>\n<li>Total No Frost<\/li>\n<li>Puertas en color blanco<\/li>\n<li>Panel digital en la puerta para control de temperatura<\/li>\n<li>Fast Cooling \u2013 enfriamiento r\u00e1pido<\/li>\n<li>Bandejas de cristal ajustables<\/li>\n<li>Iluminaci\u00f3n LED Interior<\/li>\n<li>Sistema Inverter de ventilaci\u00f3n<\/li>\n<li>Puertas reversibles<\/li>\n<li>Patas ajustables<\/li>\n<\/ul>\n<p><strong>Compartimentos<\/strong><\/p>\n<ul>\n<li>3 Baldas de cristal ajustables en altura<\/li>\n<li>5 Balcones de puerta de diferentes tama\u00f1os<\/li>\n<li>Caj\u00f3n para verduras y frutas para m\u00e1xima frescura<\/li>\n<li>3 cajones divisores transparentes en el congelador<\/li>\n<\/ul>\n<p><strong>Capacidad<\/strong><\/p>\n<ul>\n<li>Volumen Total de Uso: 302 Litros<\/li>\n<li>Volumen del Frigor\u00edfico: 224 Litros<\/li>\n<li>Volumen del Congelador: 86 Litros<\/li>\n<\/ul>\n<p><strong>Medidas<\/strong><\/p>\n<ul>\n<li>Ancho x Alto x Profundo (Unidad): 595 x 1880 x 630 mm<\/li>\n<li>Embalaje: 657 x 1950 x 688 mm<\/li>\n<li>Unidad de Embalaje: 1<\/li>\n<li>EAN: 8427155801856<\/li>\n<\/ul>\n<p><strong>Consumo<\/strong><\/p>\n<ul>\n<li>Consumo Energ\u00e9tico: 293 kWh\/a\u00f1o<\/li>\n<li>Alimentaci\u00f3n: 220-240V\/50Hz<\/li>\n<li>Refrigerante: R600A<\/li>\n<li>Sonoridad: 41 dB<\/li>\n<li>Clase Sub-Tropical*<\/li>\n<li>Clasificaci\u00f3n Energ\u00e9tica: F <em>(Rango \u00d3ptimo de funcionamiento entre +16\u00ba a +38\u00ba)<\/em><\/li>\n<\/ul>\n<\/div>\n","protected":false},"excerpt":{"rendered":"<p><a href=\"https:\/\/desdropi.com\/elparque\/wp-content\/uploads\/18884.pdf\" target=\"_blank\" rel=\"noopener\"><img decoding=\"async\" class=\"alignnone wp-image-205373 size-full\" src=\"https:\/\/desdropi.com\/elparque\/wp-content\/uploads\/eficiencia-F.png\" alt=\"\" width=\"56\" height=\"33\" \/><\/a><\/p>\n<p><a style=\"text-decoration: underline;\" href=\"https:\/\/desdropi.com\/elparque\/wp-content\/uploads\/18884.2.pdf\" target=\"_blank\" rel=\"noopener\">Ficha de informaci\u00f3n de producto<\/a><\/p>\n","protected":false},"featured_media":199628,"comment_status":"open","ping_status":"closed","template":"","meta":{"_joinchat":[]},"product_cat":[6442,6441,780],"product_tag":[],"class_list":{"0":"post-199627","1":"product","2":"type-product","3":"status-publish","4":"has-post-thumbnail","6":"product_cat-combis-frigorificos","7":"product_cat-frigorificos","8":"product_cat-gran-electrodomestico","9":"pa_marca-nevir","11":"first","12":"instock","13":"sale","14":"taxable","15":"shipping-taxable","16":"purchasable","17":"product-type-simple"},"_links":{"self":[{"href":"https:\/\/desdropi.com\/elparque\/wp-json\/wp\/v2\/product\/199627"}],"collection":[{"href":"https:\/\/desdropi.com\/elparque\/wp-json\/wp\/v2\/product"}],"about":[{"href":"https:\/\/desdropi.com\/elparque\/wp-json\/wp\/v2\/types\/product"}],"replies":[{"embeddable":true,"href":"https:\/\/desdropi.com\/elparque\/wp-json\/wp\/v2\/comments?post=199627"}],"version-history":[{"count":0,"href":"https:\/\/desdropi.com\/elparque\/wp-json\/wp\/v2\/product\/199627\/revisions"}],"wp:featuredmedia":[{"embeddable":true,"href":"https:\/\/desdropi.com\/elparque\/wp-json\/wp\/v2\/media\/199628"}],"wp:attachment":[{"href":"https:\/\/desdropi.com\/elparque\/wp-json\/wp\/v2\/media?parent=199627"}],"wp:term":[{"taxonomy":"product_cat","embeddable":true,"href":"https:\/\/desdropi.com\/elparque\/wp-json\/wp\/v2\/product_cat?post=199627"},{"taxonomy":"product_tag","embeddable":true,"href":"https:\/\/desdropi.com\/elparque\/wp-json\/wp\/v2\/product_tag?post=199627"}],"curies":[{"name":"wp","href":"https:\/\/api.w.org\/{rel}","templated":true}]}}