{"id":199695,"date":"2023-07-12T19:52:29","date_gmt":"2023-07-12T17:52:29","guid":{"rendered":"https:\/\/desdropi.com\/elparque\/?post_type=product&#038;p=199695"},"modified":"2024-05-17T13:01:25","modified_gmt":"2024-05-17T11:01:25","slug":"secador-taurus-fashion-2200-pure-2200w-ac","status":"publish","type":"product","link":"https:\/\/desdropi.com\/elparque\/secador-taurus-fashion-2200-pure-2200w-ac\/","title":{"rendered":"Secador Taurus Fashion 2200 Pure 2200W Ac"},"content":{"rendered":"<div class=\"descripcion-tab\">\n<h4>SECADOR TAURUS FASHION 2200 PURE 2200W AC<\/h4>\n<p>El <strong>secador Taurus Fashion 2200 Pure<\/strong> es un secador de alto rendimiento con una potencia de <strong>2200W AC<\/strong>, dise\u00f1ado para ofrecer un secado r\u00e1pido y eficiente. Este potente secador combina un motor AC duradero con tecnolog\u00eda avanzada para proporcionar resultados profesionales.<\/p>\n<p>Una de las caracter\u00edsticas m\u00e1s destacadas del secador Taurus Fashion 2200 Pure es su potencia de <strong>2200W AC<\/strong>, que garantiza un flujo de aire potente para un secado r\u00e1pido, incluso en cabellos m\u00e1s densos y gruesos. Con esta potencia, podr\u00e1s ahorrar tiempo en tu rutina diaria de peinado.<\/p>\n<p>Adem\u00e1s de su potencia, el secador Taurus Fashion 2200 Pure ofrece un dise\u00f1o ergon\u00f3mico y ligero, lo que lo hace c\u00f3modo de usar durante per\u00edodos prolongados. Su cable de alimentaci\u00f3n largo te brinda libertad de movimiento y flexibilidad.<\/p>\n<p>El secador Taurus Fashion 2200 Pure tambi\u00e9n incluye caracter\u00edsticas adicionales como diferentes ajustes de temperatura y velocidad, permiti\u00e9ndote personalizar tu experiencia de secado seg\u00fan tus necesidades. Adem\u00e1s, cuenta con una tecnolog\u00eda de iones para reducir el encrespamiento y dejar tu cabello suave y brillante.<\/p>\n<h4>Control de energ\u00eda<\/h4>\n<ul>\n<li>Potencia \u2192 2200<\/li>\n<\/ul>\n<h4>Dise\u00f1o<\/h4>\n<ul>\n<li>Color del producto \u2192 Gris, Oro rosa, Blanco<\/li>\n<li>Dise\u00f1ado para viaje \u2192 No<\/li>\n<li>Para colgar \u2192 S\u00ed<\/li>\n<li>Tipo de colgador \u2192 Con agujero en la empu\u00f1adura para colgar<\/li>\n<li>Filtro extra\u00edble \u2192 S\u00ed<\/li>\n<li>Rejilla extra\u00edble \u2192 S\u00ed<\/li>\n<\/ul>\n<h4>Desempe\u00f1o<\/h4>\n<ul>\n<li>Funci\u00f3n i\u00f3nica \u2192 No<\/li>\n<li>N\u00famero de velocidades \u2192 2<\/li>\n<li>Ajuste de calefacci\u00f3n \u2192 3<\/li>\n<li>Funci\u00f3n de disparo fr\u00edo \u2192 S\u00ed<\/li>\n<li>Tipo de Motor \u2192 Corriente alterna<\/li>\n<\/ul>\n<\/div>\n","protected":false},"excerpt":{"rendered":"<p>SECADOR TAURUS FASHION 2200 PURE 2200W AC El secador Taurus Fashion 2200 Pure es un secador de alto rendimiento con<\/p>\n","protected":false},"featured_media":199698,"comment_status":"open","ping_status":"closed","template":"","meta":{"_joinchat":[]},"product_cat":[6511,6510,825,6097],"product_tag":[],"class_list":{"0":"post-199695","1":"product","2":"type-product","3":"status-publish","4":"has-post-thumbnail","6":"product_cat-secadores-de-pelo","7":"product_cat-vello-y-pelo","8":"product_cat-pequeno-electrodomestico","9":"product_cat-cuidado-personal","10":"pa_marca-taurus","12":"first","13":"instock","14":"taxable","15":"shipping-taxable","16":"purchasable","17":"product-type-simple"},"_links":{"self":[{"href":"https:\/\/desdropi.com\/elparque\/wp-json\/wp\/v2\/product\/199695"}],"collection":[{"href":"https:\/\/desdropi.com\/elparque\/wp-json\/wp\/v2\/product"}],"about":[{"href":"https:\/\/desdropi.com\/elparque\/wp-json\/wp\/v2\/types\/product"}],"replies":[{"embeddable":true,"href":"https:\/\/desdropi.com\/elparque\/wp-json\/wp\/v2\/comments?post=199695"}],"version-history":[{"count":0,"href":"https:\/\/desdropi.com\/elparque\/wp-json\/wp\/v2\/product\/199695\/revisions"}],"wp:featuredmedia":[{"embeddable":true,"href":"https:\/\/desdropi.com\/elparque\/wp-json\/wp\/v2\/media\/199698"}],"wp:attachment":[{"href":"https:\/\/desdropi.com\/elparque\/wp-json\/wp\/v2\/media?parent=199695"}],"wp:term":[{"taxonomy":"product_cat","embeddable":true,"href":"https:\/\/desdropi.com\/elparque\/wp-json\/wp\/v2\/product_cat?post=199695"},{"taxonomy":"product_tag","embeddable":true,"href":"https:\/\/desdropi.com\/elparque\/wp-json\/wp\/v2\/product_tag?post=199695"}],"curies":[{"name":"wp","href":"https:\/\/api.w.org\/{rel}","templated":true}]}}