{"id":199755,"date":"2023-07-13T11:46:05","date_gmt":"2023-07-13T09:46:05","guid":{"rendered":"https:\/\/desdropi.com\/elparque\/?post_type=product&#038;p=199755"},"modified":"2024-06-05T11:33:55","modified_gmt":"2024-06-05T09:33:55","slug":"secador-cecotec-bamba-ioncare-6000-04226-brushless","status":"publish","type":"product","link":"https:\/\/desdropi.com\/elparque\/secador-cecotec-bamba-ioncare-6000-04226-brushless\/","title":{"rendered":"Secador Cecotec Bamba Ioncare 6000 04226 Brushless"},"content":{"rendered":"<div class=\"descripcion-tab\">\n<h4>SECADOR CECOTEC BAMBA IONCARE 6000 04226 BRUSHLESS<\/h4>\n<p>El <strong>secador Cecotec Bamba IonCare 6000 04226 Brushless<\/strong> es un potente secador de pelo con tecnolog\u00eda avanzada. Dise\u00f1ado para proporcionar un secado r\u00e1pido y eficiente, este secador es ideal para cuidar y estilizar tu cabello.<\/p>\n<p>La caracter\u00edstica m\u00e1s destacada de este producto es su tecnolog\u00eda <strong>Brushless<\/strong>, que se refiere al motor sin escobillas. Este tipo de motor ofrece una mayor durabilidad, menor nivel de ruido y mayor eficiencia energ\u00e9tica en comparaci\u00f3n con los motores convencionales. Adem\u00e1s, proporciona un flujo de aire constante y potente para un secado r\u00e1pido y sin da\u00f1os.<\/p>\n<p>El secador Cecotec Bamba IonCare 6000 tambi\u00e9n cuenta con la funci\u00f3n <strong>IonCare<\/strong>, que emite iones negativos para reducir el encrespamiento y la electricidad est\u00e1tica. Esto deja tu cabello suave, sedoso y sin enredos, facilitando su peinado.<\/p>\n<p>Adem\u00e1s, este secador ofrece m\u00faltiples ajustes de temperatura y velocidad, lo que te permite personalizar tu experiencia de secado seg\u00fan tus necesidades. Tambi\u00e9n incluye un <strong>concentrador de aire<\/strong> y un <strong>difusor<\/strong>, que te permiten crear diferentes estilos y mejorar la textura del cabello.<\/p>\n<h4>Control de energ\u00eda<\/h4>\n<ul>\n<li>Potencia \u2192 2000<\/li>\n<\/ul>\n<h4>Contenido del embalaje<\/h4>\n<ul>\n<li>Difusor de la boquilla \u2192 S\u00ed<\/li>\n<li>Boquilla concentradora \u2192 S\u00ed<\/li>\n<li>Manual de usuario \u2192 S\u00ed<\/li>\n<\/ul>\n<h4>Dise\u00f1o<\/h4>\n<ul>\n<li>Color del producto \u2192 Negro, Oro rosado<\/li>\n<li>Coloraci\u00f3n de superficie \u2192 Monocromo<\/li>\n<li>Dise\u00f1ado para viaje \u2192 No<\/li>\n<\/ul>\n<h4>Desempe\u00f1o<\/h4>\n<ul>\n<li>Funci\u00f3n i\u00f3nica \u2192 S\u00ed<\/li>\n<li>Temperatura ajustable \u2192 S\u00ed<\/li>\n<li>N\u00famero de velocidades \u2192 3<\/li>\n<li>Ajuste de calefacci\u00f3n \u2192 3<\/li>\n<\/ul>\n<\/div>\n","protected":false},"excerpt":{"rendered":"<p>SECADOR CECOTEC BAMBA IONCARE 6000 04226 BRUSHLESS El secador Cecotec Bamba IonCare 6000 04226 Brushless es un potente secador de<\/p>\n","protected":false},"featured_media":199761,"comment_status":"open","ping_status":"closed","template":"","meta":{"_joinchat":[]},"product_cat":[6511,6510,825,6097],"product_tag":[],"class_list":{"0":"post-199755","1":"product","2":"type-product","3":"status-publish","4":"has-post-thumbnail","6":"product_cat-secadores-de-pelo","7":"product_cat-vello-y-pelo","8":"product_cat-pequeno-electrodomestico","9":"product_cat-cuidado-personal","10":"pa_marca-cecotec","12":"first","13":"instock","14":"taxable","15":"shipping-taxable","16":"purchasable","17":"product-type-simple"},"_links":{"self":[{"href":"https:\/\/desdropi.com\/elparque\/wp-json\/wp\/v2\/product\/199755"}],"collection":[{"href":"https:\/\/desdropi.com\/elparque\/wp-json\/wp\/v2\/product"}],"about":[{"href":"https:\/\/desdropi.com\/elparque\/wp-json\/wp\/v2\/types\/product"}],"replies":[{"embeddable":true,"href":"https:\/\/desdropi.com\/elparque\/wp-json\/wp\/v2\/comments?post=199755"}],"version-history":[{"count":0,"href":"https:\/\/desdropi.com\/elparque\/wp-json\/wp\/v2\/product\/199755\/revisions"}],"wp:featuredmedia":[{"embeddable":true,"href":"https:\/\/desdropi.com\/elparque\/wp-json\/wp\/v2\/media\/199761"}],"wp:attachment":[{"href":"https:\/\/desdropi.com\/elparque\/wp-json\/wp\/v2\/media?parent=199755"}],"wp:term":[{"taxonomy":"product_cat","embeddable":true,"href":"https:\/\/desdropi.com\/elparque\/wp-json\/wp\/v2\/product_cat?post=199755"},{"taxonomy":"product_tag","embeddable":true,"href":"https:\/\/desdropi.com\/elparque\/wp-json\/wp\/v2\/product_tag?post=199755"}],"curies":[{"name":"wp","href":"https:\/\/api.w.org\/{rel}","templated":true}]}}