{"id":199805,"date":"2023-07-14T09:18:42","date_gmt":"2023-07-14T07:18:42","guid":{"rendered":"https:\/\/desdropi.com\/elparque\/?post_type=product&#038;p=199805"},"modified":"2024-05-10T13:35:58","modified_gmt":"2024-05-10T11:35:58","slug":"tensiometro-beurer-bm35-de-brazo","status":"publish","type":"product","link":"https:\/\/desdropi.com\/elparque\/tensiometro-beurer-bm35-de-brazo\/","title":{"rendered":"TENSIOMETRO BEURER BM35 DE BRAZO"},"content":{"rendered":"<div class=\"descripcion-tab\">\n<h4>TENSIOMETRO BEURER BM35 DE BRAZO<\/h4>\n<p>El <strong>tensi\u00f3metro Beurer BM35 de brazo<\/strong> es un dispositivo m\u00e9dico de alta calidad dise\u00f1ado para medir de manera precisa y c\u00f3moda la presi\u00f3n arterial. Este tensi\u00f3metro cuenta con una pantalla grande y f\u00e1cil de leer, que muestra los resultados de la medici\u00f3n de manera clara. Su dise\u00f1o ergon\u00f3mico permite un ajuste seguro y c\u00f3modo en el brazo, asegurando mediciones precisas en cada uso.<\/p>\n<p>Una caracter\u00edstica destacada del Beurer BM35 es su capacidad de detectar arritmias card\u00edacas durante la medici\u00f3n, lo que brinda una advertencia temprana y valiosa sobre posibles problemas card\u00edacos. Adem\u00e1s, este tensi\u00f3metro es capaz de almacenar los resultados de las mediciones, permitiendo un seguimiento a largo plazo de la presi\u00f3n arterial y facilitando la identificaci\u00f3n de cualquier cambio significativo.<\/p>\n<p>El Beurer BM35 se destaca por su facilidad de uso, con un solo bot\u00f3n de inicio que lo hace accesible para usuarios de todas las edades. Tambi\u00e9n cuenta con una funci\u00f3n de apagado autom\u00e1tico para ahorrar energ\u00eda y prolongar la vida \u00fatil de las bater\u00edas.<\/p>\n<h4>Exhibici\u00f3n<\/h4>\n<ul>\n<li>Tipo de visualizador \u2192 LCD<\/li>\n<li>Pantalla t\u00e1ctil \u2192 No<\/li>\n<\/ul>\n<h4>Peso y dimensiones<\/h4>\n<ul>\n<li>Ancho \u2192 130 mm<\/li>\n<li>Profundidad \u2192 100 mm<\/li>\n<li>Altura \u2192 170 mm<\/li>\n<li>Peso \u2192 400 g<\/li>\n<\/ul>\n<h4>Control de energ\u00eda<\/h4>\n<ul>\n<li>Numero de bater\u00edas soportadas \u2192 4<\/li>\n<li>Tipo de bater\u00eda \u2192 AAA<\/li>\n<li>Indicaci\u00f3n de bater\u00eda baja \u2192 S\u00ed<\/li>\n<li>Voltaje de la pila \u2192 1,5 V<\/li>\n<\/ul>\n<h4>Detalles t\u00e9cnicos<\/h4>\n<ul>\n<li>Presi\u00f3n arterial media \u2192 No<\/li>\n<li>De medici\u00f3n del pulso \u00edndice \u2192 S\u00ed<\/li>\n<li>presi\u00f3n arterial diast\u00f3lica\u2192 S\u00ed<\/li>\n<li>Presi\u00f3n arterial sist\u00f3lica \u2192\u00a0 S\u00ed<\/li>\n<li>Tipo \u2192 Autom\u00e1tico<\/li>\n<li>Colocaci\u00f3n soportada \u2192 Antebrazo<\/li>\n<li>N\u00famero de usuarios \u2192 2 usuario(s)<\/li>\n<li>Registros de memoria \u2192 60<\/li>\n<li>Tama\u00f1o de cadena \u2192 23 &#8211; 33 cm<\/li>\n<li>Unidad de medida \u2192 mm Hg<\/li>\n<li>Medici\u00f3n de la glucosa \u2192 No<\/li>\n<li>Apagado autom\u00e1tico \u2192 S\u00ed<\/li>\n<li>Funci\u00f3n de la memoria \u2192 S\u00ed<\/li>\n<li>Funci\u00f3n de voz \u2192 No<\/li>\n<\/ul>\n<h4>Empaquetado<\/h4>\n<ul>\n<li>Funda de transporte \u2192 S\u00ed<\/li>\n<li>N\u00famero de productos incluidos \u2192 4 pieza(s)<\/li>\n<li>Pilas incluidas \u2192 S\u00ed<\/li>\n<\/ul>\n<\/div>\n","protected":false},"excerpt":{"rendered":"<p>TENSIOMETRO BEURER BM35 DE BRAZO El tensi\u00f3metro Beurer BM35 de brazo es un dispositivo m\u00e9dico de alta calidad dise\u00f1ado para<\/p>\n","protected":false},"featured_media":199807,"comment_status":"open","ping_status":"closed","template":"","meta":{"_joinchat":[]},"product_cat":[7018,7015,825,6097],"product_tag":[],"class_list":{"0":"post-199805","1":"product","2":"type-product","3":"status-publish","4":"has-post-thumbnail","6":"product_cat-tensiometros-higiene-y-salud-cuidado-personal","7":"product_cat-higiene-y-salud-cuidado-personal","8":"product_cat-pequeno-electrodomestico","9":"product_cat-cuidado-personal","10":"pa_marca-beurer","12":"first","13":"instock","14":"taxable","15":"shipping-taxable","16":"purchasable","17":"product-type-simple"},"_links":{"self":[{"href":"https:\/\/desdropi.com\/elparque\/wp-json\/wp\/v2\/product\/199805"}],"collection":[{"href":"https:\/\/desdropi.com\/elparque\/wp-json\/wp\/v2\/product"}],"about":[{"href":"https:\/\/desdropi.com\/elparque\/wp-json\/wp\/v2\/types\/product"}],"replies":[{"embeddable":true,"href":"https:\/\/desdropi.com\/elparque\/wp-json\/wp\/v2\/comments?post=199805"}],"version-history":[{"count":0,"href":"https:\/\/desdropi.com\/elparque\/wp-json\/wp\/v2\/product\/199805\/revisions"}],"wp:featuredmedia":[{"embeddable":true,"href":"https:\/\/desdropi.com\/elparque\/wp-json\/wp\/v2\/media\/199807"}],"wp:attachment":[{"href":"https:\/\/desdropi.com\/elparque\/wp-json\/wp\/v2\/media?parent=199805"}],"wp:term":[{"taxonomy":"product_cat","embeddable":true,"href":"https:\/\/desdropi.com\/elparque\/wp-json\/wp\/v2\/product_cat?post=199805"},{"taxonomy":"product_tag","embeddable":true,"href":"https:\/\/desdropi.com\/elparque\/wp-json\/wp\/v2\/product_tag?post=199805"}],"curies":[{"name":"wp","href":"https:\/\/api.w.org\/{rel}","templated":true}]}}