{"id":199820,"date":"2023-07-14T10:01:38","date_gmt":"2023-07-14T08:01:38","guid":{"rendered":"https:\/\/desdropi.com\/elparque\/?post_type=product&#038;p=199820"},"modified":"2024-05-17T13:01:26","modified_gmt":"2024-05-17T11:01:26","slug":"termometro-ihealth-pt3-termometro-sin-contacto","status":"publish","type":"product","link":"https:\/\/desdropi.com\/elparque\/termometro-ihealth-pt3-termometro-sin-contacto\/","title":{"rendered":"Termometro Ihealth Pt3 Termometro Sin Contacto"},"content":{"rendered":"<div class=\"descripcion-tab\">\n<h4>TERMOMETRO IHEALTH PT3 TERMOMETRO SIN CONTACTO<\/h4>\n<p>El <strong>term\u00f3metro iHealth PT3<\/strong> es un term\u00f3metro sin contacto que proporciona mediciones precisas de la temperatura de manera r\u00e1pida y c\u00f3moda. Su caracter\u00edstica m\u00e1s destacada es que permite medir la temperatura sin necesidad de contacto f\u00edsico.<\/p>\n<p>Con el iHealth PT3, simplemente apunta el term\u00f3metro hacia la frente o el objeto a medir a una distancia de aproximadamente 3 cm y presiona el bot\u00f3n. En cuesti\u00f3n de segundos, obtendr\u00e1s una lectura precisa de la temperatura en su pantalla retroiluminada de f\u00e1cil lectura.<\/p>\n<p>Lo m\u00e1s importante del iHealth PT3 es su <strong>precisi\u00f3n y comodidad<\/strong>. Utiliza una tecnolog\u00eda infrarroja avanzada para medir la temperatura con alta precisi\u00f3n y sin causar molestias o interrupciones en el usuario.<\/p>\n<p>Adem\u00e1s, el term\u00f3metro iHealth PT3 cuenta con otras caracter\u00edsticas \u00fatiles, como la capacidad de almacenar y recuperar las \u00faltimas 32 lecturas de temperatura, lo que permite un seguimiento continuo. Tambi\u00e9n tiene un sistema de alerta de fiebre que muestra diferentes colores en funci\u00f3n de la temperatura medida.<\/p>\n<h4>Peso y dimensiones<\/h4>\n<ul>\n<li>Peso \u2192 90<\/li>\n<li>Altura \u2192 136,9<\/li>\n<li>Ancho \u2192 34<\/li>\n<li>Profundidad \u2192 39,1<\/li>\n<\/ul>\n<h4>Contenido del embalaje<\/h4>\n<ul>\n<li>Pilas incluidas \u2192 S\u00ed<\/li>\n<li>Manual de usuario \u2192 S\u00ed<\/li>\n<\/ul>\n<h4>Bater\u00eda<\/h4>\n<ul>\n<li>Tipo de bater\u00eda \u2192 AAA<\/li>\n<li>Numero de bater\u00edas soportadas \u2192 2<\/li>\n<\/ul>\n<h4>Caracter\u00edsticas<\/h4>\n<ul>\n<li>Color de la carcasa \u2192 Blanco<\/li>\n<li>Unidad de medida de temperatura \u2192 F, \u00b0C<\/li>\n<li>Rango de medici\u00f3n de la temperatura \u2192 32 &#8211; 42,9<\/li>\n<li>Pantalla incorporada \u2192 S\u00ed<\/li>\n<li>Tecnolog\u00eda de visualizaci\u00f3n \u2192 LED<\/li>\n<li>Monitor con luz de fondo \u2192 S\u00ed<\/li>\n<\/ul>\n<\/div>\n","protected":false},"excerpt":{"rendered":"<p>TERMOMETRO IHEALTH PT3 TERMOMETRO SIN CONTACTO El term\u00f3metro iHealth PT3 es un term\u00f3metro sin contacto que proporciona mediciones precisas de<\/p>\n","protected":false},"featured_media":199821,"comment_status":"open","ping_status":"closed","template":"","meta":{"_joinchat":[]},"product_cat":[7019,7015,825,6097],"product_tag":[],"class_list":{"0":"post-199820","1":"product","2":"type-product","3":"status-publish","4":"has-post-thumbnail","6":"product_cat-termometros-higiene-y-salud-cuidado-personal","7":"product_cat-higiene-y-salud-cuidado-personal","8":"product_cat-pequeno-electrodomestico","9":"product_cat-cuidado-personal","10":"pa_marca-ihealth","12":"first","13":"instock","14":"taxable","15":"shipping-taxable","16":"purchasable","17":"product-type-simple"},"_links":{"self":[{"href":"https:\/\/desdropi.com\/elparque\/wp-json\/wp\/v2\/product\/199820"}],"collection":[{"href":"https:\/\/desdropi.com\/elparque\/wp-json\/wp\/v2\/product"}],"about":[{"href":"https:\/\/desdropi.com\/elparque\/wp-json\/wp\/v2\/types\/product"}],"replies":[{"embeddable":true,"href":"https:\/\/desdropi.com\/elparque\/wp-json\/wp\/v2\/comments?post=199820"}],"version-history":[{"count":0,"href":"https:\/\/desdropi.com\/elparque\/wp-json\/wp\/v2\/product\/199820\/revisions"}],"wp:featuredmedia":[{"embeddable":true,"href":"https:\/\/desdropi.com\/elparque\/wp-json\/wp\/v2\/media\/199821"}],"wp:attachment":[{"href":"https:\/\/desdropi.com\/elparque\/wp-json\/wp\/v2\/media?parent=199820"}],"wp:term":[{"taxonomy":"product_cat","embeddable":true,"href":"https:\/\/desdropi.com\/elparque\/wp-json\/wp\/v2\/product_cat?post=199820"},{"taxonomy":"product_tag","embeddable":true,"href":"https:\/\/desdropi.com\/elparque\/wp-json\/wp\/v2\/product_tag?post=199820"}],"curies":[{"name":"wp","href":"https:\/\/api.w.org\/{rel}","templated":true}]}}