{"id":200021,"date":"2023-07-19T10:48:02","date_gmt":"2023-07-19T08:48:02","guid":{"rendered":"https:\/\/desdropi.com\/elparque\/termo-electrico-centro-ccv060-slim-60l-85x37-mediterraneo\/"},"modified":"2025-04-13T23:19:56","modified_gmt":"2025-04-13T21:19:56","slug":"termo-electrico-centro-ccv060-slim-60l-85x37-mediterraneo","status":"publish","type":"product","link":"https:\/\/desdropi.com\/elparque\/termo-electrico-centro-ccv060-slim-60l-85x37-mediterraneo\/","title":{"rendered":"Termo Electrico Centro Ccv060 Slim 60L 85X37 Mediterraneo"},"content":{"rendered":"<div class=\"descripcion-tab\"><strong>Termo El\u00e9ctrico SLIM de 60 Litros Centro Confort Mediterr\u00e1neo<\/strong><\/p>\n<ul>\n<li>Control de temperatura regulable exterior.<\/li>\n<li>Recubrimiento del dep\u00f3sito de esmalte.<\/li>\n<li>Protecci\u00f3n antical por \u00e1nodo de magnesio.<\/li>\n<li>Termostato de seguridad.<\/li>\n<li>Aislamiento de poliuretano 100% libre de HCFC.<\/li>\n<li>Resistencia blindada de alto rendimiento.<\/li>\n<li>Protecci\u00f3n antiheladas.<\/li>\n<li>Accesorios suministrados: Accesorios suministrados: v\u00e1lvula de seguridad, manguitos electrol\u00edticos y sistema de fijaci\u00f3n.<\/li>\n<\/ul>\n<p><img fetchpriority=\"high\" decoding=\"async\" class=\"alignnone wp-image-214313 size-full\" src=\"https:\/\/desdropi.com\/elparque\/wp-content\/uploads\/ccv.jpg\" alt=\"\" width=\"1310\" height=\"507\" srcset=\"https:\/\/desdropi.com\/elparque\/wp-content\/uploads\/ccv.jpg 1310w, https:\/\/desdropi.com\/elparque\/wp-content\/uploads\/ccv-300x116.jpg 300w, https:\/\/desdropi.com\/elparque\/wp-content\/uploads\/ccv-1024x396.jpg 1024w, https:\/\/desdropi.com\/elparque\/wp-content\/uploads\/ccv-768x297.jpg 768w, https:\/\/desdropi.com\/elparque\/wp-content\/uploads\/ccv-1200x464.jpg 1200w, https:\/\/desdropi.com\/elparque\/wp-content\/uploads\/ccv-150x58.jpg 150w\" sizes=\"(max-width: 1310px) 100vw, 1310px\" \/> <img decoding=\"async\" class=\"alignnone wp-image-214314 size-full\" src=\"https:\/\/desdropi.com\/elparque\/wp-content\/uploads\/ccv2.jpg\" alt=\"\" width=\"1266\" height=\"740\" srcset=\"https:\/\/desdropi.com\/elparque\/wp-content\/uploads\/ccv2.jpg 1266w, https:\/\/desdropi.com\/elparque\/wp-content\/uploads\/ccv2-300x175.jpg 300w, https:\/\/desdropi.com\/elparque\/wp-content\/uploads\/ccv2-1024x599.jpg 1024w, https:\/\/desdropi.com\/elparque\/wp-content\/uploads\/ccv2-768x449.jpg 768w, https:\/\/desdropi.com\/elparque\/wp-content\/uploads\/ccv2-1200x701.jpg 1200w, https:\/\/desdropi.com\/elparque\/wp-content\/uploads\/ccv2-150x88.jpg 150w\" sizes=\"(max-width: 1266px) 100vw, 1266px\" \/> <img decoding=\"async\" class=\"alignnone wp-image-214317 size-full\" src=\"https:\/\/desdropi.com\/elparque\/wp-content\/uploads\/ccv3-1.jpg\" alt=\"\" width=\"1089\" height=\"828\" srcset=\"https:\/\/desdropi.com\/elparque\/wp-content\/uploads\/ccv3-1.jpg 1089w, https:\/\/desdropi.com\/elparque\/wp-content\/uploads\/ccv3-1-300x228.jpg 300w, https:\/\/desdropi.com\/elparque\/wp-content\/uploads\/ccv3-1-1024x779.jpg 1024w, https:\/\/desdropi.com\/elparque\/wp-content\/uploads\/ccv3-1-768x584.jpg 768w, https:\/\/desdropi.com\/elparque\/wp-content\/uploads\/ccv3-1-150x114.jpg 150w\" sizes=\"(max-width: 1089px) 100vw, 1089px\" \/><\/p>\n","protected":false},"excerpt":{"rendered":"<ul>\n<li><span style=\"color: #000000;\"><strong>Disponible Servicio de Instalaci\u00f3n en la Regi\u00f3n de Murcia<\/strong><\/span><\/li>\n<li><span style=\"color: #000000;\"><strong>Consultar precio<\/strong><\/span><\/li>\n<\/ul>\n","protected":false},"featured_media":214318,"comment_status":"open","ping_status":"closed","template":"","meta":{"_joinchat":[]},"product_cat":[7083,7082,825,831],"product_tag":[],"class_list":{"0":"post-200021","1":"product","2":"type-product","3":"status-publish","4":"has-post-thumbnail","6":"product_cat-termo-electrico","7":"product_cat-termos-y-calentadores-accesorios-de-cocina","8":"product_cat-pequeno-electrodomestico","9":"product_cat-accesorios-de-cocina","10":"pa_marca-centro","12":"first","13":"instock","14":"sale","15":"taxable","16":"shipping-taxable","17":"purchasable","18":"product-type-simple"},"_links":{"self":[{"href":"https:\/\/desdropi.com\/elparque\/wp-json\/wp\/v2\/product\/200021"}],"collection":[{"href":"https:\/\/desdropi.com\/elparque\/wp-json\/wp\/v2\/product"}],"about":[{"href":"https:\/\/desdropi.com\/elparque\/wp-json\/wp\/v2\/types\/product"}],"replies":[{"embeddable":true,"href":"https:\/\/desdropi.com\/elparque\/wp-json\/wp\/v2\/comments?post=200021"}],"version-history":[{"count":1,"href":"https:\/\/desdropi.com\/elparque\/wp-json\/wp\/v2\/product\/200021\/revisions"}],"predecessor-version":[{"id":224687,"href":"https:\/\/desdropi.com\/elparque\/wp-json\/wp\/v2\/product\/200021\/revisions\/224687"}],"wp:featuredmedia":[{"embeddable":true,"href":"https:\/\/desdropi.com\/elparque\/wp-json\/wp\/v2\/media\/214318"}],"wp:attachment":[{"href":"https:\/\/desdropi.com\/elparque\/wp-json\/wp\/v2\/media?parent=200021"}],"wp:term":[{"taxonomy":"product_cat","embeddable":true,"href":"https:\/\/desdropi.com\/elparque\/wp-json\/wp\/v2\/product_cat?post=200021"},{"taxonomy":"product_tag","embeddable":true,"href":"https:\/\/desdropi.com\/elparque\/wp-json\/wp\/v2\/product_tag?post=200021"}],"curies":[{"name":"wp","href":"https:\/\/api.w.org\/{rel}","templated":true}]}}