{"id":200071,"date":"2023-07-19T11:26:03","date_gmt":"2023-07-19T09:26:03","guid":{"rendered":"https:\/\/desdropi.com\/elparque\/cuchillo-tefal-k2569004-165cm-funda-afiladora\/"},"modified":"2024-05-18T23:46:38","modified_gmt":"2024-05-18T21:46:38","slug":"cuchillo-tefal-k2569004-165cm-funda-afiladora","status":"publish","type":"product","link":"https:\/\/desdropi.com\/elparque\/cuchillo-tefal-k2569004-165cm-funda-afiladora\/","title":{"rendered":"Cuchillo Tefal Ever Sharp K2569004 16,5Cm + Funda Afiladora"},"content":{"rendered":"<div class=\"descripcion-tab\">\n<h4>CUCHILLO TEFAL K2569004 16,5CM + FUNDA AFILADORA<\/h4>\n<p>El <strong>Cuchillo Tefal K2569004<\/strong> es una herramienta imprescindible en tu cocina, dise\u00f1ado para facilitar el corte y preparaci\u00f3n de alimentos.Lo m\u00e1s importante de este producto es su <strong>tama\u00f1o de 16,5 cm<\/strong>, que lo hace vers\u00e1til y adecuado para una variedad de tareas culinarias.<\/p>\n<p>Adem\u00e1s, este cuchillo viene con una <strong>funda afiladora<\/strong>, lo que te permite mantener su filo en \u00f3ptimas condiciones para un corte preciso y seguro.El Cuchillo Tefal K2569004 es una opci\u00f3n confiable para mejorar tu experiencia en la cocina, garantizando un corte eficiente y c\u00f3modo en cada uso.<\/p>\n<h4>Peso y dimensiones<\/h4>\n<ul>\n<li>Peso \u2192 290<\/li>\n<\/ul>\n<h4>Empaquetado<\/h4>\n<ul>\n<li>N\u00famero de productos incluidos \u2192 1<\/li>\n<li>Ancho del paquete \u2192 100<\/li>\n<li>Altura del paquete \u2192 52<\/li>\n<li>Profundidad del paquete \u2192 352<\/li>\n<li>Peso del paquete \u2192 468<\/li>\n<\/ul>\n<h4>Caracter\u00edsticas<\/h4>\n<ul>\n<li>Pa\u00eds de origen \u2192 China<\/li>\n<li>Tipo de cuchillo \u2192 Cuchillo de chef<\/li>\n<li>Longitud de hoja \u2192 16,5<\/li>\n<li>Color del mando \u2192 Negro<\/li>\n<li>Color de la hoja \u2192 Acero inoxidable<\/li>\n<li>Tipo de metal \u2192 X50CrMoV15<\/li>\n<li>Material de la cuchilla \u2192 Acero inoxidable<\/li>\n<\/ul>\n<h4>Datos log\u00edsticos<\/h4>\n<ul>\n<li>Anchura del pal\u00e9 \u2192 80<\/li>\n<li>Longitud del pal\u00e9 \u2192 120<\/li>\n<li>Altura del pal\u00e9 \u2192 125<\/li>\n<li>Peso del pal\u00e9 \u2192 168,6<\/li>\n<li>Cantidad por pal\u00e9 \u2192 360<\/li>\n<li>N\u00famero de capas por pal\u00e9 \u2192 6<\/li>\n<li>Cantidad por capa de palet \u2192 60<\/li>\n<\/ul>\n<\/div>\n","protected":false},"excerpt":{"rendered":"<p>CUCHILLO TEFAL K2569004 16,5CM + FUNDA AFILADORA El Cuchillo Tefal K2569004 es una herramienta imprescindible en tu cocina, dise\u00f1ado para<\/p>\n","protected":false},"featured_media":200072,"comment_status":"open","ping_status":"closed","template":"","meta":{"_joinchat":[]},"product_cat":[7087,5661,5662],"product_tag":[],"class_list":{"0":"post-200071","1":"product","2":"type-product","3":"status-publish","4":"has-post-thumbnail","6":"product_cat-cuchillos","7":"product_cat-menaje","8":"product_cat-menaje-de-cocina","9":"pa_marca-tefal","11":"first","12":"instock","13":"taxable","14":"shipping-taxable","15":"purchasable","16":"product-type-simple"},"_links":{"self":[{"href":"https:\/\/desdropi.com\/elparque\/wp-json\/wp\/v2\/product\/200071"}],"collection":[{"href":"https:\/\/desdropi.com\/elparque\/wp-json\/wp\/v2\/product"}],"about":[{"href":"https:\/\/desdropi.com\/elparque\/wp-json\/wp\/v2\/types\/product"}],"replies":[{"embeddable":true,"href":"https:\/\/desdropi.com\/elparque\/wp-json\/wp\/v2\/comments?post=200071"}],"version-history":[{"count":0,"href":"https:\/\/desdropi.com\/elparque\/wp-json\/wp\/v2\/product\/200071\/revisions"}],"wp:featuredmedia":[{"embeddable":true,"href":"https:\/\/desdropi.com\/elparque\/wp-json\/wp\/v2\/media\/200072"}],"wp:attachment":[{"href":"https:\/\/desdropi.com\/elparque\/wp-json\/wp\/v2\/media?parent=200071"}],"wp:term":[{"taxonomy":"product_cat","embeddable":true,"href":"https:\/\/desdropi.com\/elparque\/wp-json\/wp\/v2\/product_cat?post=200071"},{"taxonomy":"product_tag","embeddable":true,"href":"https:\/\/desdropi.com\/elparque\/wp-json\/wp\/v2\/product_tag?post=200071"}],"curies":[{"name":"wp","href":"https:\/\/api.w.org\/{rel}","templated":true}]}}