{"id":200085,"date":"2023-07-19T11:26:03","date_gmt":"2023-07-19T09:26:03","guid":{"rendered":"https:\/\/desdropi.com\/elparque\/sarten-tefal-excellence-32cm-induccion\/"},"modified":"2024-05-18T23:46:47","modified_gmt":"2024-05-18T21:46:47","slug":"sarten-tefal-excellence-32cm-induccion","status":"publish","type":"product","link":"https:\/\/desdropi.com\/elparque\/sarten-tefal-excellence-32cm-induccion\/","title":{"rendered":"Sarten Tefal Excellence 32Cm Induccion"},"content":{"rendered":"<div class=\"descripcion-tab\">\n<h4>SARTEN TEFAL EXCELLENCE 32CM INDUCCION<\/h4>\n<p>La <strong>Sart\u00e9n Tefal Excellence de 32cm<\/strong> es la opci\u00f3n perfecta para una cocina eficiente en cocinas de inducci\u00f3n. Lo m\u00e1s importante de este producto es su <strong>compatibilidad con inducci\u00f3n<\/strong>, lo que garantiza un calentamiento r\u00e1pido y uniforme en este tipo de cocinas modernas.<\/p>\n<p>Con un di\u00e1metro de <strong>32cm<\/strong>, esta sart\u00e9n ofrece una amplia superficie de cocci\u00f3n, perfecta para preparar comidas m\u00e1s grandes o para cocinar para toda la familia. Su recubrimiento antiadherente de alta calidad facilita la cocci\u00f3n y la limpieza, brind\u00e1ndote resultados de cocci\u00f3n \u00f3ptimos y sin esfuerzo. La Sart\u00e9n Tefal Excellence de 32cm es una opci\u00f3n confiable para obtener resultados excepcionales en la cocina<\/p>\n<h4>Peso y dimensiones<\/h4>\n<ul>\n<li>Profundidad del paquete \u2192 530<\/li>\n<li>Altura del paquete \u2192 79<\/li>\n<li>Ancho del paquete \u2192 338<\/li>\n<li>Peso del paquete \u2192 1,89<\/li>\n<li>Di\u00e1metro \u2192 32<\/li>\n<\/ul>\n<h4>Caracter\u00edsticas<\/h4>\n<ul>\n<li>Tipo \u2192 Sart\u00e9n multiuso<\/li>\n<li>Materiales \u2192 Aluminio<\/li>\n<li>Adecuado para los tipos de cubiertas \u2192 Cer\u00e1mico, Gas, Hal\u00f3geno, Inducci\u00f3n<\/li>\n<li>Apto para lavavajillas \u2192 S\u00ed<\/li>\n<li>Revestimiento interior \u2192 Titanio<\/li>\n<li>Indicador de calor \u2192 Thermo-Spot<\/li>\n<li>Color del producto \u2192 Negro<\/li>\n<li>Pa\u00eds de origen \u2192 Francia<\/li>\n<li>Capa antiadherente \u2192 S\u00ed<\/li>\n<li>Temperatura (m\u00e1x) \u2192 175<\/li>\n<li>Tecnolog\u00eda Thermosignal \u2192 S\u00ed<\/li>\n<li>Tapa incluida \u2192 No<\/li>\n<li>Forma \u2192 Alrededor<\/li>\n<\/ul>\n<\/div>\n","protected":false},"excerpt":{"rendered":"<p>SARTEN TEFAL EXCELLENCE 32CM INDUCCION La Sart\u00e9n Tefal Excellence de 32cm es la opci\u00f3n perfecta para una cocina eficiente en<\/p>\n","protected":false},"featured_media":200086,"comment_status":"open","ping_status":"closed","template":"","meta":{"_joinchat":[]},"product_cat":[5661,5662,5768],"product_tag":[],"class_list":{"0":"post-200085","1":"product","2":"type-product","3":"status-publish","4":"has-post-thumbnail","6":"product_cat-menaje","7":"product_cat-menaje-de-cocina","8":"product_cat-sartenes","9":"pa_marca-tefal","11":"first","12":"instock","13":"taxable","14":"shipping-taxable","15":"purchasable","16":"product-type-simple"},"_links":{"self":[{"href":"https:\/\/desdropi.com\/elparque\/wp-json\/wp\/v2\/product\/200085"}],"collection":[{"href":"https:\/\/desdropi.com\/elparque\/wp-json\/wp\/v2\/product"}],"about":[{"href":"https:\/\/desdropi.com\/elparque\/wp-json\/wp\/v2\/types\/product"}],"replies":[{"embeddable":true,"href":"https:\/\/desdropi.com\/elparque\/wp-json\/wp\/v2\/comments?post=200085"}],"version-history":[{"count":0,"href":"https:\/\/desdropi.com\/elparque\/wp-json\/wp\/v2\/product\/200085\/revisions"}],"wp:featuredmedia":[{"embeddable":true,"href":"https:\/\/desdropi.com\/elparque\/wp-json\/wp\/v2\/media\/200086"}],"wp:attachment":[{"href":"https:\/\/desdropi.com\/elparque\/wp-json\/wp\/v2\/media?parent=200085"}],"wp:term":[{"taxonomy":"product_cat","embeddable":true,"href":"https:\/\/desdropi.com\/elparque\/wp-json\/wp\/v2\/product_cat?post=200085"},{"taxonomy":"product_tag","embeddable":true,"href":"https:\/\/desdropi.com\/elparque\/wp-json\/wp\/v2\/product_tag?post=200085"}],"curies":[{"name":"wp","href":"https:\/\/api.w.org\/{rel}","templated":true}]}}