{"id":200089,"date":"2023-07-19T11:26:03","date_gmt":"2023-07-19T09:26:03","guid":{"rendered":"https:\/\/desdropi.com\/elparque\/sarten-tefal-unlimited-premium-20cm\/"},"modified":"2025-04-14T00:53:40","modified_gmt":"2025-04-13T22:53:40","slug":"sarten-tefal-unlimited-premium-20cm","status":"publish","type":"product","link":"https:\/\/desdropi.com\/elparque\/sarten-tefal-unlimited-premium-20cm\/","title":{"rendered":"Sarten Tefal Unlimited Premium 20Cm"},"content":{"rendered":"<div class=\"descripcion-tab\">\n<h4>SARTEN TEFAL UNLIMITED PREMIUM 20CM<\/h4>\n<p>La <strong>Sart\u00e9n Tefal Unlimited Premium de 20cm<\/strong> es una joya de la cocina, dise\u00f1ada para brindarte una experiencia culinaria excepcional. Lo m\u00e1s importante de este producto es su dise\u00f1o con recubrimiento <strong>antiadherente Titanium Pro<\/strong>, que garantiza una cocci\u00f3n sin esfuerzo y una f\u00e1cil liberaci\u00f3n de los alimentos.<\/p>\n<p>Con un di\u00e1metro de <strong>20cm<\/strong>, esta sart\u00e9n es perfecta para preparar porciones individuales y platillos m\u00e1s peque\u00f1os. Su base de inducci\u00f3n ofrece una distribuci\u00f3n uniforme del calor, asegurando resultados de cocci\u00f3n \u00f3ptimos en todo momento. La Sart\u00e9n Tefal Unlimited Premium de 20cm es una elecci\u00f3n imprescindible para cualquier cocinero apasionado que busca calidad y practicidad en sus preparaciones.<\/p>\n<h4>Peso y dimensiones<\/h4>\n<ul>\n<li>Di\u00e1metro \u2192 20 cm<\/li>\n<\/ul>\n<h4>Contenido del embalaje<\/h4>\n<ul>\n<li>Cantidad por paquete \u2192 1<\/li>\n<\/ul>\n<h4>Caracter\u00edsticas<\/h4>\n<ul>\n<li>Forma \u2192 Alrededor<\/li>\n<li>Tipo \u2192 Sart\u00e9n multiuso<\/li>\n<li>Color del producto \u2192 Negro<\/li>\n<li>Heat indicator \u2192 S\u00ed<\/li>\n<li>Materiales \u2192 Aluminio<\/li>\n<li>Capa antiadherente \u2192 S\u00ed<\/li>\n<li>Tapa incluida \u2192 No<\/li>\n<li>Revestimiento interior \u2192 Titanio<\/li>\n<li>Cantidad de asas \u2192 1<\/li>\n<li>F\u00e1cil de limpiar \u2192 S\u00ed<\/li>\n<li>Apto para lavavajillas \u2192 S\u00ed<\/li>\n<li>No contiene \u00e1cido perfluorooctanoico (PFOA) \u2192 S\u00ed<\/li>\n<li>Apto para tipo de superficie \u2192 Inducci\u00f3n, vitrocer\u00e1mica, gas<\/li>\n<\/ul>\n<\/div>\n","protected":false},"excerpt":{"rendered":"<p>SARTEN TEFAL UNLIMITED PREMIUM 20CM La Sart\u00e9n Tefal Unlimited Premium de 20cm es una joya de la cocina, dise\u00f1ada para<\/p>\n","protected":false},"featured_media":200090,"comment_status":"open","ping_status":"closed","template":"","meta":{"_joinchat":[]},"product_cat":[5661,5662,5768],"product_tag":[],"class_list":{"0":"post-200089","1":"product","2":"type-product","3":"status-publish","4":"has-post-thumbnail","6":"product_cat-menaje","7":"product_cat-menaje-de-cocina","8":"product_cat-sartenes","9":"pa_marca-tefal","11":"first","12":"instock","13":"taxable","14":"shipping-taxable","15":"purchasable","16":"product-type-simple"},"_links":{"self":[{"href":"https:\/\/desdropi.com\/elparque\/wp-json\/wp\/v2\/product\/200089"}],"collection":[{"href":"https:\/\/desdropi.com\/elparque\/wp-json\/wp\/v2\/product"}],"about":[{"href":"https:\/\/desdropi.com\/elparque\/wp-json\/wp\/v2\/types\/product"}],"replies":[{"embeddable":true,"href":"https:\/\/desdropi.com\/elparque\/wp-json\/wp\/v2\/comments?post=200089"}],"version-history":[{"count":1,"href":"https:\/\/desdropi.com\/elparque\/wp-json\/wp\/v2\/product\/200089\/revisions"}],"predecessor-version":[{"id":224807,"href":"https:\/\/desdropi.com\/elparque\/wp-json\/wp\/v2\/product\/200089\/revisions\/224807"}],"wp:featuredmedia":[{"embeddable":true,"href":"https:\/\/desdropi.com\/elparque\/wp-json\/wp\/v2\/media\/200090"}],"wp:attachment":[{"href":"https:\/\/desdropi.com\/elparque\/wp-json\/wp\/v2\/media?parent=200089"}],"wp:term":[{"taxonomy":"product_cat","embeddable":true,"href":"https:\/\/desdropi.com\/elparque\/wp-json\/wp\/v2\/product_cat?post=200089"},{"taxonomy":"product_tag","embeddable":true,"href":"https:\/\/desdropi.com\/elparque\/wp-json\/wp\/v2\/product_tag?post=200089"}],"curies":[{"name":"wp","href":"https:\/\/api.w.org\/{rel}","templated":true}]}}