{"id":200113,"date":"2023-07-19T11:30:04","date_gmt":"2023-07-19T09:30:04","guid":{"rendered":"https:\/\/desdropi.com\/elparque\/batidora-varilla-ufesa-pulsar-600-delux-max-600w-c-a-pie-inox\/"},"modified":"2024-05-18T23:48:22","modified_gmt":"2024-05-18T21:48:22","slug":"batidora-varilla-ufesa-pulsar-600-delux-max-600w-c-a-pie-inox","status":"publish","type":"product","link":"https:\/\/desdropi.com\/elparque\/batidora-varilla-ufesa-pulsar-600-delux-max-600w-c-a-pie-inox\/","title":{"rendered":"Batidora Varilla Ufesa Pulsar 600 Delux Max 600W C\/A Pie Inox"},"content":{"rendered":"<div class=\"descripcion-tab\">\n<h4>BATIDORA VARILLA UFESA PULSAR 600 DELUX MAX 600W C\/A PIE INOX<\/h4>\n<p>La <strong>Batidora Varilla Ufesa Pulsar 600 Delux Max<\/strong> es una herramienta vers\u00e1til y potente para facilitar tus preparaciones en la cocina.<\/p>\n<p>Lo m\u00e1s importante de este producto es su <strong>potente motor de 600W<\/strong>, que garantiza un rendimiento eficiente y resultados r\u00e1pidos al momento de batir, mezclar o triturar tus ingredientes.<\/p>\n<p>Su dise\u00f1o con <strong>pie de acero inoxidable<\/strong> asegura una mayor durabilidad y facilidad de limpieza, permiti\u00e9ndote usarla con confianza en diferentes tipos de alimentos y preparaciones.<\/p>\n<p>Con la Batidora Varilla Ufesa Pulsar 600 Delux Max, podr\u00e1s crear deliciosos batidos, salsas, pur\u00e9s y mucho m\u00e1s, de forma c\u00f3moda y precisa.<\/p>\n<\/div>\n","protected":false},"excerpt":{"rendered":"<p>BATIDORA VARILLA UFESA PULSAR 600 DELUX MAX 600W C\/A PIE INOX La Batidora Varilla Ufesa Pulsar 600 Delux Max es<\/p>\n","protected":false},"featured_media":200114,"comment_status":"open","ping_status":"closed","template":"","meta":{"_joinchat":[]},"product_cat":[6500,825,831,851],"product_tag":[],"class_list":{"0":"post-200113","1":"product","2":"type-product","3":"status-publish","4":"has-post-thumbnail","6":"product_cat-de-varilla","7":"product_cat-pequeno-electrodomestico","8":"product_cat-accesorios-de-cocina","9":"product_cat-batidoras-cocina","10":"pa_marca-ufesa","12":"first","13":"instock","14":"taxable","15":"shipping-taxable","16":"purchasable","17":"product-type-simple"},"_links":{"self":[{"href":"https:\/\/desdropi.com\/elparque\/wp-json\/wp\/v2\/product\/200113"}],"collection":[{"href":"https:\/\/desdropi.com\/elparque\/wp-json\/wp\/v2\/product"}],"about":[{"href":"https:\/\/desdropi.com\/elparque\/wp-json\/wp\/v2\/types\/product"}],"replies":[{"embeddable":true,"href":"https:\/\/desdropi.com\/elparque\/wp-json\/wp\/v2\/comments?post=200113"}],"version-history":[{"count":0,"href":"https:\/\/desdropi.com\/elparque\/wp-json\/wp\/v2\/product\/200113\/revisions"}],"wp:featuredmedia":[{"embeddable":true,"href":"https:\/\/desdropi.com\/elparque\/wp-json\/wp\/v2\/media\/200114"}],"wp:attachment":[{"href":"https:\/\/desdropi.com\/elparque\/wp-json\/wp\/v2\/media?parent=200113"}],"wp:term":[{"taxonomy":"product_cat","embeddable":true,"href":"https:\/\/desdropi.com\/elparque\/wp-json\/wp\/v2\/product_cat?post=200113"},{"taxonomy":"product_tag","embeddable":true,"href":"https:\/\/desdropi.com\/elparque\/wp-json\/wp\/v2\/product_tag?post=200113"}],"curies":[{"name":"wp","href":"https:\/\/api.w.org\/{rel}","templated":true}]}}