{"id":200117,"date":"2023-07-19T11:30:04","date_gmt":"2023-07-19T09:30:04","guid":{"rendered":"https:\/\/desdropi.com\/elparque\/exprimidor-ufesa-ex4934-40w-07l-blanco\/"},"modified":"2025-04-14T01:06:38","modified_gmt":"2025-04-13T23:06:38","slug":"exprimidor-ufesa-ex4934-40w-07l-blanco","status":"publish","type":"product","link":"https:\/\/desdropi.com\/elparque\/exprimidor-ufesa-ex4934-40w-07l-blanco\/","title":{"rendered":"Exprimidor Ufesa Ex4934 40W 0,7L Blanco"},"content":{"rendered":"<div class=\"descripcion-tab\">\n<h4>EXPRIMIDOR UFESA EX4934 40W 0,7L BLANCO<\/h4>\n<p>El <strong>Exprimidor Ufesa EX4934<\/strong> es una opci\u00f3n confiable y pr\u00e1ctica para obtener jugo fresco en tu hogar.Lo m\u00e1s importante de este producto es su <strong>potente motor de 40W<\/strong>, que asegura una extracci\u00f3n eficiente del jugo de tus frutas favoritas.<\/p>\n<p>Con una capacidad de <strong>0,7L<\/strong>, este exprimidor en color <strong>blanco<\/strong> es ideal para preparar la cantidad de jugo que necesitas para satisfacer tus antojos.El Exprimidor Ufesa EX4934 es f\u00e1cil de usar y limpiar, lo que te permite disfrutar de deliciosos y saludables zumos con comodidad.<\/p>\n<h4>Peso y dimensiones<\/h4>\n<ul>\n<li>Ancho \u2192 160<\/li>\n<li>Profundidad \u2192 160<\/li>\n<li>Altura \u2192 200<\/li>\n<\/ul>\n<h4>Control de energ\u00eda<\/h4>\n<ul>\n<li>Potencia \u2192 40<\/li>\n<\/ul>\n<h4>Material<\/h4>\n<ul>\n<li>Materiales \u2192 Vidrio, pl\u00e1stico<\/li>\n<\/ul>\n<h4>Caracter\u00edsticas<\/h4>\n<ul>\n<li>Funci\u00f3n anti goteo \u2192 S\u00ed<\/li>\n<li>Color del producto \u2192 Blanco<\/li>\n<\/ul>\n<\/div>\n","protected":false},"excerpt":{"rendered":"<p>EXPRIMIDOR UFESA EX4934 40W 0,7L BLANCO El Exprimidor Ufesa EX4934 es una opci\u00f3n confiable y pr\u00e1ctica para obtener jugo fresco<\/p>\n","protected":false},"featured_media":200118,"comment_status":"open","ping_status":"closed","template":"","meta":{"_joinchat":[]},"product_cat":[825,831,893],"product_tag":[],"class_list":{"0":"post-200117","1":"product","2":"type-product","3":"status-publish","4":"has-post-thumbnail","6":"product_cat-pequeno-electrodomestico","7":"product_cat-accesorios-de-cocina","8":"product_cat-exprimidores","9":"pa_marca-ufesa","11":"first","12":"instock","13":"taxable","14":"shipping-taxable","15":"purchasable","16":"product-type-simple"},"_links":{"self":[{"href":"https:\/\/desdropi.com\/elparque\/wp-json\/wp\/v2\/product\/200117"}],"collection":[{"href":"https:\/\/desdropi.com\/elparque\/wp-json\/wp\/v2\/product"}],"about":[{"href":"https:\/\/desdropi.com\/elparque\/wp-json\/wp\/v2\/types\/product"}],"replies":[{"embeddable":true,"href":"https:\/\/desdropi.com\/elparque\/wp-json\/wp\/v2\/comments?post=200117"}],"version-history":[{"count":1,"href":"https:\/\/desdropi.com\/elparque\/wp-json\/wp\/v2\/product\/200117\/revisions"}],"predecessor-version":[{"id":224826,"href":"https:\/\/desdropi.com\/elparque\/wp-json\/wp\/v2\/product\/200117\/revisions\/224826"}],"wp:featuredmedia":[{"embeddable":true,"href":"https:\/\/desdropi.com\/elparque\/wp-json\/wp\/v2\/media\/200118"}],"wp:attachment":[{"href":"https:\/\/desdropi.com\/elparque\/wp-json\/wp\/v2\/media?parent=200117"}],"wp:term":[{"taxonomy":"product_cat","embeddable":true,"href":"https:\/\/desdropi.com\/elparque\/wp-json\/wp\/v2\/product_cat?post=200117"},{"taxonomy":"product_tag","embeddable":true,"href":"https:\/\/desdropi.com\/elparque\/wp-json\/wp\/v2\/product_tag?post=200117"}],"curies":[{"name":"wp","href":"https:\/\/api.w.org\/{rel}","templated":true}]}}