{"id":200136,"date":"2023-07-19T11:36:08","date_gmt":"2023-07-19T09:36:08","guid":{"rendered":"https:\/\/desdropi.com\/elparque\/centro-planchado-rowenta-vr8316-61b-2400w-gv310\/"},"modified":"2025-04-14T01:38:35","modified_gmt":"2025-04-13T23:38:35","slug":"centro-planchado-rowenta-vr8316-61b-2400w-gv310","status":"publish","type":"product","link":"https:\/\/desdropi.com\/elparque\/centro-planchado-rowenta-vr8316-61b-2400w-gv310\/","title":{"rendered":"Centro Planchado Rowenta Vr8316 6,1B 2400W Gv310"},"content":{"rendered":"<div class=\"descripcion-tab\">\n<h3>CENTRO PLANCHADO ROWENTA VR8316 6,1B 2400W GV310<\/h3>\n<p>El <strong>Centro de Planchado Rowenta VR8316 GV310<\/strong> es una potente y eficiente soluci\u00f3n para mantener tu ropa impecable y libre de arrugas.<\/p>\n<p>Lo m\u00e1s importante de este producto es su <strong>potencia de 2400W<\/strong>, que garantiza un calentamiento r\u00e1pido y un rendimiento de planchado excepcional. Su presi\u00f3n de vapor de <strong>6,1 bares<\/strong> proporciona un flujo de vapor continuo que penetra en los tejidos, facilitando el planchado incluso en las arrugas m\u00e1s dif\u00edciles.<\/p>\n<p>Con el sistema de <strong>vapor vertical<\/strong>, podr\u00e1s refrescar y eliminar arrugas de tus prendas colgadas, como cortinas y trajes. Adem\u00e1s, su <strong>suela MicroSteam 400 HD L\u00e1ser<\/strong> ofrece una distribuci\u00f3n uniforme del vapor para obtener resultados perfectos en cada pasada.<\/p>\n<p>El Centro de Planchado Rowenta VR8316 GV310 es una herramienta indispensable para obtener resultados de calidad profesional en tu ropa, ahorrando tiempo y esfuerzo en tu rutina de planchado.<\/p>\n<h3>Empaquetado<\/h3>\n<ul>\n<li>Ancho del paquete \u2192 204<\/li>\n<li>Profundidad del paquete \u2192 34,4<\/li>\n<li>Altura del paquete \u2192 284<\/li>\n<li>Peso del paquete \u2192 3,2<\/li>\n<\/ul>\n<h3>Contenido del embalaje<\/h3>\n<ul>\n<li>Manual de usuario \u2192 S\u00ed<\/li>\n<\/ul>\n<h3>Ergonom\u00eda<\/h3>\n<ul>\n<li>Mango ergon\u00f3mico \u2192 S\u00ed<\/li>\n<\/ul>\n<h3>Caracter\u00edsticas<\/h3>\n<ul>\n<li>Color del producto \u2192 Azul marino, Negro<\/li>\n<li>Potencia (W) \u2192 2400<\/li>\n<li>Golpe de vapor (gr\/min) \u2192 310<\/li>\n<li>Material de la suela\/recubrimiento \u2192 Suela de acero inoxidable<\/li>\n<li>Presi\u00f3n m\u00e1xima del vapor \u2192 6,1<\/li>\n<li>Capacidad de reservorio de agua \u2192 1,7<\/li>\n<li>Funci\u00f3n de refuerzo de vapor \u2192 S\u00ed<\/li>\n<li>Tiempo de calentamiento \u2192 2<\/li>\n<li>Vapor continuo (gr\/min) \u2192 120<\/li>\n<li>Funci\u00f3n de vapor vertical \u2192 S\u00ed<\/li>\n<li>Salida de vapor continua \u2192 Lado, Punta<\/li>\n<li>Vapor variable \u2192 S\u00ed<\/li>\n<li>Ajustes de termostato \u2192 S\u00ed<\/li>\n<li>Sistema antical autom\u00e1tico \u2192 S\u00ed<\/li>\n<li>Modo ECO \u2192 S\u00ed<\/li>\n<li>Calentamiento r\u00e1pido \u2192 S\u00ed<\/li>\n<li>Auto apagado \u2192 S\u00ed<\/li>\n<li>Nivel del agua visible \u2192 S\u00ed<\/li>\n<\/ul>\n<\/div>\n","protected":false},"excerpt":{"rendered":"<p>CENTRO PLANCHADO ROWENTA VR8316 6,1B 2400W GV310 El Centro de Planchado Rowenta VR8316 GV310 es una potente y eficiente soluci\u00f3n<\/p>\n","protected":false},"featured_media":200137,"comment_status":"open","ping_status":"closed","template":"","meta":{"_joinchat":[]},"product_cat":[6535,6503,825],"product_tag":[],"class_list":{"0":"post-200136","1":"product","2":"type-product","3":"status-publish","4":"has-post-thumbnail","6":"product_cat-centros-de-planchado","7":"product_cat-planchado-y-ropa","8":"product_cat-pequeno-electrodomestico","9":"pa_marca-rowenta","11":"first","12":"instock","13":"taxable","14":"shipping-taxable","15":"purchasable","16":"product-type-simple"},"_links":{"self":[{"href":"https:\/\/desdropi.com\/elparque\/wp-json\/wp\/v2\/product\/200136"}],"collection":[{"href":"https:\/\/desdropi.com\/elparque\/wp-json\/wp\/v2\/product"}],"about":[{"href":"https:\/\/desdropi.com\/elparque\/wp-json\/wp\/v2\/types\/product"}],"replies":[{"embeddable":true,"href":"https:\/\/desdropi.com\/elparque\/wp-json\/wp\/v2\/comments?post=200136"}],"version-history":[{"count":1,"href":"https:\/\/desdropi.com\/elparque\/wp-json\/wp\/v2\/product\/200136\/revisions"}],"predecessor-version":[{"id":224869,"href":"https:\/\/desdropi.com\/elparque\/wp-json\/wp\/v2\/product\/200136\/revisions\/224869"}],"wp:featuredmedia":[{"embeddable":true,"href":"https:\/\/desdropi.com\/elparque\/wp-json\/wp\/v2\/media\/200137"}],"wp:attachment":[{"href":"https:\/\/desdropi.com\/elparque\/wp-json\/wp\/v2\/media?parent=200136"}],"wp:term":[{"taxonomy":"product_cat","embeddable":true,"href":"https:\/\/desdropi.com\/elparque\/wp-json\/wp\/v2\/product_cat?post=200136"},{"taxonomy":"product_tag","embeddable":true,"href":"https:\/\/desdropi.com\/elparque\/wp-json\/wp\/v2\/product_tag?post=200136"}],"curies":[{"name":"wp","href":"https:\/\/api.w.org\/{rel}","templated":true}]}}