{"id":200378,"date":"2023-07-27T00:16:02","date_gmt":"2023-07-26T22:16:02","guid":{"rendered":"https:\/\/desdropi.com\/elparque\/plancha-vapor-ufesa-activa-pv1500c-2200w-ceramica-100gr\/"},"modified":"2024-05-18T23:52:28","modified_gmt":"2024-05-18T21:52:28","slug":"plancha-vapor-ufesa-activa-pv1500c-2200w-ceramica-100gr","status":"publish","type":"product","link":"https:\/\/desdropi.com\/elparque\/plancha-vapor-ufesa-activa-pv1500c-2200w-ceramica-100gr\/","title":{"rendered":"Plancha Vapor Ufesa Activa Pv1500C 2200W Ceramica 100Gr"},"content":{"rendered":"<div class=\"descripcion-tab\"><strong>PLANCHADO EN VERTICAL Y HORIZONTAL<\/strong>Olv\u00eddate de tener que elegir entre el planchado vertical y horizontal o entre planchado en seco o a vapor. La plancha PV1500C de Ufesa te permite planchar con cualquiera de estas opciones de forma r\u00e1pida y c\u00f3moda. Es una plancha muy ligera y que expulsa una buena cantidad de vapor, con lo cual podr\u00e1s planchar c\u00f3modamente cualquier prenda.<\/p>\n<p><strong>SUELA CER\u00c1MICA<\/strong><\/p>\n<p>La plancha PV1500C de Ufesa cuenta con un doble sistema antical que har\u00e1 que te olvides de los problemas relacionados con la cal, como la acumulaci\u00f3n de la cal en el agua del dep\u00f3sito.<\/p>\n<p><strong>DOBLE SISTEMA ANTICAL<\/strong><\/p>\n<p>La Suela Cer\u00e1mica permite un excelente deslizamiento por la ropa, lo que har\u00e1 que planchar sea mucho m\u00e1s c\u00f3modo y r\u00e1pido.<\/p>\n<p><strong>PRESTACIONES M\u00c1S RELEVANTES:<\/strong><\/p>\n<ul>\n<li>Potencia: 2200W<\/li>\n<li>Golpe de vapor: max 100gr<\/li>\n<li>Vapor constante: 0-25gr\/min<\/li>\n<li>Dosificaci\u00f3n de vapor: Constante tanto en posici\u00f3n horizontal como en vertical<\/li>\n<li>Sistema antical: 2 (1-Autolimpieza, 2-Golpe antical)<\/li>\n<li>Capacidad: 280 ml<\/li>\n<li>Dise\u00f1o: Antigoteo<\/li>\n<li>Planchado vertical: Si<\/li>\n<li>Planchado con vapor: Si o en seco<\/li>\n<li>Planchado en seco: Si<\/li>\n<li>Spray pulverizador: Si<\/li>\n<li>Base: Cer\u00e1mica<\/li>\n<li>Cable: De 1,8m<\/li>\n<li>Tal\u00f3n: Dise\u00f1ado para guardar el cable f\u00e1cilmente<\/li>\n<li>Vaso de llenado: Si<\/li>\n<\/ul>\n<\/div>\n","protected":false},"excerpt":{"rendered":"<p>PLANCHADO EN VERTICAL Y HORIZONTALOlv\u00eddate de tener que elegir entre el planchado vertical y horizontal o entre planchado en seco<\/p>\n","protected":false},"featured_media":200379,"comment_status":"open","ping_status":"closed","template":"","meta":{"_joinchat":[]},"product_cat":[6503,6504,825],"product_tag":[],"class_list":{"0":"post-200378","1":"product","2":"type-product","3":"status-publish","4":"has-post-thumbnail","6":"product_cat-planchado-y-ropa","7":"product_cat-planchas-de-vapor","8":"product_cat-pequeno-electrodomestico","9":"pa_marca-ufesa","11":"first","12":"instock","13":"taxable","14":"shipping-taxable","15":"purchasable","16":"product-type-simple"},"_links":{"self":[{"href":"https:\/\/desdropi.com\/elparque\/wp-json\/wp\/v2\/product\/200378"}],"collection":[{"href":"https:\/\/desdropi.com\/elparque\/wp-json\/wp\/v2\/product"}],"about":[{"href":"https:\/\/desdropi.com\/elparque\/wp-json\/wp\/v2\/types\/product"}],"replies":[{"embeddable":true,"href":"https:\/\/desdropi.com\/elparque\/wp-json\/wp\/v2\/comments?post=200378"}],"version-history":[{"count":0,"href":"https:\/\/desdropi.com\/elparque\/wp-json\/wp\/v2\/product\/200378\/revisions"}],"wp:featuredmedia":[{"embeddable":true,"href":"https:\/\/desdropi.com\/elparque\/wp-json\/wp\/v2\/media\/200379"}],"wp:attachment":[{"href":"https:\/\/desdropi.com\/elparque\/wp-json\/wp\/v2\/media?parent=200378"}],"wp:term":[{"taxonomy":"product_cat","embeddable":true,"href":"https:\/\/desdropi.com\/elparque\/wp-json\/wp\/v2\/product_cat?post=200378"},{"taxonomy":"product_tag","embeddable":true,"href":"https:\/\/desdropi.com\/elparque\/wp-json\/wp\/v2\/product_tag?post=200378"}],"curies":[{"name":"wp","href":"https:\/\/api.w.org\/{rel}","templated":true}]}}