{"id":200406,"date":"2023-07-31T23:22:01","date_gmt":"2023-07-31T21:22:01","guid":{"rendered":"https:\/\/desdropi.com\/elparque\/cafetera-cap-delonghi-edg110wb-piccolo-xs-colce-gusto-blanca\/"},"modified":"2023-10-31T21:11:03","modified_gmt":"2023-10-31T20:11:03","slug":"cafetera-cap-delonghi-edg110wb-piccolo-xs-colce-gusto-blanca","status":"publish","type":"product","link":"https:\/\/desdropi.com\/elparque\/cafetera-cap-delonghi-edg110wb-piccolo-xs-colce-gusto-blanca\/","title":{"rendered":"Cafetera Cap Delonghi Edg110Wb Piccolo Xs Colce Gusto Blanca"},"content":{"rendered":"<div class=\"descripcion-tab\">\n<strong>Peso y dimensiones<\/strong><\/p>\n<ul>\n<li>Ancho: 136 mm<\/li>\n<li>Profundidad: 266 mm<\/li>\n<li>Altura: 276 mm<\/li>\n<li>Peso: 2,1 kg<\/li>\n<\/ul>\n<p><strong>Control de energ\u00eda<\/strong><\/p>\n<ul>\n<li>Potencia: 1400 W<\/li>\n<\/ul>\n<p><strong>Embalaje<\/strong><\/p>\n<ul>\n<li>Cantidad por paquete: 1 pieza(s)<\/li>\n<li>Tipo de cafetera: C\u00e1psulas<\/li>\n<\/ul>\n<p><strong>Contenido del embalaje<\/strong><\/p>\n<ul>\n<li>Manual de usuario: S\u00ed<\/li>\n<\/ul>\n<p><strong>Ergonom\u00eda<\/strong><\/p>\n<ul>\n<li>Ajustes contra chorreos\/goteos: Vertical<\/li>\n<li>Color del producto: Blanco<\/li>\n<li>Tipo de control: Botones<\/li>\n<li>Pantalla incorporada: No<\/li>\n<li>Reservorio de agua extra\u00edble: S\u00ed<\/li>\n<li>Bandeja de goteo extra\u00edble: S\u00ed<\/li>\n<\/ul>\n<p><strong>Desempe\u00f1o<\/strong><\/p>\n<ul>\n<li>Dise\u00f1o: Encimera<\/li>\n<li>Tipo de cafetera: C\u00e1psulas<\/li>\n<li>Capacidad de reservorio de agua: 0,8 L<\/li>\n<li>M\u00e1quina de caf\u00e9: Semi-autom\u00e1tica<\/li>\n<li>Caf\u00e9 tipo de entrada: C\u00e1psula de caf\u00e9<\/li>\n<li>Dep\u00f3sito para caf\u00e9 preparado: Taza<\/li>\n<li>Capacidad en tazas: 1 taza<\/li>\n<li>Presi\u00f3n m\u00e1xima de funcionamiento (bares): 15<\/li>\n<li>Molinillo integrado: No<\/li>\n<li>N\u00famero de surtidores: 1<\/li>\n<li>Marca compatible: Nescafe Dolce Gusto<\/li>\n<li>Partes de platos a prueba de agua: S\u00ed<\/li>\n<li>Sistema de c\u00e1psulas\/pods de caf\u00e9: Dolce Gusto<\/li>\n<\/ul>\n<p><strong>Funciones y programas de cocina<\/strong><\/p>\n<ul>\n<li>Preparaci\u00f3n de caf\u00e9: S\u00ed<\/li>\n<li>Preparaci\u00f3n de espresso: S\u00ed<\/li>\n<li>Preparaci\u00f3n de cappuccino: S\u00ed<\/li>\n<li>Preparaci\u00f3n de t\u00e9: S\u00ed<\/li>\n<li>Preparaci\u00f3n de bebidas calientes y fr\u00edas: S\u00ed<\/li>\n<\/ul>\n<\/div>\n","protected":false},"excerpt":{"rendered":"<p>Peso y dimensiones Ancho: 136 mm Profundidad: 266 mm Altura: 276 mm Peso: 2,1 kg Control de energ\u00eda Potencia: 1400<\/p>\n","protected":false},"featured_media":200656,"comment_status":"open","ping_status":"closed","template":"","meta":{"_joinchat":[]},"product_cat":[6516,6863,825],"product_tag":[],"class_list":{"0":"post-200406","1":"product","2":"type-product","3":"status-publish","4":"has-post-thumbnail","6":"product_cat-cafeteras-pequeno-electrodomestico","7":"product_cat-de-capsulas","8":"product_cat-pequeno-electrodomestico","9":"pa_marca-delonghi","11":"first","12":"instock","13":"taxable","14":"shipping-taxable","15":"purchasable","16":"product-type-simple"},"_links":{"self":[{"href":"https:\/\/desdropi.com\/elparque\/wp-json\/wp\/v2\/product\/200406"}],"collection":[{"href":"https:\/\/desdropi.com\/elparque\/wp-json\/wp\/v2\/product"}],"about":[{"href":"https:\/\/desdropi.com\/elparque\/wp-json\/wp\/v2\/types\/product"}],"replies":[{"embeddable":true,"href":"https:\/\/desdropi.com\/elparque\/wp-json\/wp\/v2\/comments?post=200406"}],"version-history":[{"count":0,"href":"https:\/\/desdropi.com\/elparque\/wp-json\/wp\/v2\/product\/200406\/revisions"}],"wp:featuredmedia":[{"embeddable":true,"href":"https:\/\/desdropi.com\/elparque\/wp-json\/wp\/v2\/media\/200656"}],"wp:attachment":[{"href":"https:\/\/desdropi.com\/elparque\/wp-json\/wp\/v2\/media?parent=200406"}],"wp:term":[{"taxonomy":"product_cat","embeddable":true,"href":"https:\/\/desdropi.com\/elparque\/wp-json\/wp\/v2\/product_cat?post=200406"},{"taxonomy":"product_tag","embeddable":true,"href":"https:\/\/desdropi.com\/elparque\/wp-json\/wp\/v2\/product_tag?post=200406"}],"curies":[{"name":"wp","href":"https:\/\/api.w.org\/{rel}","templated":true}]}}