{"id":200416,"date":"2023-07-31T23:48:04","date_gmt":"2023-07-31T21:48:04","guid":{"rendered":"https:\/\/desdropi.com\/elparque\/horno-balay-3hb4131x2-touch-gt\/"},"modified":"2024-05-18T23:38:15","modified_gmt":"2024-05-18T21:38:15","slug":"horno-balay-3hb4131x2-touch-gt","status":"publish","type":"product","link":"https:\/\/desdropi.com\/elparque\/horno-balay-3hb4131x2-touch-gt\/","title":{"rendered":"Horno Balay 3Hb4131X2 Touch Gt"},"content":{"rendered":"<div class=\"descripcion-tab\">\n<p><strong>Peso y dimensiones<\/strong><\/p>\n<ul>\n<li>Ancho: 594<\/li>\n<li>Altura: 595<\/li>\n<li>Profundidad: 548<\/li>\n<li>Peso: 37,2<\/li>\n<li>Altura del compartimiento de instalaci\u00f3n: 59,5<\/li>\n<li>Installation compartment width (min): 56<\/li>\n<li>Ancho de compartimiento de instalaci\u00f3n: 56,8<\/li>\n<li>Altura de compartimiento de instalaci\u00f3n (min): 58,5<\/li>\n<\/ul>\n<p><strong>Control de energ\u00eda<\/strong><\/p>\n<ul>\n<li>Clase de eficiencia de energ\u00eda: A<\/li>\n<li>Energy efficiency scale: A+++ a D<\/li>\n<li>Consumo de energ\u00eda (convencional): 0,97<\/li>\n<li>Consumo de energ\u00eda (convecci\u00f3n forzada): 0,81<\/li>\n<li>Voltaje de entrada AC: 220-240<\/li>\n<li>\u00cdndice de eficiencia energ\u00e9tica: 95,3<\/li>\n<li>Corriente: 16<\/li>\n<li>Tipo de enchufe: Tipo F<\/li>\n<\/ul>\n<p><strong>Horno<\/strong><\/p>\n<ul>\n<li>N\u00famero de hornos: 1<\/li>\n<li>Tama\u00f1o: Medio<\/li>\n<li>Tipo de horno: Horno el\u00e9ctrico<\/li>\n<li>Total capacidad interior, horno (s): 71<\/li>\n<li>N\u00famero de programas de cocci\u00f3n: 7<\/li>\n<li>Cocci\u00f3n de convecci\u00f3n: S\u00ed<\/li>\n<li>Parrilla: S\u00ed<\/li>\n<li>Grill de amplia superficie: S\u00ed<\/li>\n<li>Funci\u00f3n de parrilla con ventilador: S\u00ed<\/li>\n<li>Cocci\u00f3n microondas: No<\/li>\n<li>Rango de temperaturas del termostato del horno: 50 &#8211; 275<\/li>\n<li>Funci\u00f3n autolimpieza: S\u00ed<\/li>\n<li>Tipo auto-limpieza: Por vapor<\/li>\n<li>Temperatura m\u00e1xima (convecci\u00f3n): 275<\/li>\n<li>Capacidad neta del horno: 71<\/li>\n<li>Oven defrost function: No<\/li>\n<li>Funci\u00f3n mantener caliente: No<\/li>\n<li>Funci\u00f3n recalentar: No<\/li>\n<\/ul>\n<p><strong>Contenido del embalaje<\/strong><\/p>\n<ul>\n<li>Incluye carriles telesc\u00f3picos: S\u00ed<\/li>\n<\/ul>\n<p><strong>Alumbrado<\/strong><\/p>\n<ul>\n<li>Luz interior: S\u00ed<\/li>\n<\/ul>\n<p><strong>Ergonom\u00eda<\/strong><\/p>\n<ul>\n<li>Wi-Fi controlado: No<\/li>\n<li>Reloj integrado: S\u00ed<\/li>\n<li>Tipo de reloj: Electr\u00f3nico<\/li>\n<\/ul>\n<p><strong>Dise\u00f1o<\/strong><\/p>\n<ul>\n<li>Tipo de instalaci\u00f3n: Integrado<\/li>\n<li>Color del producto: Inox &amp; cristal negro<\/li>\n<li>Tipo de control: Giratorio, Tocar<\/li>\n<li>Pantalla incorporada: S\u00ed<\/li>\n<li>Bisagra para puerta: Abajo<\/li>\n<li>Apertura de la puerta del horno: Abertura inferior<\/li>\n<li>Tipo de visualizador: LED<\/li>\n<li>Material de la puerta: Vidrio<\/li>\n<li>Temperatura de la puerta (m\u00e1x): 50<\/li>\n<li>Longitud del cable: 1,2<\/li>\n<\/ul>\n<\/div>\n","protected":false},"excerpt":{"rendered":"<p>Peso y dimensiones Ancho: 594 Altura: 595 Profundidad: 548 Peso: 37,2 Altura del compartimiento de instalaci\u00f3n: 59,5 Installation compartment width<\/p>\n","protected":false},"featured_media":200417,"comment_status":"open","ping_status":"closed","template":"","meta":{"_joinchat":[]},"product_cat":[6507,3268,3279],"product_tag":[],"class_list":{"0":"post-200416","1":"product","2":"type-product","3":"status-publish","4":"has-post-thumbnail","6":"product_cat-multifuncion","7":"product_cat-coccion","8":"product_cat-hornos","9":"pa_marca-balay","11":"first","12":"instock","13":"sale","14":"taxable","15":"shipping-taxable","16":"purchasable","17":"product-type-simple"},"_links":{"self":[{"href":"https:\/\/desdropi.com\/elparque\/wp-json\/wp\/v2\/product\/200416"}],"collection":[{"href":"https:\/\/desdropi.com\/elparque\/wp-json\/wp\/v2\/product"}],"about":[{"href":"https:\/\/desdropi.com\/elparque\/wp-json\/wp\/v2\/types\/product"}],"replies":[{"embeddable":true,"href":"https:\/\/desdropi.com\/elparque\/wp-json\/wp\/v2\/comments?post=200416"}],"version-history":[{"count":0,"href":"https:\/\/desdropi.com\/elparque\/wp-json\/wp\/v2\/product\/200416\/revisions"}],"wp:featuredmedia":[{"embeddable":true,"href":"https:\/\/desdropi.com\/elparque\/wp-json\/wp\/v2\/media\/200417"}],"wp:attachment":[{"href":"https:\/\/desdropi.com\/elparque\/wp-json\/wp\/v2\/media?parent=200416"}],"wp:term":[{"taxonomy":"product_cat","embeddable":true,"href":"https:\/\/desdropi.com\/elparque\/wp-json\/wp\/v2\/product_cat?post=200416"},{"taxonomy":"product_tag","embeddable":true,"href":"https:\/\/desdropi.com\/elparque\/wp-json\/wp\/v2\/product_tag?post=200416"}],"curies":[{"name":"wp","href":"https:\/\/api.w.org\/{rel}","templated":true}]}}