{"id":200570,"date":"2023-08-01T13:18:25","date_gmt":"2023-08-01T11:18:25","guid":{"rendered":"https:\/\/desdropi.com\/elparque\/?post_type=product&#038;p=200570"},"modified":"2024-05-17T13:01:27","modified_gmt":"2024-05-17T11:01:27","slug":"camara-inteligente-tp-link-tc70-1080p-motor-interior","status":"publish","type":"product","link":"https:\/\/desdropi.com\/elparque\/camara-inteligente-tp-link-tc70-1080p-motor-interior\/","title":{"rendered":"Camara Inteligente Tp Link Tc70 1080P Motor Interior"},"content":{"rendered":"<div class=\"descripcion-tab\">\n<strong>Audio<\/strong><\/p>\n<ul>\n<li>Altavoces incorporados: S\u00ed<\/li>\n<li>Micr\u00f3fono incorporado: S\u00ed<\/li>\n<li>Sistema de lentes<\/li>\n<li>N\u00famero de lentes: 1<\/li>\n<li>Distancia focal fija: 4<\/li>\n<\/ul>\n<p><strong>Peso y dimensiones<\/strong><\/p>\n<ul>\n<li>Ancho: 85 mm<\/li>\n<li>Profundidad: 86,6 mm<\/li>\n<li>Altura: 117,7 mm<\/li>\n<\/ul>\n<p><strong>Control de energ\u00eda<\/strong><\/p>\n<ul>\n<li>Alimentaci\u00f3n: Corriente alterna, CC<\/li>\n<li>Voltaje de entrada AC: 100 &#8211; 240<\/li>\n<li>Frecuencia de entrada AC: 50\/60<\/li>\n<li>Voltaje de salida CC: 9<\/li>\n<li>Amperaje de salida CC: 0,6<\/li>\n<\/ul>\n<p><strong>Condiciones ambientales<\/strong><\/p>\n<ul>\n<li>Intervalo de temperatura operativa: 0 &#8211; 40 \u00b0C<\/li>\n<li>Intervalo de temperatura de almacenaje: -40 &#8211; 70 \u00b0C<\/li>\n<li>Intervalo de humedad relativa para funcionamiento: 10 &#8211; 90 %<\/li>\n<li>Intervalo de humedad relativa durante almacenaje: 5 &#8211; 90 %<\/li>\n<\/ul>\n<p><strong>V\u00eddeo<\/strong><\/p>\n<ul>\n<li>Formato de v\u00eddeo soportado: 1080p<\/li>\n<li>Formatos de compresi\u00f3n de video: H.264<\/li>\n<li>Velocidad de cuadro: 15<\/li>\n<\/ul>\n<p><strong>Medios de almacenaje<\/strong><\/p>\n<ul>\n<li>Tarjeta de lectura integrada: S\u00ed<\/li>\n<li>Tarjetas de memoria compatibles: MicroSD (TransFlash)<\/li>\n<li>Tama\u00f1o m\u00e1ximo de tarjeta de memoria: 128 GB<\/li>\n<\/ul>\n<p><strong>Seguridad<\/strong><\/p>\n<ul>\n<li>Detecci\u00f3n de movimiento en video: S\u00ed<\/li>\n<\/ul>\n<p><strong>Sensor de la imagen<\/strong><\/p>\n<ul>\n<li>Tipo de sensor: CMOS<\/li>\n<\/ul>\n<p><strong>C\u00e1mara fotogr\u00e1fica<\/strong><\/p>\n<ul>\n<li>Control de desplazamiento de la c\u00e1mara: S\u00ed<\/li>\n<li>Control de inclinaci\u00f3n de la c\u00e1mara: S\u00ed<\/li>\n<li>\u00c1ngulo de inclinaci\u00f3n: 0 &#8211; 114 grados<\/li>\n<li>Alcance de bandeja: 0 &#8211; 360 grados<\/li>\n<\/ul>\n<p><strong>Contenido del embalaje<\/strong><\/p>\n<ul>\n<li>N\u00famero de c\u00e1maras: 1<\/li>\n<\/ul>\n<p><strong>Dise\u00f1o<\/strong><\/p>\n<ul>\n<li>Factor de forma: Esf\u00e9rico<\/li>\n<li>Tipo de montaje: Techo\/pared<\/li>\n<li>Color del producto: Blanco<\/li>\n<li>Indicadores LED: Sistema, S\u00ed<\/li>\n<\/ul>\n<p><strong>Visi\u00f3n nocturna<\/strong><\/p>\n<ul>\n<li>Visi\u00f3n nocturna: S\u00ed<\/li>\n<\/ul>\n<p><strong>Desempe\u00f1o<\/strong><\/p>\n<ul>\n<li>Tipo: C\u00e1mara de seguridad IP<\/li>\n<li>Colocaci\u00f3n soportada: Interior<\/li>\n<li>Tecnolog\u00eda de conectividad: Inal\u00e1mbrico<\/li>\n<li>Modo d\u00eda \/ noche: S\u00ed<\/li>\n<li>Visualizaci\u00f3n a distancia: S\u00ed<\/li>\n<li>Filtro de corte infrarrojo: S\u00ed<\/li>\n<\/ul>\n<p><strong>Conexi\u00f3n<\/strong><\/p>\n<ul>\n<li>Ethernet: No<\/li>\n<li>Wifi: S\u00ed<\/li>\n<\/ul>\n<\/div>\n","protected":false},"excerpt":{"rendered":"<p>Audio Altavoces incorporados: S\u00ed Micr\u00f3fono incorporado: S\u00ed Sistema de lentes N\u00famero de lentes: 1 Distancia focal fija: 4 Peso y<\/p>\n","protected":false},"featured_media":200572,"comment_status":"open","ping_status":"closed","template":"","meta":{"_joinchat":[]},"product_cat":[795,6593,7088],"product_tag":[],"class_list":{"0":"post-200570","1":"product","2":"type-product","3":"status-publish","4":"has-post-thumbnail","6":"product_cat-electronica","7":"product_cat-camaras","8":"product_cat-videovigilancia","10":"first","11":"instock","12":"taxable","13":"shipping-taxable","14":"purchasable","15":"product-type-simple"},"_links":{"self":[{"href":"https:\/\/desdropi.com\/elparque\/wp-json\/wp\/v2\/product\/200570"}],"collection":[{"href":"https:\/\/desdropi.com\/elparque\/wp-json\/wp\/v2\/product"}],"about":[{"href":"https:\/\/desdropi.com\/elparque\/wp-json\/wp\/v2\/types\/product"}],"replies":[{"embeddable":true,"href":"https:\/\/desdropi.com\/elparque\/wp-json\/wp\/v2\/comments?post=200570"}],"version-history":[{"count":0,"href":"https:\/\/desdropi.com\/elparque\/wp-json\/wp\/v2\/product\/200570\/revisions"}],"wp:featuredmedia":[{"embeddable":true,"href":"https:\/\/desdropi.com\/elparque\/wp-json\/wp\/v2\/media\/200572"}],"wp:attachment":[{"href":"https:\/\/desdropi.com\/elparque\/wp-json\/wp\/v2\/media?parent=200570"}],"wp:term":[{"taxonomy":"product_cat","embeddable":true,"href":"https:\/\/desdropi.com\/elparque\/wp-json\/wp\/v2\/product_cat?post=200570"},{"taxonomy":"product_tag","embeddable":true,"href":"https:\/\/desdropi.com\/elparque\/wp-json\/wp\/v2\/product_tag?post=200570"}],"curies":[{"name":"wp","href":"https:\/\/api.w.org\/{rel}","templated":true}]}}