{"id":200652,"date":"2023-08-02T00:24:02","date_gmt":"2023-08-01T22:24:02","guid":{"rendered":"https:\/\/desdropi.com\/elparque\/tostador-laica-hi1000l-2r-digital-6-niveles-de-tostado\/"},"modified":"2025-04-14T01:43:11","modified_gmt":"2025-04-13T23:43:11","slug":"tostador-laica-hi1000l-2r-digital-6-niveles-de-tostado","status":"publish","type":"product","link":"https:\/\/desdropi.com\/elparque\/tostador-laica-hi1000l-2r-digital-6-niveles-de-tostado\/","title":{"rendered":"Tostador Laica Hi1000L 2R Digital 6\/Niveles De Tostado"},"content":{"rendered":"<div class=\"descripcion-tab\">\n<p><strong>Disfruta de la fusi\u00f3n perfecta de dise\u00f1o italiano y versatilidad con las tostadoras digitales ISEO de 2 y 4 rodajas, de LAICA<\/strong><\/p>\n<p>Estas elegantes tostadoras no solo a\u00f1aden un toque de elegancia en tu cocina sino que adem\u00e1s te ofrecen todo lo que necesitas para tostar.<\/p>\n<p>Pensadas ante todo para la comodidad del usuario, las tostadoras digitales ISEO cuentan con ranuras extraanchas y una funci\u00f3n de elevaci\u00f3n adicional que aseguran una tostadura f\u00e1cil y sin esfuerzo del pan de varios tipos y tama\u00f1os.<\/p>\n<p>Su temporizador regresivo y seis programas de tostadura te permiten lograr con precisi\u00f3n el nivel de tueste que prefieras, mientras que la funci\u00f3n espec\u00edfica para bollos calienta y pone crujiente el interior de estos de forma perfecta.<\/p>\n<p>La funci\u00f3n de autocentrado garantiza un resultado uniforme en el tueste y la elevaci\u00f3n adicional, por su parte, te permite retirar tus tostadas sin complicaciones.<\/p>\n<p>Adem\u00e1s, las funciones de recalentado y descongelaci\u00f3n las convierten en unas compa\u00f1eras vers\u00e1tiles en las ma\u00f1anas de ajetreo. Eleva la experiencia en la preparaci\u00f3n de tus tostadas con las tostadoras digitales ISEO de 2 y 4 rodajas, de LAICA, y del\u00e9itate cada vez con unos deliciosos bocados tostados a la perfecci\u00f3n.<\/p>\n<ul>\n<li>Multifunci\u00f3n: tuesta, descongela y recalienta pan y bollos.<\/li>\n<li>Pantalla digital de LED para mostrar el modo de tueste, su intensidad y el temporizador regresivo.<\/li>\n<li>6 niveles de tostadura.<\/li>\n<li>Ranuras anchas con autocentrado.<\/li>\n<li>Elevaci\u00f3n adicional.<\/li>\n<li>Equipada con bandeja para migajas y parrilla de tueste para bollos.<\/li>\n<\/ul>\n<\/div>\n","protected":false},"excerpt":{"rendered":"<p>Disfruta de la fusi\u00f3n perfecta de dise\u00f1o italiano y versatilidad con las tostadoras digitales ISEO de 2 y 4 rodajas,<\/p>\n","protected":false},"featured_media":200653,"comment_status":"open","ping_status":"closed","template":"","meta":{"_joinchat":[]},"product_cat":[825,831,834],"product_tag":[],"class_list":{"0":"post-200652","1":"product","2":"type-product","3":"status-publish","4":"has-post-thumbnail","6":"product_cat-pequeno-electrodomestico","7":"product_cat-accesorios-de-cocina","8":"product_cat-tostadores","9":"pa_marca-laica","11":"first","12":"instock","13":"taxable","14":"shipping-taxable","15":"purchasable","16":"product-type-simple"},"_links":{"self":[{"href":"https:\/\/desdropi.com\/elparque\/wp-json\/wp\/v2\/product\/200652"}],"collection":[{"href":"https:\/\/desdropi.com\/elparque\/wp-json\/wp\/v2\/product"}],"about":[{"href":"https:\/\/desdropi.com\/elparque\/wp-json\/wp\/v2\/types\/product"}],"replies":[{"embeddable":true,"href":"https:\/\/desdropi.com\/elparque\/wp-json\/wp\/v2\/comments?post=200652"}],"version-history":[{"count":1,"href":"https:\/\/desdropi.com\/elparque\/wp-json\/wp\/v2\/product\/200652\/revisions"}],"predecessor-version":[{"id":224877,"href":"https:\/\/desdropi.com\/elparque\/wp-json\/wp\/v2\/product\/200652\/revisions\/224877"}],"wp:featuredmedia":[{"embeddable":true,"href":"https:\/\/desdropi.com\/elparque\/wp-json\/wp\/v2\/media\/200653"}],"wp:attachment":[{"href":"https:\/\/desdropi.com\/elparque\/wp-json\/wp\/v2\/media?parent=200652"}],"wp:term":[{"taxonomy":"product_cat","embeddable":true,"href":"https:\/\/desdropi.com\/elparque\/wp-json\/wp\/v2\/product_cat?post=200652"},{"taxonomy":"product_tag","embeddable":true,"href":"https:\/\/desdropi.com\/elparque\/wp-json\/wp\/v2\/product_tag?post=200652"}],"curies":[{"name":"wp","href":"https:\/\/api.w.org\/{rel}","templated":true}]}}