{"id":202790,"date":"2023-08-23T00:38:03","date_gmt":"2023-08-22T22:38:03","guid":{"rendered":"https:\/\/desdropi.com\/elparque\/frigo-combi-cecotec-02418-200x60-inox-clase-d\/"},"modified":"2025-04-14T09:30:18","modified_gmt":"2025-04-14T07:30:18","slug":"frigo-combi-cecotec-02418-200x60-inox-clase-d","status":"publish","type":"product","link":"https:\/\/desdropi.com\/elparque\/frigo-combi-cecotec-02418-200x60-inox-clase-d\/","title":{"rendered":"frigo.combi cecotec 02418 200&#215;60 inox clase D"},"content":{"rendered":"<div class=\"descripcion-tab\"><strong>Descripci\u00f3n<\/strong><\/p>\n<ul>\n<li><strong>Multi Airflow:<\/strong> Garantiza una temperatura \u00f3ptima en todo el compartimento para mantener la frescura de los alimentos por m\u00e1s tiempo mediante la distribuci\u00f3n uniforme de aire fr\u00edo.<\/li>\n<li><strong>Total No Frost:<\/strong> Evita la formaci\u00f3n de hielo en los alimentos y en el frigor\u00edfico, preservando los alimentos y nutrientes por m\u00e1s tiempo gracias a una mejor circulaci\u00f3n del aire.<\/li>\n<li><strong>Clase D:<\/strong> Clasificaci\u00f3n energ\u00e9tica \u00f3ptima para un frigor\u00edfico.<\/li>\n<li><strong>Humidity Box:<\/strong> Caj\u00f3n con humedad regulable para la \u00f3ptima conservaci\u00f3n de frutas y verduras.<\/li>\n<li><strong>Crisper Box:<\/strong> Caj\u00f3n especial para conservar carne y pescado.<\/li>\n<li><strong>LED Interior:<\/strong> Iluminaci\u00f3n LED en el interior.<\/li>\n<li><strong>Modo Vacaciones:<\/strong> Optimiza el consumo de energ\u00eda cuando est\u00e1s ausente por un largo periodo, ajustando la temperatura del frigor\u00edfico a 15 grados y la del congelador a -18 grados.<\/li>\n<li><strong>Modo Eco:<\/strong> Optimiza el consumo de energ\u00eda para ahorrar en la factura.<\/li>\n<li><strong>Puerta Reversible:<\/strong> Permite ajustar la orientaci\u00f3n de la puerta seg\u00fan tus necesidades.<\/li>\n<li><strong>Alarma de Puerta:<\/strong> Te avisa cuando el frigor\u00edfico lleva un tiempo abierto y comienza a perder temperatura.<\/li>\n<li><strong>Fast Freezing:<\/strong> Congelado ultrarr\u00e1pido.<\/li>\n<li><strong>Fast Cooling:<\/strong> Mayor rapidez en la refrigeraci\u00f3n de los alimentos.<\/li>\n<li><strong>Control de Temperatura:<\/strong> Permite controlar la temperatura deseada del frigor\u00edfico.<\/li>\n<li><strong>Motor Inverter Plus:<\/strong> Ahorro de energ\u00eda y dinero al mantener la temperatura interior del frigor\u00edfico sin incurrir en gastos adicionales, adaptando el funcionamiento seg\u00fan las condiciones internas.<\/li>\n<li><strong>Capacidad:<\/strong> 356 L.<\/li>\n<\/ul>\n<p><strong>Composici\u00f3n<\/strong><\/p>\n<ul>\n<li>Frigor\u00edfico<\/li>\n<li>Manual<\/li>\n<\/ul>\n<\/div>\n","protected":false},"excerpt":{"rendered":"<p><a href=\"https:\/\/desdropi.com\/elparque\/wp-content\/uploads\/19400.pdf\" target=\"_blank\" rel=\"noopener\"><img decoding=\"async\" class=\"alignnone wp-image-205373 size-full\" src=\"https:\/\/desdropi.com\/elparque\/wp-content\/uploads\/eficiencia-D.png\" alt=\"\" width=\"56\" height=\"33\" \/><\/a><\/p>\n<p><a style=\"text-decoration: underline;\" href=\"https:\/\/desdropi.com\/elparque\/wp-content\/uploads\/19400.2.pdf\" target=\"_blank\" rel=\"noopener\">Ficha de informaci\u00f3n de producto<\/a><\/p>\n","protected":false},"featured_media":202791,"comment_status":"open","ping_status":"closed","template":"","meta":{"_joinchat":[]},"product_cat":[6442,6441,780],"product_tag":[],"class_list":{"0":"post-202790","1":"product","2":"type-product","3":"status-publish","4":"has-post-thumbnail","6":"product_cat-combis-frigorificos","7":"product_cat-frigorificos","8":"product_cat-gran-electrodomestico","9":"pa_marca-cecotec","10":"pa_nofrost-si","12":"first","13":"instock","14":"taxable","15":"shipping-taxable","16":"purchasable","17":"product-type-simple"},"_links":{"self":[{"href":"https:\/\/desdropi.com\/elparque\/wp-json\/wp\/v2\/product\/202790"}],"collection":[{"href":"https:\/\/desdropi.com\/elparque\/wp-json\/wp\/v2\/product"}],"about":[{"href":"https:\/\/desdropi.com\/elparque\/wp-json\/wp\/v2\/types\/product"}],"replies":[{"embeddable":true,"href":"https:\/\/desdropi.com\/elparque\/wp-json\/wp\/v2\/comments?post=202790"}],"version-history":[{"count":1,"href":"https:\/\/desdropi.com\/elparque\/wp-json\/wp\/v2\/product\/202790\/revisions"}],"predecessor-version":[{"id":224898,"href":"https:\/\/desdropi.com\/elparque\/wp-json\/wp\/v2\/product\/202790\/revisions\/224898"}],"wp:featuredmedia":[{"embeddable":true,"href":"https:\/\/desdropi.com\/elparque\/wp-json\/wp\/v2\/media\/202791"}],"wp:attachment":[{"href":"https:\/\/desdropi.com\/elparque\/wp-json\/wp\/v2\/media?parent=202790"}],"wp:term":[{"taxonomy":"product_cat","embeddable":true,"href":"https:\/\/desdropi.com\/elparque\/wp-json\/wp\/v2\/product_cat?post=202790"},{"taxonomy":"product_tag","embeddable":true,"href":"https:\/\/desdropi.com\/elparque\/wp-json\/wp\/v2\/product_tag?post=202790"}],"curies":[{"name":"wp","href":"https:\/\/api.w.org\/{rel}","templated":true}]}}