{"id":202903,"date":"2023-09-06T19:16:38","date_gmt":"2023-09-06T17:16:38","guid":{"rendered":"https:\/\/desdropi.com\/elparque\/?post_type=product&#038;p=202903"},"modified":"2024-06-05T11:33:55","modified_gmt":"2024-06-05T09:33:55","slug":"portatil-lenovo-v15-g2ijl-n4500-8gb-256-ssd-156-funda-targus-regalo","status":"publish","type":"product","link":"https:\/\/desdropi.com\/elparque\/portatil-lenovo-v15-g2ijl-n4500-8gb-256-ssd-156-funda-targus-regalo\/","title":{"rendered":"PORTATIL LENOVO V15 G2IJL N4500\/ 8GB\/ 256 SSD\/15,6"},"content":{"rendered":"<div class=\"descripcion-tab\">\n<div><span style=\"color: #ff0000;\">Incluye Funda Targus TBS65205GL\u00a0 de regalo<\/span><\/div>\n<p><strong>Procesador<\/strong><\/p>\n<ul>\n<li>Frecuencia del procesador: 2,8 GHz<\/li>\n<li>Fabricante de procesador: Intel<\/li>\n<li>Frecuencia del procesador turbo: 4 GHz<\/li>\n<li>Familia de procesador: Intel\u00ae Celeron\u00ae<\/li>\n<li>Modelo del procesador: N4500<\/li>\n<\/ul>\n<p><strong>Memoria<\/strong><\/p>\n<ul>\n<li>Velocidad de memoria del reloj: 2933 MHz<\/li>\n<li>Tipo de memoria interna: DDR4-SDRAM<\/li>\n<li>Memoria RAM: 8 GB<\/li>\n<li>Memoria interna m\u00e1xima: 8 GB<\/li>\n<li>Ranuras de memoria: 1x SO-DIMM<\/li>\n<li>Forma de factor de memoria: Incorporado + SO-DIMM<\/li>\n<\/ul>\n<p><strong>Exhibici\u00f3n<\/strong><\/p>\n<ul>\n<li>Diagonal de la pantalla: 39,6 cm (15,6&#8243;)<\/li>\n<li>Resoluci\u00f3n de la pantalla: 1920 x 1080<\/li>\n<li>Retroiluminaci\u00f3n LED: S\u00ed<\/li>\n<li>Tipo HD: Full HD<\/li>\n<li>Brillo de pantalla: 250<\/li>\n<li>Pantalla t\u00e1ctil: No<\/li>\n<li>Tipo de pantalla: TN<\/li>\n<li>Pantalla antirreflectante: S\u00ed<\/li>\n<li>Relaci\u00f3n de aspecto nativa: 16:9<\/li>\n<\/ul>\n<p><strong>Audio<\/strong><\/p>\n<ul>\n<li>N\u00famero de altavoces incorporados: 2<\/li>\n<li>Sistema de audio: Dolby Audio<\/li>\n<li>Potencia de altavoz: 1,5<\/li>\n<li>Micr\u00f3fono incorporado: S\u00ed<\/li>\n<li>Chip de sonido: Realtek ALC3287<\/li>\n<\/ul>\n<p><strong>Puertos e Interfaces<\/strong><\/p>\n<ul>\n<li>Cantidad de puertos USB 2.0: 1<\/li>\n<li>Versi\u00f3n HDMI: 1.4b<\/li>\n<li>Cantidad de puertos Ethernet LAN (RJ-45): 1<\/li>\n<li>Combo de salida de auriculares \/ micr\u00f3fono del puerto: S\u00ed<\/li>\n<li>N\u00famero de puertos HDMI: 1<\/li>\n<li>Cantidad de puertos tipo A USB 3.2 Gen 1 (3.1 Gen 1): 1<\/li>\n<\/ul>\n<p><strong>Peso y dimensiones<\/strong><\/p>\n<ul>\n<li>Ancho: 359,2 mm<\/li>\n<li>Profundidad: 235,8 mm<\/li>\n<li>Altura: 19,9 mm<\/li>\n<li>Peso: 1,7 kg<\/li>\n<\/ul>\n<p><strong>Control de energ\u00eda<\/strong><\/p>\n<ul>\n<li>Potencia de adaptador AC: 45 W<\/li>\n<\/ul>\n<p><strong>Teclado<\/strong><\/p>\n<ul>\n<li>Idioma del teclado: Espa\u00f1ol<\/li>\n<li>Dispositivo apuntador: Touchpad<\/li>\n<li>Teclado num\u00e9rico: S\u00ed<\/li>\n<\/ul>\n<p><strong>Medios de almacenaje<\/strong><\/p>\n<ul>\n<li>Tipo de Disco Duro: SSD<\/li>\n<li>Capacidad del disco de estado s\u00f3lido: 256 GB<\/li>\n<li>Interfaces de disco de estado s\u00f3lido: PCI Express<\/li>\n<li>Capacidad total de SSD: 256 GB<\/li>\n<li>N\u00famero de unidades SSD instalados: 1<\/li>\n<li>Capacidad Disco Duro: 256 GB<\/li>\n<li>Factor de forma de disco SSD: M.2<\/li>\n<li>Tipo de unidad \u00f3ptica: No<\/li>\n<li>Tarjeta de lectura integrada: No<\/li>\n<\/ul>\n<p><strong>Seguridad<\/strong><\/p>\n<ul>\n<li>M\u00f3dulo de plataforma confiable (TPM): S\u00ed<\/li>\n<li>Lector de huella digital: No<\/li>\n<li>Tipo de ranura de bloqueo del cable: Kensington Nano Security Block<\/li>\n<\/ul>\n<p><strong>Aprobaciones reguladoras<\/strong><\/p>\n<ul>\n<li>Certificaci\u00f3n: ErP Lot 3<\/li>\n<\/ul>\n<p><strong>Software<\/strong><\/p>\n<ul>\n<li>Sistema operativo instalado: Windows 11 Home<\/li>\n<li>Software de prueba: Office<\/li>\n<\/ul>\n<p><strong>C\u00e1mara fotogr\u00e1fica<\/strong><\/p>\n<ul>\n<li>C\u00e1mara con configuraci\u00f3n de privacidad: S\u00ed<\/li>\n<li>Tipo de privacidad: Tapa de obturador<\/li>\n<li>Tipo de c\u00e1mara frontal HD: HD<\/li>\n<li>C\u00e1mara frontal: S\u00ed<\/li>\n<\/ul>\n<p><strong>Bater\u00eda<\/strong><\/p>\n<ul>\n<li>Capacidad de bater\u00eda (vatio-hora): 38 Wh<\/li>\n<\/ul>\n<p><strong>Dise\u00f1o<\/strong><\/p>\n<ul>\n<li>Nombre del color: Black<\/li>\n<li>Color del producto: Negro<\/li>\n<li>Tipo de producto: Port\u00e1til<\/li>\n<li>Factor de forma: Concha<\/li>\n<\/ul>\n<p><strong>Gr\u00e1ficos<\/strong><\/p>\n<ul>\n<li>Tarjeta gr\u00e1fica integrada: S\u00ed<\/li>\n<li>Modelo de adaptador de gr\u00e1ficos discretos: No disponible<\/li>\n<li>Discrete graphics adapter: No<\/li>\n<li>Modelo de tarjeta gr\u00e1fica: Intel UHD Graphics<\/li>\n<\/ul>\n<p><strong>Conexi\u00f3n<\/strong><\/p>\n<ul>\n<li>Ethernet: S\u00ed<\/li>\n<li>Ethernet LAN, velocidad de transferencia de datos: 100,1000 Mbps<\/li>\n<li>Versi\u00f3n de Bluetooth: 5.1<\/li>\n<li>Bluetooth: S\u00ed<\/li>\n<\/ul>\n<p><strong>Sostenibilidad<\/strong><\/p>\n<ul>\n<li>Certificados de sostenibilidad: ENERGY STAR, RoHS<\/li>\n<\/ul>\n<\/div>\n","protected":false},"excerpt":{"rendered":"<p>Incluye Funda Targus TBS65205GL\u00a0 de regalo Procesador Frecuencia del procesador: 2,8 GHz Fabricante de procesador: Intel Frecuencia del procesador turbo:<\/p>\n","protected":false},"featured_media":202904,"comment_status":"open","ping_status":"closed","template":"","meta":{"_joinchat":[]},"product_cat":[6536,6555,6556],"product_tag":[],"class_list":{"0":"post-202903","1":"product","2":"type-product","3":"status-publish","4":"has-post-thumbnail","6":"product_cat-informatica-y-ocio","7":"product_cat-ordenadores-informatica-y-gaming","8":"product_cat-portatiles-ordenadores-informatica-y-gaming","10":"first","11":"instock","12":"taxable","13":"shipping-taxable","14":"purchasable","15":"product-type-simple"},"_links":{"self":[{"href":"https:\/\/desdropi.com\/elparque\/wp-json\/wp\/v2\/product\/202903"}],"collection":[{"href":"https:\/\/desdropi.com\/elparque\/wp-json\/wp\/v2\/product"}],"about":[{"href":"https:\/\/desdropi.com\/elparque\/wp-json\/wp\/v2\/types\/product"}],"replies":[{"embeddable":true,"href":"https:\/\/desdropi.com\/elparque\/wp-json\/wp\/v2\/comments?post=202903"}],"version-history":[{"count":0,"href":"https:\/\/desdropi.com\/elparque\/wp-json\/wp\/v2\/product\/202903\/revisions"}],"wp:featuredmedia":[{"embeddable":true,"href":"https:\/\/desdropi.com\/elparque\/wp-json\/wp\/v2\/media\/202904"}],"wp:attachment":[{"href":"https:\/\/desdropi.com\/elparque\/wp-json\/wp\/v2\/media?parent=202903"}],"wp:term":[{"taxonomy":"product_cat","embeddable":true,"href":"https:\/\/desdropi.com\/elparque\/wp-json\/wp\/v2\/product_cat?post=202903"},{"taxonomy":"product_tag","embeddable":true,"href":"https:\/\/desdropi.com\/elparque\/wp-json\/wp\/v2\/product_tag?post=202903"}],"curies":[{"name":"wp","href":"https:\/\/api.w.org\/{rel}","templated":true}]}}