{"id":202943,"date":"2023-09-07T10:20:54","date_gmt":"2023-09-07T08:20:54","guid":{"rendered":"https:\/\/desdropi.com\/elparque\/?post_type=product&#038;p=202943"},"modified":"2024-05-17T13:01:27","modified_gmt":"2024-05-17T11:01:27","slug":"tablet-lenovo-m10-plus-2k-4-128-1061-black","status":"publish","type":"product","link":"https:\/\/desdropi.com\/elparque\/tablet-lenovo-m10-plus-2k-4-128-1061-black\/","title":{"rendered":"TABLET LENOVO M10 PLUS 2K 4\/128 10,61&#8243; BLACK"},"content":{"rendered":"<div class=\"descripcion-tab\">\n<strong>Procesador<\/strong><\/p>\n<ul>\n<li>Fabricante de procesador: MediaTek<\/li>\n<li>Modelo del procesador: Helio G80<\/li>\n<li>N\u00famero de n\u00facleos de procesador: 8<\/li>\n<li>Frecuencia del procesador: 2 GHz<\/li>\n<li>Familia de procesador: MediaTek<\/li>\n<\/ul>\n<p><strong>Memoria<\/strong><\/p>\n<ul>\n<li>Memoria RAM: 4 GB<\/li>\n<li>Tipo de memoria interna: LPDDR4x-SDRAM<\/li>\n<\/ul>\n<p><strong>Exhibici\u00f3n<\/strong><\/p>\n<ul>\n<li>Tipo de pantalla: IPS<\/li>\n<li>Resoluci\u00f3n de la pantalla: 2000 x 1200<\/li>\n<li>Diagonal de la pantalla: 10,6&#8243;<\/li>\n<li>Brillo de pantalla: 400<\/li>\n<\/ul>\n<p><strong>Audio<\/strong><\/p>\n<ul>\n<li>Sistema de audio: Dolby Atmos<\/li>\n<li>N\u00famero de altavoces incorporados: 4<\/li>\n<\/ul>\n<p><strong>Puertos e Interfaces<\/strong><\/p>\n<ul>\n<li>Combo de salida de auriculares \/ micr\u00f3fono del puerto: S\u00ed<\/li>\n<li>N\u00famero de puertos USB 2.0 Tipo C: 1<\/li>\n<\/ul>\n<p><strong>Peso y dimensiones<\/strong><\/p>\n<ul>\n<li>Profundidad: 158,8 mm<\/li>\n<li>Altura: 7,45 mm<\/li>\n<li>Peso: 465 g<\/li>\n<li>Ancho: 251,2 mm<\/li>\n<\/ul>\n<p><strong>Control de energ\u00eda<\/strong><\/p>\n<ul>\n<li>Corriente de salida de adaptador AC: 2 A<\/li>\n<li>Voltaje de salida de adaptador AC: 5 V<\/li>\n<\/ul>\n<p><strong>Condiciones ambientales<\/strong><\/p>\n<ul>\n<li>Altitud de funcionamiento: 0 &#8211; 3048 m<\/li>\n<li>Intervalo de humedad relativa para funcionamiento: 0 &#8211; 95%<\/li>\n<li>Intervalo de temperatura operativa: 0 &#8211; 40\u00b0C<\/li>\n<\/ul>\n<p><strong>Medios de almacenaje<\/strong><\/p>\n<ul>\n<li>Unidad de almacenamiento: eMMC<\/li>\n<li>Tarjetas de memoria compatibles: MicroSD (TransFlash)<\/li>\n<li>Tarjeta de lectura integrada: S\u00ed<\/li>\n<li>Tama\u00f1o m\u00e1ximo de tarjeta de memoria: 1000 GB<\/li>\n<li>Memoria interna: 128 GB<\/li>\n<\/ul>\n<p><strong>Software<\/strong><\/p>\n<ul>\n<li>Plataforma: Android<\/li>\n<li>Sistema operativo instalado: Android 12<\/li>\n<\/ul>\n<p><strong>C\u00e1mara fotogr\u00e1fica<\/strong><\/p>\n<ul>\n<li>Resoluci\u00f3n de la c\u00e1mara trasera (num\u00e9rica): 8 MP<\/li>\n<li>C\u00e1mara frontal: S\u00ed<\/li>\n<li>Tipo de c\u00e1mara trasera: C\u00e1mara \u00fanica<\/li>\n<li>Resoluci\u00f3n de la c\u00e1mara frontal (num\u00e9rica): 8 MP<\/li>\n<\/ul>\n<p><strong>Bater\u00eda<\/strong><\/p>\n<ul>\n<li>Tiempo continuo de reproducci\u00f3n de video: 12 horas<\/li>\n<li>Tiempo de reposo: 672 horas<\/li>\n<li>Tiempo continuo de reproducci\u00f3n de audio: 60 horas<\/li>\n<li>Capacidad de bater\u00eda: 7500 mAh<\/li>\n<li>Tiempo de navegaci\u00f3n (Wi-Fi): 14 horas<\/li>\n<li>Tiempo de recarga de la bater\u00eda: 5 horas<\/li>\n<li>Tecnolog\u00eda de bater\u00eda: Pol\u00edmero de litio<\/li>\n<li>Bater\u00eda incluida: S\u00ed<\/li>\n<\/ul>\n<p><strong>Dise\u00f1o<\/strong><\/p>\n<ul>\n<li>Nombre del color: Storm Grey<\/li>\n<li>Color del producto: Gris<\/li>\n<li>Factor de forma: Pizarra<\/li>\n<li>Tipo de dispositivo: Tableta de tama\u00f1o completo<\/li>\n<\/ul>\n<p><strong>Gr\u00e1ficos<\/strong><\/p>\n<ul>\n<li>Graphics chipset: ARM<\/li>\n<li>Adaptador gr\u00e1fico: Mali-G52 MP2<\/li>\n<\/ul>\n<p><strong>Desempe\u00f1o<\/strong><\/p>\n<ul>\n<li>Aceler\u00f3metro: S\u00ed<\/li>\n<li>Sensor de luz ambiental: S\u00ed<\/li>\n<li>Sensor de proximidad: S\u00ed<\/li>\n<li>GPS (sat\u00e9lite): S\u00ed<\/li>\n<li>GLONASS: S\u00ed<\/li>\n<li>GPS: S\u00ed<\/li>\n<li>Giroscopio: S\u00ed<\/li>\n<\/ul>\n<p><strong>Conexi\u00f3n<\/strong><\/p>\n<ul>\n<li>Est\u00e1ndar Wi-Fi: Wi-Fi 5 (802.11ac)<\/li>\n<li>Versi\u00f3n de Bluetooth: 5.0<\/li>\n<li>Wi-Fi est\u00e1ndares: Wi-Fi 5 (802.11ac)<\/li>\n<li>Bluetooth: S\u00ed<\/li>\n<\/ul>\n<p><strong>Sostenibilidad<\/strong><\/p>\n<ul>\n<li>Certificados de sostenibilidad: ENERGY STAR, RoHS<\/li>\n<\/ul>\n<\/div>\n","protected":false},"excerpt":{"rendered":"<p>Procesador Fabricante de procesador: MediaTek Modelo del procesador: Helio G80 N\u00famero de n\u00facleos de procesador: 8 Frecuencia del procesador: 2<\/p>\n","protected":false},"featured_media":202948,"comment_status":"open","ping_status":"closed","template":"","meta":{"_joinchat":[]},"product_cat":[795,5856],"product_tag":[],"class_list":{"0":"post-202943","1":"product","2":"type-product","3":"status-publish","4":"has-post-thumbnail","6":"product_cat-electronica","7":"product_cat-tablets-electronica","9":"first","10":"instock","11":"taxable","12":"shipping-taxable","13":"purchasable","14":"product-type-simple"},"_links":{"self":[{"href":"https:\/\/desdropi.com\/elparque\/wp-json\/wp\/v2\/product\/202943"}],"collection":[{"href":"https:\/\/desdropi.com\/elparque\/wp-json\/wp\/v2\/product"}],"about":[{"href":"https:\/\/desdropi.com\/elparque\/wp-json\/wp\/v2\/types\/product"}],"replies":[{"embeddable":true,"href":"https:\/\/desdropi.com\/elparque\/wp-json\/wp\/v2\/comments?post=202943"}],"version-history":[{"count":0,"href":"https:\/\/desdropi.com\/elparque\/wp-json\/wp\/v2\/product\/202943\/revisions"}],"wp:featuredmedia":[{"embeddable":true,"href":"https:\/\/desdropi.com\/elparque\/wp-json\/wp\/v2\/media\/202948"}],"wp:attachment":[{"href":"https:\/\/desdropi.com\/elparque\/wp-json\/wp\/v2\/media?parent=202943"}],"wp:term":[{"taxonomy":"product_cat","embeddable":true,"href":"https:\/\/desdropi.com\/elparque\/wp-json\/wp\/v2\/product_cat?post=202943"},{"taxonomy":"product_tag","embeddable":true,"href":"https:\/\/desdropi.com\/elparque\/wp-json\/wp\/v2\/product_tag?post=202943"}],"curies":[{"name":"wp","href":"https:\/\/api.w.org\/{rel}","templated":true}]}}