{"id":203017,"date":"2023-09-07T19:08:35","date_gmt":"2023-09-07T17:08:35","guid":{"rendered":"https:\/\/desdropi.com\/elparque\/?post_type=product&#038;p=203017"},"modified":"2024-05-17T13:01:28","modified_gmt":"2024-05-17T11:01:28","slug":"secador-ufesa-my-glamour-set-plancha-pelo","status":"publish","type":"product","link":"https:\/\/desdropi.com\/elparque\/secador-ufesa-my-glamour-set-plancha-pelo\/","title":{"rendered":"SECADOR UFESA MY GLAMOUR SET + PLANCHA PELO"},"content":{"rendered":"<div class=\"descripcion-tab\">\n<p>Con My Glamour set podr\u00e1s\u00a0<strong>secar y alisar o rizar<\/strong>\u00a0tu cabello est\u00e9s donde est\u00e9s.<\/p>\n<p>Cuenta con un<strong>\u00a0secador de pelo<\/strong>\u00a0de lo m\u00e1s potente con 2200W, adem\u00e1s de 3 ajustes para\u00a0<strong>todo tipo de cabellos.<\/strong>\u00a0Podr\u00e1s escoger entre eco, max y golpe de aire fr\u00edo, para conseguir el acabado que desees. Ser\u00e1 perfecto para llevarlo de viaje, ya que al ser\u00a0<strong>plegable<\/strong>\u00a0no ocupa mucho. Incluye adem\u00e1s una boquilla concentradora y tiene un filtro extra\u00edble para facilitar su limpieza.<\/p>\n<p>La\u00a0<strong>plancha de pelo<\/strong>\u00a0tiene una temperatura \u00f3ptima de 200\u00baC. Las placas tienen\u00a0<strong>revestimiento de cer\u00e1mica<\/strong>\u00a0(ofreciendo una temperatura uniforme en todo el cabello) y son\u00a0<strong>flotantes y extra-largas<\/strong>\u00a0de 110 mm, para que plancharlo sea a\u00fan m\u00e1s f\u00e1cil y r\u00e1pido, incluso con pelo largo. Adem\u00e1s contiene un interruptor de encendido y apagado con indicador LED.<\/p>\n<p>Para poder guardar estos dos productos se incluye un\u00a0<strong>neceser premium de regalo<\/strong>, elegante y con dos compartimentos en el interior, adem\u00e1s es resistente al calor.<\/p>\n<p>Este pack es un regalo perfecto, con estos dos productos de alta calidad sorprender\u00e1s.<\/p>\n<p><strong>Control de energ\u00eda<\/strong><\/p>\n<ul>\n<li>Potencia: 2200 W<\/li>\n<\/ul>\n<p><strong>Contenido del embalaje<\/strong><\/p>\n<ul>\n<li>Boquilla concentradora: S\u00ed<\/li>\n<\/ul>\n<p><strong>Desempe\u00f1o<\/strong><\/p>\n<ul>\n<li>Funci\u00f3n i\u00f3nica: No<\/li>\n<\/ul>\n<p><strong>Caracter\u00edsticas<\/strong><\/p>\n<ul>\n<li>Color del producto: Negro, bronce<\/li>\n<li>Ajuste de calefacci\u00f3n: 3<\/li>\n<li>Filtrado: S\u00ed<\/li>\n<li>Mango plegable: S\u00ed<\/li>\n<li>Para colgar: No<\/li>\n<li>Dise\u00f1ado para viaje: S\u00ed<\/li>\n<li>Filtro extra\u00edble: S\u00ed<\/li>\n<\/ul>\n<\/div>\n","protected":false},"excerpt":{"rendered":"<p>Con My Glamour set podr\u00e1s\u00a0secar y alisar o rizar\u00a0tu cabello est\u00e9s donde est\u00e9s. Cuenta con un\u00a0secador de pelo\u00a0de lo m\u00e1s<\/p>\n","protected":false},"featured_media":203020,"comment_status":"open","ping_status":"closed","template":"","meta":{"_joinchat":[]},"product_cat":[6511,6510,6097],"product_tag":[],"class_list":{"0":"post-203017","1":"product","2":"type-product","3":"status-publish","4":"has-post-thumbnail","6":"product_cat-secadores-de-pelo","7":"product_cat-vello-y-pelo","8":"product_cat-cuidado-personal","10":"first","11":"instock","12":"taxable","13":"shipping-taxable","14":"purchasable","15":"product-type-simple"},"_links":{"self":[{"href":"https:\/\/desdropi.com\/elparque\/wp-json\/wp\/v2\/product\/203017"}],"collection":[{"href":"https:\/\/desdropi.com\/elparque\/wp-json\/wp\/v2\/product"}],"about":[{"href":"https:\/\/desdropi.com\/elparque\/wp-json\/wp\/v2\/types\/product"}],"replies":[{"embeddable":true,"href":"https:\/\/desdropi.com\/elparque\/wp-json\/wp\/v2\/comments?post=203017"}],"version-history":[{"count":0,"href":"https:\/\/desdropi.com\/elparque\/wp-json\/wp\/v2\/product\/203017\/revisions"}],"wp:featuredmedia":[{"embeddable":true,"href":"https:\/\/desdropi.com\/elparque\/wp-json\/wp\/v2\/media\/203020"}],"wp:attachment":[{"href":"https:\/\/desdropi.com\/elparque\/wp-json\/wp\/v2\/media?parent=203017"}],"wp:term":[{"taxonomy":"product_cat","embeddable":true,"href":"https:\/\/desdropi.com\/elparque\/wp-json\/wp\/v2\/product_cat?post=203017"},{"taxonomy":"product_tag","embeddable":true,"href":"https:\/\/desdropi.com\/elparque\/wp-json\/wp\/v2\/product_tag?post=203017"}],"curies":[{"name":"wp","href":"https:\/\/api.w.org\/{rel}","templated":true}]}}