{"id":203023,"date":"2023-09-07T19:18:33","date_gmt":"2023-09-07T17:18:33","guid":{"rendered":"https:\/\/desdropi.com\/elparque\/?post_type=product&#038;p=203023"},"modified":"2024-05-17T13:01:28","modified_gmt":"2024-05-17T11:01:28","slug":"television-samsung-75-tu75cu7105-crystal-uhd-smart-tv","status":"publish","type":"product","link":"https:\/\/desdropi.com\/elparque\/television-samsung-75-tu75cu7105-crystal-uhd-smart-tv\/","title":{"rendered":"TELEVISION SAMSUNG 75&#8243; TU75CU7105 CRYSTAL UHD SMART TV"},"content":{"rendered":"<div class=\"descripcion-tab\"><strong>Exhibici\u00f3n<\/strong><\/p>\n<ul>\n<li>Pulgadas: 75&#8243;<\/li>\n<li>Resoluci\u00f3n: 4K Ultra HD<\/li>\n<li>Resoluci\u00f3n de la pantalla: 3840 x 2160<\/li>\n<li>Tecnolog\u00eda del panel: LED<\/li>\n<li>Relaci\u00f3n de aspecto nativa: 16:9<\/li>\n<li>Tecnolog\u00eda de interpolaci\u00f3n de movimiento: Motion Xcelerator<\/li>\n<li>Frecuencia nativa de refresco: 50 Hz<\/li>\n<li>Diagonal de pantalla: 189 cm<\/li>\n<li>Nombre comercial de la relaci\u00f3n de contraste din\u00e1mico: Mega Contrast<\/li>\n<li>Tipo de matriz: VA<\/li>\n<li>Retroiluminaci\u00f3n del panel: Edge LED<\/li>\n<li>Forma de la pantalla: Plana<\/li>\n<\/ul>\n<p><strong>Audio<\/strong><\/p>\n<ul>\n<li>N\u00famero de altavoces: 2<\/li>\n<li>Potencia estimada RMS: 20 W<\/li>\n<li>Tecnolog\u00edas de decodificaci\u00f3n de audio: Dolby Digital Plus<\/li>\n<li>Audio pre-selection descriptor: S\u00ed<\/li>\n<li>Adaptive sound: S\u00ed<\/li>\n<li>Q-Symphony: S\u00ed<\/li>\n<li>Multiroom: S\u00ed<\/li>\n<li>Multiroom audio technology: Samsung Multiroom Link<\/li>\n<li>Object Tracking Sound+ (OTS+): OTS Lite<\/li>\n<\/ul>\n<p><strong>Puertos e Interfaces<\/strong><\/p>\n<ul>\n<li>N\u00famero de puertos HDMI: 3<\/li>\n<li>PC (D-Sub): No<\/li>\n<li>Ethernet LAN (RJ-45) cantidad de puertos: 1<\/li>\n<li>Cantidad de puertos USB 2.0: 1<\/li>\n<li>Audio digital, salida \u00f3ptica: 1<\/li>\n<li>N\u00famero de puertos RF: 2<\/li>\n<li>Interfaz com\u00fan: S\u00ed<\/li>\n<li>Interfaz com\u00fan Plus (CI+): S\u00ed<\/li>\n<li>Versi\u00f3n Common interface Plus (CI+): 1.4<\/li>\n<li>Control de electr\u00f3nica de consumo (CEC): Anynet+<\/li>\n<\/ul>\n<p><strong>Peso y dimensiones<\/strong><\/p>\n<ul>\n<li>Ancho del dispositivo (con soporte): 1673 mm<\/li>\n<li>Ancho (sin base): 1673 mm<\/li>\n<li>Profundidad (sin base): 60 mm<\/li>\n<li>Altura (sin base): 958 mm<\/li>\n<li>Profundidad del dispositivo (con soporte): 341 mm<\/li>\n<li>Altura del dispositivo (con soporte): 1048 mm<\/li>\n<li>Ancho del soporte: 1426 mm<\/li>\n<li>Profundidad del soporte: 341 mm<\/li>\n<li>Peso (con soporte): 30.8 kg<\/li>\n<li>Peso (sin base): 30.4 kg<\/li>\n<\/ul>\n<p><strong>Control de energ\u00eda<\/strong><\/p>\n<ul>\n<li>Energy efficiency class (SDR): F<\/li>\n<li>Energy efficiency class (HDR): G<\/li>\n<li>Energy consumption (SDR) per 1000 hours: 129 kWh<\/li>\n<li>Energy consumption (HDR) per 1000 hours: 229 kWh<\/li>\n<li>Consumo de energ\u00eda (inactivo): 0.5 W<\/li>\n<li>Consumo de energ\u00eda (m\u00e1x.): 250 W<\/li>\n<li>Voltaje de entrada AC: 220-240 V<\/li>\n<li>Frecuencia de entrada AC: 50\/60 Hz<\/li>\n<li>Modo de ahorro de energ\u00eda: S\u00ed<\/li>\n<\/ul>\n<p><strong>Empaquetado<\/strong><\/p>\n<ul>\n<li>Cables incluidos: Corriente alterna<\/li>\n<li>Tipo de control remoto: TM2240<\/li>\n<li>Mando a distancia incluido: S\u00ed<\/li>\n<li>Manual electr\u00f3nico: S\u00ed<\/li>\n<li>Tipo de embalaje: Caja<\/li>\n<\/ul>\n<p><strong>Sintonizador de la TV<\/strong><\/p>\n<ul>\n<li>Tipo de sintonizador: Anal\u00f3gico y digital<\/li>\n<li>Autob\u00fasqueda de canal: S\u00ed<\/li>\n<li>Formato de se\u00f1al digital: DVB-C, DVB-T2<\/li>\n<\/ul>\n<p><strong>Caracter\u00edsticas de administraci\u00f3n<\/strong><\/p>\n<ul>\n<li>Voice guide: S\u00ed<\/li>\n<li>Gu\u00eda electr\u00f3nica de programaci\u00f3n: S\u00ed<\/li>\n<li>Exhibici\u00f3n en pantalla (OSD): S\u00ed<\/li>\n<li>N\u00famero de lenguajes OSD: 27<\/li>\n<li>Apagado autom\u00e1tico: S\u00ed<\/li>\n<\/ul>\n<p><strong>Dise\u00f1o<\/strong><\/p>\n<ul>\n<li>Color del producto: Negro<\/li>\n<li>Montaje VESA: S\u00ed<\/li>\n<li>Interfaz de panel de montaje: 400 x 400<\/li>\n<li>Bezel type: 3 Bezel-less<\/li>\n<li>Tipo de soporte: Base de patas<\/li>\n<\/ul>\n<p><strong>Desempe\u00f1o<\/strong><\/p>\n<ul>\n<li>Alto Rango Din\u00e1mico (HDR): S\u00ed<\/li>\n<li>High Dynamic Range (HDR) technology: High Dynamic Range 10+ (HDR10 Plus), Hybrid Log-Gamma (HLG)<\/li>\n<li>Modo de juego: S\u00ed<\/li>\n<li>Funciones de teletexto: S\u00ed<\/li>\n<li>Funci\u00f3n de subt\u00edtulos: S\u00ed<\/li>\n<li>Eco sensor: S\u00ed<\/li>\n<li>Brightness detection: S\u00ed<\/li>\n<li>Detecci\u00f3n del color: S\u00ed<\/li>\n<li>TV key support: S\u00ed<\/li>\n<li>Reducci\u00f3n de ruido: S\u00ed<\/li>\n<li>Game features: Modo autom\u00e1tico de baja latencia (ALLM, Auto Low Latency Mode), Game Bar, HGiG<\/li>\n<li>Tecnolog\u00edas espec\u00edficas: Micro dimming, Motion xcelerator<\/li>\n<li>Compatibilidad con la aplicaci\u00f3n SmartThings: S\u00ed<\/li>\n<li>Tap view: S\u00ed<\/li>\n<li>Compatibilidad con Wireless Dex: S\u00ed<\/li>\n<li>Funci\u00f3n Multi View: S\u00ed<\/li>\n<li>Grabaci\u00f3n USB: No<\/li>\n<li>PurColor: S\u00ed<\/li>\n<\/ul>\n<p><strong>Smart TV<\/strong><\/p>\n<ul>\n<li>HbbTV: S\u00ed<\/li>\n<li>Hybrid Broadcast Broadband TV (HbbTV) version: 2.0.3<\/li>\n<li>Universal guide: S\u00ed<\/li>\n<li>Aplicaciones de v\u00eddeo: Samsung TV Plus<\/li>\n<li>TV por Internet: S\u00ed<\/li>\n<li>Smart TV: S\u00ed<\/li>\n<li>Sistema operativo instalado: Tizen<\/li>\n<\/ul>\n<p><strong>Conexi\u00f3n<\/strong><\/p>\n<ul>\n<li>Wifi: S\u00ed<\/li>\n<li>Ethernet: S\u00ed<\/li>\n<li>Wi-Fi est\u00e1ndares: Wi-Fi 5 (802.11ac)<\/li>\n<li>Versi\u00f3n de Bluetooth: 5.2<\/li>\n<li>Bluetooth: S\u00ed<\/li>\n<\/ul>\n<\/div>\n","protected":false},"excerpt":{"rendered":"<p><a href=\"https:\/\/desdropi.com\/elparque\/wp-content\/uploads\/261081.pdf\" target=\"_blank\" rel=\"noopener\"><img decoding=\"async\" class=\"alignnone wp-image-205373 size-full\" src=\"https:\/\/desdropi.com\/elparque\/wp-content\/uploads\/eficiencia-F.png\" alt=\"\" width=\"56\" height=\"33\" \/><\/a><\/p>\n<p><a style=\"text-decoration: underline;\" href=\"https:\/\/desdropi.com\/elparque\/wp-content\/uploads\/261081.2.pdf\" target=\"_blank\" rel=\"noopener\">Ficha de informaci\u00f3n de producto<\/a><\/p>\n","protected":false},"featured_media":203026,"comment_status":"open","ping_status":"closed","template":"","meta":{"_joinchat":[]},"product_cat":[6464,7069,795],"product_tag":[],"class_list":{"0":"post-203023","1":"product","2":"type-product","3":"status-publish","4":"has-post-thumbnail","6":"product_cat-televisores-electronica","7":"product_cat-tv-60-79","8":"product_cat-electronica","10":"first","11":"instock","12":"sale","13":"taxable","14":"shipping-taxable","15":"purchasable","16":"product-type-simple"},"_links":{"self":[{"href":"https:\/\/desdropi.com\/elparque\/wp-json\/wp\/v2\/product\/203023"}],"collection":[{"href":"https:\/\/desdropi.com\/elparque\/wp-json\/wp\/v2\/product"}],"about":[{"href":"https:\/\/desdropi.com\/elparque\/wp-json\/wp\/v2\/types\/product"}],"replies":[{"embeddable":true,"href":"https:\/\/desdropi.com\/elparque\/wp-json\/wp\/v2\/comments?post=203023"}],"version-history":[{"count":0,"href":"https:\/\/desdropi.com\/elparque\/wp-json\/wp\/v2\/product\/203023\/revisions"}],"wp:featuredmedia":[{"embeddable":true,"href":"https:\/\/desdropi.com\/elparque\/wp-json\/wp\/v2\/media\/203026"}],"wp:attachment":[{"href":"https:\/\/desdropi.com\/elparque\/wp-json\/wp\/v2\/media?parent=203023"}],"wp:term":[{"taxonomy":"product_cat","embeddable":true,"href":"https:\/\/desdropi.com\/elparque\/wp-json\/wp\/v2\/product_cat?post=203023"},{"taxonomy":"product_tag","embeddable":true,"href":"https:\/\/desdropi.com\/elparque\/wp-json\/wp\/v2\/product_tag?post=203023"}],"curies":[{"name":"wp","href":"https:\/\/api.w.org\/{rel}","templated":true}]}}