{"id":203041,"date":"2023-09-08T00:32:43","date_gmt":"2023-09-07T22:32:43","guid":{"rendered":"https:\/\/desdropi.com\/elparque\/lavadora-bosch-wgg254z1es-10kg-1400rpm\/"},"modified":"2024-05-18T23:54:21","modified_gmt":"2024-05-18T21:54:21","slug":"lavadora-bosch-wgg254z1es-10kg-1400rpm","status":"publish","type":"product","link":"https:\/\/desdropi.com\/elparque\/lavadora-bosch-wgg254z1es-10kg-1400rpm\/","title":{"rendered":"lavadora bosch wgg254z1es 10kg 1400rpm"},"content":{"rendered":"<div class=\"descripcion-tab\"><strong>Peso y dimensiones<\/strong><\/p>\n<ul>\n<li>Ancho: 598 mm<\/li>\n<li>Profundidad: 632 mm<\/li>\n<li>Altura: 845 mm<\/li>\n<li>Peso: 75,4 kg<\/li>\n<li>Profundidad con puerta abierta: 104,9 mm<\/li>\n<\/ul>\n<p><strong>Control de energ\u00eda<\/strong><\/p>\n<ul>\n<li>Energy efficiency scale: De la A a la G<\/li>\n<li>Consumo de energ\u00eda por 100 ciclos: 51 kWh<\/li>\n<li>Consumo de agua por ciclo de lavado: 50 litros<\/li>\n<li>Voltaje de entrada AC: 220 &#8211; 240 V<\/li>\n<li>Frecuencia de entrada AC: 50 &#8211; 60 Hz<\/li>\n<li>Clase eficiencia de energ\u00eda: A<\/li>\n<\/ul>\n<p><strong>Ergonom\u00eda<\/strong><\/p>\n<ul>\n<li>Parte superior extra\u00edble: S\u00ed<\/li>\n<li>Indicador tiempo restante de lavado: S\u00ed<\/li>\n<li>Iluminaci\u00f3n interior del tambor: No<\/li>\n<li>Sistema de dosificaci\u00f3n autom\u00e1tica: No<\/li>\n<\/ul>\n<p><strong>Dise\u00f1o<\/strong><\/p>\n<ul>\n<li>Tipo de instalaci\u00f3n: Independiente<\/li>\n<li>Carga: Frontal<\/li>\n<li>Color del producto: Blanco<\/li>\n<li>Volumen de tambor: 70 litros<\/li>\n<li>Longitud del cable: 1,6 m<\/li>\n<li>Pantalla incorporada: S\u00ed<\/li>\n<li>Tipo de visualizador: LED<\/li>\n<li>Tipo de control: Giratorio, Tocar<\/li>\n<li>Bisagra para puerta: Izquierda<\/li>\n<li>Door opening: Apertura lateral<\/li>\n<li>Color de la puerta: Negro<\/li>\n<li>Door handle colour: Negro<\/li>\n<li>Ventana de visi\u00f3n: S\u00ed<\/li>\n<\/ul>\n<p><strong>Desempe\u00f1o<\/strong><\/p>\n<ul>\n<li>Capacidad de carga: 10 kg<\/li>\n<li>Revoluciones m\u00e1ximas de centrifugado: 1400 rpm<\/li>\n<li>Clase de emisi\u00f3n de ruido: B<\/li>\n<li>Nivel de ruido (centrifugado): 74 dB<\/li>\n<li>AquaStop funci\u00f3n: No<\/li>\n<li>Funci\u00f3n pausa y carga: S\u00ed<\/li>\n<li>Programas de lavado: Aclarado, Desaguar \/ Centrifugar, F\u00e1cil plancha con vapor, Mix, Sport, R\u00e1pido 15\/30 min, Ropa oscura<\/li>\n<li>Velocidad de rotaci\u00f3n ajustable: S\u00ed<\/li>\n<li>Temperatura ajustable: S\u00ed<\/li>\n<li>Clase de secado por giro: B<\/li>\n<li>Detecci\u00f3n autom\u00e1tica de carga: S\u00ed<\/li>\n<li>Water Plus: S\u00ed<\/li>\n<li>Control autom\u00e1tico de carga: S\u00ed<\/li>\n<li>Sistema control espuma: S\u00ed<\/li>\n<li>Aplicaciones de control compatibles: No<\/li>\n<\/ul>\n<\/div>\n","protected":false},"excerpt":{"rendered":"<p><a href=\"https:\/\/desdropi.com\/elparque\/wp-content\/uploads\/19649.pdf\" target=\"_blank\" rel=\"noopener\"><img decoding=\"async\" class=\"alignnone wp-image-205373 size-full\" src=\"https:\/\/desdropi.com\/elparque\/wp-content\/uploads\/eficiencia-A.png\" alt=\"\" width=\"56\" height=\"33\" \/><\/a><\/p>\n<p><a style=\"text-decoration: underline;\" href=\"https:\/\/desdropi.com\/elparque\/wp-content\/uploads\/19649.2.pdf\" target=\"_blank\" rel=\"noopener\">Ficha de informaci\u00f3n de producto<\/a><\/p>\n","protected":false},"featured_media":203042,"comment_status":"open","ping_status":"closed","template":"","meta":{"_joinchat":[]},"product_cat":[6444,6443,780],"product_tag":[],"class_list":{"0":"post-203041","1":"product","2":"type-product","3":"status-publish","4":"has-post-thumbnail","6":"product_cat-carga-frontal-lavadoras","7":"product_cat-lavadoras","8":"product_cat-gran-electrodomestico","9":"pa_marca-bosch","11":"first","12":"instock","13":"sale","14":"taxable","15":"shipping-taxable","16":"purchasable","17":"product-type-simple"},"_links":{"self":[{"href":"https:\/\/desdropi.com\/elparque\/wp-json\/wp\/v2\/product\/203041"}],"collection":[{"href":"https:\/\/desdropi.com\/elparque\/wp-json\/wp\/v2\/product"}],"about":[{"href":"https:\/\/desdropi.com\/elparque\/wp-json\/wp\/v2\/types\/product"}],"replies":[{"embeddable":true,"href":"https:\/\/desdropi.com\/elparque\/wp-json\/wp\/v2\/comments?post=203041"}],"version-history":[{"count":0,"href":"https:\/\/desdropi.com\/elparque\/wp-json\/wp\/v2\/product\/203041\/revisions"}],"wp:featuredmedia":[{"embeddable":true,"href":"https:\/\/desdropi.com\/elparque\/wp-json\/wp\/v2\/media\/203042"}],"wp:attachment":[{"href":"https:\/\/desdropi.com\/elparque\/wp-json\/wp\/v2\/media?parent=203041"}],"wp:term":[{"taxonomy":"product_cat","embeddable":true,"href":"https:\/\/desdropi.com\/elparque\/wp-json\/wp\/v2\/product_cat?post=203041"},{"taxonomy":"product_tag","embeddable":true,"href":"https:\/\/desdropi.com\/elparque\/wp-json\/wp\/v2\/product_tag?post=203041"}],"curies":[{"name":"wp","href":"https:\/\/api.w.org\/{rel}","templated":true}]}}